{"id":54554,"date":"2024-01-30T00:00:00","date_gmt":"2024-01-29T23:00:00","guid":{"rendered":"https:\/\/partyinabox.dk\/party\/?post_type=product&#038;p=54554"},"modified":"2026-05-01T11:46:02","modified_gmt":"2026-05-01T09:46:02","slug":"enhjoerning-dug","status":"publish","type":"product","link":"https:\/\/partyinabox.dk\/party\/vare\/enhjoerning-dug\/","title":{"rendered":"Enhj\u00f8rning Dug"},"content":{"rendered":"<p>Forvandl ethvert bord til et magisk landskab med en enhj\u00f8rning dug, der indbyder til eventyr og leg. Lys op hver samling med farverige regnbuer og springende enhj\u00f8rninger blandt blomstrende scenerier. Denne dug er mere end blot en beskyttelse mod spild den er en portal til en verden, hvor fantasien f\u00e5r frit l\u00f8b. Perfekt til b\u00f8rnef\u00f8dselsdage eller enhver festlig lejlighed, hvor dr\u00f8mme og virkelighed m\u00f8des over et bord d\u00e6kket af eventyr.<\/p>\n","protected":false},"excerpt":{"rendered":"<p>Forvandl ethvert bord til et magisk landskab med en enhj\u00f8rning dug, der indbyder til eventyr og leg. Lys op hver samling med farverige regnbuer og springende enhj\u00f8rninger blandt blomstrende scenerier. Denne dug er mere end blot en beskyttelse mod spild [&hellip;]<\/p>\n","protected":false},"featured_media":54555,"template":"","meta":{"_acf_changed":false},"product_brand":[],"product_cat":[32],"product_tag":[],"class_list":{"0":"post-54554","1":"product","2":"type-product","3":"status-publish","4":"has-post-thumbnail","6":"product_cat-service","7":"pa_item-color-lyseblaa","8":"pa_item-color-pink","9":"pa_item-group-borddekoration","10":"pa_item-subgroup-duge","11":"pa_pakken-indeholder-dug","12":"pa_tema_tax-fantasy-fairytale","13":"pa_under-tema-unicorn","15":"first","16":"instock","17":"taxable","18":"shipping-taxable","19":"purchasable","20":"product-type-simple"},"bundled_by":[],"bundle_stock_status":"instock","bundle_stock_quantity":30,"bundle_virtual":false,"bundle_layout":"","bundle_add_to_cart_form_location":"","bundle_editable_in_cart":false,"bundle_sold_individually_context":"","bundle_item_grouping":"","bundle_min_size":"","bundle_max_size":"","bundle_price":[],"bundled_items":[],"bundle_sell_ids":[],"acf":[],"tiered_pricing_type":"fixed","tiered_pricing_fixed_rules":[],"tiered_pricing_product_settings":{"layout":"default","base_unit_name":{"singular":null,"plural":null},"default_variation":null},"tiered_pricing_minimum_quantity":null,"tiered_pricing_roles_data":[],"tiered_pricing_percentage_rules":[],"tiered_pricing_maximum_quantity":null,"tiered_pricing_quantity_step":null,"_links":{"self":[{"href":"https:\/\/partyinabox.dk\/party\/wp-json\/wp\/v2\/product\/54554","targetHints":{"allow":["GET"]}}],"collection":[{"href":"https:\/\/partyinabox.dk\/party\/wp-json\/wp\/v2\/product"}],"about":[{"href":"https:\/\/partyinabox.dk\/party\/wp-json\/wp\/v2\/types\/product"}],"wp:featuredmedia":[{"embeddable":true,"href":"https:\/\/partyinabox.dk\/party\/wp-json\/wp\/v2\/media\/54555"}],"wp:attachment":[{"href":"https:\/\/partyinabox.dk\/party\/wp-json\/wp\/v2\/media?parent=54554"}],"wp:term":[{"taxonomy":"product_brand","embeddable":true,"href":"https:\/\/partyinabox.dk\/party\/wp-json\/wp\/v2\/product_brand?post=54554"},{"taxonomy":"product_cat","embeddable":true,"href":"https:\/\/partyinabox.dk\/party\/wp-json\/wp\/v2\/product_cat?post=54554"},{"taxonomy":"product_tag","embeddable":true,"href":"https:\/\/partyinabox.dk\/party\/wp-json\/wp\/v2\/product_tag?post=54554"}],"curies":[{"name":"wp","href":"https:\/\/api.w.org\/{rel}","templated":true}]}}