{"id":54542,"date":"2024-01-30T00:00:00","date_gmt":"2024-01-29T23:00:00","guid":{"rendered":"https:\/\/partyinabox.dk\/party\/?post_type=product&#038;p=54542"},"modified":"2026-04-14T13:26:59","modified_gmt":"2026-04-14T11:26:59","slug":"my-little-pony-hjerte-folieballon","status":"publish","type":"product","link":"https:\/\/partyinabox.dk\/party\/vare\/my-little-pony-hjerte-folieballon\/","title":{"rendered":"My Little Pony\u00ae Hjerte Folieballon"},"content":{"rendered":"<p>Forestil dig b\u00f8rnenes str\u00e5lende \u00f8jne, n\u00e5r de opdager en hjerteformet folieballon, der sv\u00e6ver som et eventyr i lokalet. Denne ballon, i bl\u00f8de toner af lilla og lyser\u00f8d, tilf\u00f8rer et magisk touch til enhver fest. Med lidt helium vil den sv\u00e6ve med i festlighederne i dagevis, skabende uforglemmelige minder. Perfekt til at tilf\u00f8je gl\u00e6de og fantasi, er det en skinnende inviter til at lade gl\u00e6den og eventyret begynde!<\/p>\n","protected":false},"excerpt":{"rendered":"<p>Forestil dig b\u00f8rnenes str\u00e5lende \u00f8jne, n\u00e5r de opdager en hjerteformet folieballon, der sv\u00e6ver som et eventyr i lokalet. Denne ballon, i bl\u00f8de toner af lilla og lyser\u00f8d, tilf\u00f8rer et magisk touch til enhver fest. Med lidt helium vil den sv\u00e6ve [&hellip;]<\/p>\n","protected":false},"featured_media":54543,"template":"","meta":{"_acf_changed":false},"product_brand":[],"product_cat":[30],"product_tag":[],"class_list":{"0":"post-54542","1":"product","2":"type-product","3":"status-publish","4":"has-post-thumbnail","6":"product_cat-balloner","7":"pa_item-color-lilla","8":"pa_item-color-lyseroed","9":"pa_item-group-balloner","10":"pa_item-subgroup-folieballoner","11":"pa_pakken-indeholder-folieballon","12":"pa_tema_tax-kids-tv","13":"pa_under-tema-my-little-pony","15":"first","16":"instock","17":"taxable","18":"shipping-taxable","19":"purchasable","20":"product-type-simple"},"bundled_by":[],"bundle_stock_status":"instock","bundle_stock_quantity":9,"bundle_virtual":false,"bundle_layout":"","bundle_add_to_cart_form_location":"","bundle_editable_in_cart":false,"bundle_sold_individually_context":"","bundle_item_grouping":"","bundle_min_size":"","bundle_max_size":"","bundle_price":[],"bundled_items":[],"bundle_sell_ids":[],"acf":[],"tiered_pricing_type":"fixed","tiered_pricing_fixed_rules":[],"tiered_pricing_product_settings":{"layout":"default","base_unit_name":{"singular":null,"plural":null},"default_variation":null},"tiered_pricing_minimum_quantity":null,"tiered_pricing_roles_data":[],"tiered_pricing_percentage_rules":[],"tiered_pricing_maximum_quantity":null,"tiered_pricing_quantity_step":null,"_links":{"self":[{"href":"https:\/\/partyinabox.dk\/party\/wp-json\/wp\/v2\/product\/54542","targetHints":{"allow":["GET"]}}],"collection":[{"href":"https:\/\/partyinabox.dk\/party\/wp-json\/wp\/v2\/product"}],"about":[{"href":"https:\/\/partyinabox.dk\/party\/wp-json\/wp\/v2\/types\/product"}],"wp:featuredmedia":[{"embeddable":true,"href":"https:\/\/partyinabox.dk\/party\/wp-json\/wp\/v2\/media\/54543"}],"wp:attachment":[{"href":"https:\/\/partyinabox.dk\/party\/wp-json\/wp\/v2\/media?parent=54542"}],"wp:term":[{"taxonomy":"product_brand","embeddable":true,"href":"https:\/\/partyinabox.dk\/party\/wp-json\/wp\/v2\/product_brand?post=54542"},{"taxonomy":"product_cat","embeddable":true,"href":"https:\/\/partyinabox.dk\/party\/wp-json\/wp\/v2\/product_cat?post=54542"},{"taxonomy":"product_tag","embeddable":true,"href":"https:\/\/partyinabox.dk\/party\/wp-json\/wp\/v2\/product_tag?post=54542"}],"curies":[{"name":"wp","href":"https:\/\/api.w.org\/{rel}","templated":true}]}}