{"id":54450,"date":"2024-01-24T00:00:00","date_gmt":"2024-01-23T23:00:00","guid":{"rendered":"https:\/\/partyinabox.dk\/party\/?post_type=product&#038;p=54450"},"modified":"2026-04-16T02:31:45","modified_gmt":"2026-04-16T00:31:45","slug":"paw-patrol-chase-folieballon","status":"publish","type":"product","link":"https:\/\/partyinabox.dk\/party\/vare\/paw-patrol-chase-folieballon\/","title":{"rendered":"Paw Patrol\u00ae Chase Folieballon"},"content":{"rendered":"<p>Til det lille Paw Patrol-entusiast, er denne Chase Folieballon den perfekte tilf\u00f8jelse til en actionfyldt b\u00f8rnef\u00f8dselsdag! Med den modige politihund Chase, kl\u00e6dt i hans ikoniske bl\u00e5 uniform og politihat, vil denne ballon straks bringe gl\u00e6de og eventyr til festen. Det er en sikker m\u00e5de at imponere og gl\u00e6de fans af de heltemodige hunde, og skabe en uforglemmelig dag fyldt med Paw Patrol-magi!<\/p>\n","protected":false},"excerpt":{"rendered":"<p>Til det lille Paw Patrol-entusiast, er denne Chase Folieballon den perfekte tilf\u00f8jelse til en actionfyldt b\u00f8rnef\u00f8dselsdag! Med den modige politihund Chase, kl\u00e6dt i hans ikoniske bl\u00e5 uniform og politihat, vil denne ballon straks bringe gl\u00e6de og eventyr til festen. Det [&hellip;]<\/p>\n","protected":false},"featured_media":54451,"template":"","meta":{"_acf_changed":false},"product_brand":[],"product_cat":[30],"product_tag":[],"class_list":{"0":"post-54450","1":"product","2":"type-product","3":"status-publish","4":"has-post-thumbnail","6":"product_cat-balloner","7":"pa_item-color-blaa","8":"pa_item-color-brun","9":"pa_item-group-balloner","10":"pa_item-subgroup-folieballoner","11":"pa_pakken-indeholder-folieballon","12":"pa_tema_tax-kids-tv","13":"pa_under-tema-paw-patrol","15":"first","16":"instock","17":"taxable","18":"shipping-taxable","19":"purchasable","20":"product-type-simple"},"bundled_by":[],"bundle_stock_status":"instock","bundle_stock_quantity":26,"bundle_virtual":false,"bundle_layout":"","bundle_add_to_cart_form_location":"","bundle_editable_in_cart":false,"bundle_sold_individually_context":"","bundle_item_grouping":"","bundle_min_size":"","bundle_max_size":"","bundle_price":[],"bundled_items":[],"bundle_sell_ids":[],"acf":[],"tiered_pricing_type":"fixed","tiered_pricing_fixed_rules":[],"tiered_pricing_product_settings":{"layout":"default","base_unit_name":{"singular":null,"plural":null},"default_variation":null},"tiered_pricing_minimum_quantity":null,"tiered_pricing_roles_data":[],"tiered_pricing_percentage_rules":[],"tiered_pricing_maximum_quantity":null,"tiered_pricing_quantity_step":null,"_links":{"self":[{"href":"https:\/\/partyinabox.dk\/party\/wp-json\/wp\/v2\/product\/54450","targetHints":{"allow":["GET"]}}],"collection":[{"href":"https:\/\/partyinabox.dk\/party\/wp-json\/wp\/v2\/product"}],"about":[{"href":"https:\/\/partyinabox.dk\/party\/wp-json\/wp\/v2\/types\/product"}],"wp:featuredmedia":[{"embeddable":true,"href":"https:\/\/partyinabox.dk\/party\/wp-json\/wp\/v2\/media\/54451"}],"wp:attachment":[{"href":"https:\/\/partyinabox.dk\/party\/wp-json\/wp\/v2\/media?parent=54450"}],"wp:term":[{"taxonomy":"product_brand","embeddable":true,"href":"https:\/\/partyinabox.dk\/party\/wp-json\/wp\/v2\/product_brand?post=54450"},{"taxonomy":"product_cat","embeddable":true,"href":"https:\/\/partyinabox.dk\/party\/wp-json\/wp\/v2\/product_cat?post=54450"},{"taxonomy":"product_tag","embeddable":true,"href":"https:\/\/partyinabox.dk\/party\/wp-json\/wp\/v2\/product_tag?post=54450"}],"curies":[{"name":"wp","href":"https:\/\/api.w.org\/{rel}","templated":true}]}}