{"id":54438,"date":"2024-01-24T00:00:00","date_gmt":"2024-01-23T23:00:00","guid":{"rendered":"https:\/\/partyinabox.dk\/party\/?post_type=product&#038;p=54438"},"modified":"2026-03-13T11:06:57","modified_gmt":"2026-03-13T10:06:57","slug":"lama-folieballon","status":"publish","type":"product","link":"https:\/\/partyinabox.dk\/party\/vare\/lama-folieballon\/","title":{"rendered":"Lama Folieballon"},"content":{"rendered":"<p>Liv op dit n\u00e6ste festarrangement med vores sprudlende Lama Folieballon! Inspireret af det popul\u00e6re Fortnite-spil, denne ballon fanger \u00f8jeblikkeligt opm\u00e6rksomheden med sine livlige bl\u00e5 nuancer. En festfavorit for alle gaming-entusiaster, den tilf\u00f8jer et sjovt og farverigt element til enhver b\u00f8rnef\u00f8dselsdag eller temaevent. Denne ballon er mere end bare en dekoration den er en overraskelse, der vil gl\u00e6de enhver Fortnite-fan. G\u00f8r din fejring ekstra speciel og start festen med et smil med vores charmerende Lama Folieballon!<\/p>\n","protected":false},"excerpt":{"rendered":"<p>Liv op dit n\u00e6ste festarrangement med vores sprudlende Lama Folieballon! Inspireret af det popul\u00e6re Fortnite-spil, denne ballon fanger \u00f8jeblikkeligt opm\u00e6rksomheden med sine livlige bl\u00e5 nuancer. En festfavorit for alle gaming-entusiaster, den tilf\u00f8jer et sjovt og farverigt element til enhver b\u00f8rnef\u00f8dselsdag [&hellip;]<\/p>\n","protected":false},"featured_media":54439,"template":"","meta":{"_acf_changed":false},"product_brand":[],"product_cat":[30],"product_tag":[],"class_list":{"0":"post-54438","1":"product","2":"type-product","3":"status-publish","4":"has-post-thumbnail","6":"product_cat-balloner","7":"pa_item-color-blaa","8":"pa_item-color-lyseblaa","9":"pa_item-group-balloner","10":"pa_item-subgroup-folieballoner","11":"pa_pakken-indeholder-folieballon","12":"pa_tema_tax-animals","13":"pa_under-tema-llama","15":"first","16":"outofstock","17":"taxable","18":"shipping-taxable","19":"purchasable","20":"product-type-simple"},"bundled_by":[],"bundle_stock_status":"outofstock","bundle_stock_quantity":0,"bundle_virtual":false,"bundle_layout":"","bundle_add_to_cart_form_location":"","bundle_editable_in_cart":false,"bundle_sold_individually_context":"","bundle_item_grouping":"","bundle_min_size":"","bundle_max_size":"","bundle_price":[],"bundled_items":[],"bundle_sell_ids":[],"acf":[],"tiered_pricing_type":"fixed","tiered_pricing_fixed_rules":[],"tiered_pricing_product_settings":{"layout":"default","base_unit_name":{"singular":null,"plural":null},"default_variation":null},"tiered_pricing_minimum_quantity":null,"tiered_pricing_roles_data":[],"tiered_pricing_percentage_rules":[],"tiered_pricing_maximum_quantity":null,"tiered_pricing_quantity_step":null,"_links":{"self":[{"href":"https:\/\/partyinabox.dk\/party\/wp-json\/wp\/v2\/product\/54438","targetHints":{"allow":["GET"]}}],"collection":[{"href":"https:\/\/partyinabox.dk\/party\/wp-json\/wp\/v2\/product"}],"about":[{"href":"https:\/\/partyinabox.dk\/party\/wp-json\/wp\/v2\/types\/product"}],"wp:featuredmedia":[{"embeddable":true,"href":"https:\/\/partyinabox.dk\/party\/wp-json\/wp\/v2\/media\/54439"}],"wp:attachment":[{"href":"https:\/\/partyinabox.dk\/party\/wp-json\/wp\/v2\/media?parent=54438"}],"wp:term":[{"taxonomy":"product_brand","embeddable":true,"href":"https:\/\/partyinabox.dk\/party\/wp-json\/wp\/v2\/product_brand?post=54438"},{"taxonomy":"product_cat","embeddable":true,"href":"https:\/\/partyinabox.dk\/party\/wp-json\/wp\/v2\/product_cat?post=54438"},{"taxonomy":"product_tag","embeddable":true,"href":"https:\/\/partyinabox.dk\/party\/wp-json\/wp\/v2\/product_tag?post=54438"}],"curies":[{"name":"wp","href":"https:\/\/api.w.org\/{rel}","templated":true}]}}