{"id":54420,"date":"2024-01-25T00:00:00","date_gmt":"2024-01-24T23:00:00","guid":{"rendered":"https:\/\/partyinabox.dk\/party\/?post_type=product&#038;p=54420"},"modified":"2026-04-16T20:19:48","modified_gmt":"2026-04-16T18:19:48","slug":"heste-balloner","status":"publish","type":"product","link":"https:\/\/partyinabox.dk\/party\/vare\/heste-balloner\/","title":{"rendered":"Heste Balloner"},"content":{"rendered":"<p>Giv b\u00f8rnef\u00f8dselsdagen et galopperende touch med disse fortryllende Heste Balloner! For alle hesteelskere, uanset om de er piger eller drenge, vil disse balloner med elegante hestemotiver skabe en magisk stemning. Perfekte til et hestetema, de vil uden tvivl bringe et smil p\u00e5 ansigtet af hver lille hesteentusiast. Kombiner dem med andet hestepynt og skab en fest, der f\u00f8les som en dag p\u00e5 ridebanen, fuld af eventyr og sjov!<\/p>\n","protected":false},"excerpt":{"rendered":"<p>Giv b\u00f8rnef\u00f8dselsdagen et galopperende touch med disse fortryllende Heste Balloner! For alle hesteelskere, uanset om de er piger eller drenge, vil disse balloner med elegante hestemotiver skabe en magisk stemning. Perfekte til et hestetema, de vil uden tvivl bringe et [&hellip;]<\/p>\n","protected":false},"featured_media":54421,"template":"","meta":{"_acf_changed":false},"product_brand":[],"product_cat":[30],"product_tag":[],"class_list":{"0":"post-54420","1":"product","2":"type-product","3":"status-publish","4":"has-post-thumbnail","6":"product_cat-balloner","7":"pa_item-color-hvid","8":"pa_item-color-brun","9":"pa_item-group-balloner","10":"pa_item-subgroup-latexballoner","11":"pa_pakken-indeholder-6-stk-latexballoner","12":"pa_tema_tax-animals","13":"pa_under-tema-horse","15":"first","16":"instock","17":"taxable","18":"shipping-taxable","19":"purchasable","20":"product-type-simple"},"bundled_by":[],"bundle_stock_status":"instock","bundle_stock_quantity":11,"bundle_virtual":false,"bundle_layout":"","bundle_add_to_cart_form_location":"","bundle_editable_in_cart":false,"bundle_sold_individually_context":"","bundle_item_grouping":"","bundle_min_size":"","bundle_max_size":"","bundle_price":[],"bundled_items":[],"bundle_sell_ids":[],"acf":[],"tiered_pricing_type":"fixed","tiered_pricing_fixed_rules":[],"tiered_pricing_product_settings":{"layout":"default","base_unit_name":{"singular":null,"plural":null},"default_variation":null},"tiered_pricing_minimum_quantity":null,"tiered_pricing_roles_data":[],"tiered_pricing_percentage_rules":[],"tiered_pricing_maximum_quantity":null,"tiered_pricing_quantity_step":null,"_links":{"self":[{"href":"https:\/\/partyinabox.dk\/party\/wp-json\/wp\/v2\/product\/54420","targetHints":{"allow":["GET"]}}],"collection":[{"href":"https:\/\/partyinabox.dk\/party\/wp-json\/wp\/v2\/product"}],"about":[{"href":"https:\/\/partyinabox.dk\/party\/wp-json\/wp\/v2\/types\/product"}],"wp:featuredmedia":[{"embeddable":true,"href":"https:\/\/partyinabox.dk\/party\/wp-json\/wp\/v2\/media\/54421"}],"wp:attachment":[{"href":"https:\/\/partyinabox.dk\/party\/wp-json\/wp\/v2\/media?parent=54420"}],"wp:term":[{"taxonomy":"product_brand","embeddable":true,"href":"https:\/\/partyinabox.dk\/party\/wp-json\/wp\/v2\/product_brand?post=54420"},{"taxonomy":"product_cat","embeddable":true,"href":"https:\/\/partyinabox.dk\/party\/wp-json\/wp\/v2\/product_cat?post=54420"},{"taxonomy":"product_tag","embeddable":true,"href":"https:\/\/partyinabox.dk\/party\/wp-json\/wp\/v2\/product_tag?post=54420"}],"curies":[{"name":"wp","href":"https:\/\/api.w.org\/{rel}","templated":true}]}}