{"id":54383,"date":"2024-02-16T00:00:00","date_gmt":"2024-02-15T23:00:00","guid":{"rendered":"https:\/\/partyinabox.dk\/party\/?post_type=product&#038;p=54383"},"modified":"2026-04-23T23:51:40","modified_gmt":"2026-04-23T21:51:40","slug":"brandmand-sam-papkrus","status":"publish","type":"product","link":"https:\/\/partyinabox.dk\/party\/vare\/brandmand-sam-papkrus\/","title":{"rendered":"Brandmand Sam\u00ae Papkop"},"content":{"rendered":"<p>Forestil dig gl\u00e6den hos din lille helt, n\u00e5r b\u00f8rnef\u00f8dselsdagsbordet skinner med disse farverige krus, inspireret af alle b\u00f8rns yndlingshelt, Brandmand Sam. Disse farvestr\u00e5lende krus, prydet med billeder af den modige brandmand, er perfekte til at tilf\u00f8re festlighed og eventyr til enhver b\u00f8rnefest. De er ikke blot et hit til drikkevarerne, men ogs\u00e5 et fantastisk samtaleemne blandt de sm\u00e5 g\u00e6ster. G\u00f8r festen uforglemmelig og lad b\u00f8rnene dykke ned i Brandmand Sams sp\u00e6ndende verden!<\/p>\n","protected":false},"excerpt":{"rendered":"<p>Forestil dig gl\u00e6den hos din lille helt, n\u00e5r b\u00f8rnef\u00f8dselsdagsbordet skinner med disse farverige krus, inspireret af alle b\u00f8rns yndlingshelt, Brandmand Sam. Disse farvestr\u00e5lende krus, prydet med billeder af den modige brandmand, er perfekte til at tilf\u00f8re festlighed og eventyr til [&hellip;]<\/p>\n","protected":false},"featured_media":54384,"template":"","meta":{"_acf_changed":false},"product_brand":[],"product_cat":[32],"product_tag":[],"class_list":{"0":"post-54383","1":"product","2":"type-product","3":"status-publish","4":"has-post-thumbnail","6":"product_cat-service","7":"pa_item-color-blaa","8":"pa_item-color-gul","9":"pa_item-color-hvid","10":"pa_item-color-roed","11":"pa_item-group-bordservice","12":"pa_item-subgroup-krus","13":"pa_pakken-indeholder-8-stk-papkrus-250-ml","14":"pa_tema_tax-kids-tv","15":"pa_under-tema-fireman-sam","17":"first","18":"instock","19":"taxable","20":"shipping-taxable","21":"purchasable","22":"product-type-simple"},"bundled_by":[],"bundle_stock_status":"instock","bundle_stock_quantity":6,"bundle_virtual":false,"bundle_layout":"","bundle_add_to_cart_form_location":"","bundle_editable_in_cart":false,"bundle_sold_individually_context":"","bundle_item_grouping":"","bundle_min_size":"","bundle_max_size":"","bundle_price":[],"bundled_items":[],"bundle_sell_ids":[],"acf":[],"tiered_pricing_type":"fixed","tiered_pricing_fixed_rules":[],"tiered_pricing_product_settings":{"layout":"default","base_unit_name":{"singular":null,"plural":null},"default_variation":null},"tiered_pricing_minimum_quantity":null,"tiered_pricing_roles_data":[],"tiered_pricing_percentage_rules":[],"tiered_pricing_maximum_quantity":null,"tiered_pricing_quantity_step":null,"_links":{"self":[{"href":"https:\/\/partyinabox.dk\/party\/wp-json\/wp\/v2\/product\/54383","targetHints":{"allow":["GET"]}}],"collection":[{"href":"https:\/\/partyinabox.dk\/party\/wp-json\/wp\/v2\/product"}],"about":[{"href":"https:\/\/partyinabox.dk\/party\/wp-json\/wp\/v2\/types\/product"}],"wp:featuredmedia":[{"embeddable":true,"href":"https:\/\/partyinabox.dk\/party\/wp-json\/wp\/v2\/media\/54384"}],"wp:attachment":[{"href":"https:\/\/partyinabox.dk\/party\/wp-json\/wp\/v2\/media?parent=54383"}],"wp:term":[{"taxonomy":"product_brand","embeddable":true,"href":"https:\/\/partyinabox.dk\/party\/wp-json\/wp\/v2\/product_brand?post=54383"},{"taxonomy":"product_cat","embeddable":true,"href":"https:\/\/partyinabox.dk\/party\/wp-json\/wp\/v2\/product_cat?post=54383"},{"taxonomy":"product_tag","embeddable":true,"href":"https:\/\/partyinabox.dk\/party\/wp-json\/wp\/v2\/product_tag?post=54383"}],"curies":[{"name":"wp","href":"https:\/\/api.w.org\/{rel}","templated":true}]}}