{"id":54278,"date":"2024-01-25T00:00:00","date_gmt":"2024-01-24T23:00:00","guid":{"rendered":"https:\/\/partyinabox.dk\/party\/?post_type=product&#038;p=54278"},"modified":"2026-04-16T02:31:46","modified_gmt":"2026-04-16T00:31:46","slug":"paw-patrol-skye-everest-dug","status":"publish","type":"product","link":"https:\/\/partyinabox.dk\/party\/vare\/paw-patrol-skye-everest-dug\/","title":{"rendered":"Paw Patrol\u00ae Skye &#038; Everest Dug"},"content":{"rendered":"<p>G\u00f8r festbordet til et magisk eventyrland med denne farverige dug, der er som skabt til sm\u00e5 hunde! Med en st\u00f8rrelse p\u00e5 120 x 180 cm passer den perfekt til ethvert festbord. Det charmerende design i lyser\u00f8dt og lysebl\u00e5t, prydet med s\u00f8de blomster, vil helt sikkert fange b\u00f8rnenes opm\u00e6rksomhed. Forestil dig deres begejstring, n\u00e5r de ser deres yndlingshunde fra Paw Patrol, Skye og Everest, smukt illustreret p\u00e5 dugen. Det bedste? Den er lavet af plastik, s\u00e5 uanset hvor livligt festen bliver, er oprydningen en leg &#8211; intet rod, ingen bekymringer! Perfekt til at skabe en uforglemmelig f\u00f8dselsdagsfest, hvor de sm\u00e5 f\u00f8ler sig som helte ved bordet. <\/p>\n","protected":false},"excerpt":{"rendered":"<p>G\u00f8r festbordet til et magisk eventyrland med denne farverige dug, der er som skabt til sm\u00e5 hunde! Med en st\u00f8rrelse p\u00e5 120 x 180 cm passer den perfekt til ethvert festbord. Det charmerende design i lyser\u00f8dt og lysebl\u00e5t, prydet med [&hellip;]<\/p>\n","protected":false},"featured_media":54279,"template":"","meta":{"_acf_changed":false},"product_brand":[],"product_cat":[32],"product_tag":[],"class_list":{"0":"post-54278","1":"product","2":"type-product","3":"status-publish","4":"has-post-thumbnail","6":"product_cat-service","7":"pa_item-color-lyseblaa","8":"pa_item-color-lyseroed","9":"pa_item-color-turkis","10":"pa_item-group-borddekoration","11":"pa_item-subgroup-duge","12":"pa_pakken-indeholder-plastikdug","13":"pa_tema_tax-kids-tv","14":"pa_under-tema-paw-patrol","16":"first","17":"instock","18":"taxable","19":"shipping-taxable","20":"purchasable","21":"product-type-simple"},"bundled_by":[],"bundle_stock_status":"instock","bundle_stock_quantity":38,"bundle_virtual":false,"bundle_layout":"","bundle_add_to_cart_form_location":"","bundle_editable_in_cart":false,"bundle_sold_individually_context":"","bundle_item_grouping":"","bundle_min_size":"","bundle_max_size":"","bundle_price":[],"bundled_items":[],"bundle_sell_ids":[],"acf":[],"tiered_pricing_type":"fixed","tiered_pricing_fixed_rules":[],"tiered_pricing_product_settings":{"layout":"default","base_unit_name":{"singular":null,"plural":null},"default_variation":null},"tiered_pricing_minimum_quantity":null,"tiered_pricing_roles_data":[],"tiered_pricing_percentage_rules":[],"tiered_pricing_maximum_quantity":null,"tiered_pricing_quantity_step":null,"_links":{"self":[{"href":"https:\/\/partyinabox.dk\/party\/wp-json\/wp\/v2\/product\/54278","targetHints":{"allow":["GET"]}}],"collection":[{"href":"https:\/\/partyinabox.dk\/party\/wp-json\/wp\/v2\/product"}],"about":[{"href":"https:\/\/partyinabox.dk\/party\/wp-json\/wp\/v2\/types\/product"}],"wp:featuredmedia":[{"embeddable":true,"href":"https:\/\/partyinabox.dk\/party\/wp-json\/wp\/v2\/media\/54279"}],"wp:attachment":[{"href":"https:\/\/partyinabox.dk\/party\/wp-json\/wp\/v2\/media?parent=54278"}],"wp:term":[{"taxonomy":"product_brand","embeddable":true,"href":"https:\/\/partyinabox.dk\/party\/wp-json\/wp\/v2\/product_brand?post=54278"},{"taxonomy":"product_cat","embeddable":true,"href":"https:\/\/partyinabox.dk\/party\/wp-json\/wp\/v2\/product_cat?post=54278"},{"taxonomy":"product_tag","embeddable":true,"href":"https:\/\/partyinabox.dk\/party\/wp-json\/wp\/v2\/product_tag?post=54278"}],"curies":[{"name":"wp","href":"https:\/\/api.w.org\/{rel}","templated":true}]}}