{"id":54166,"date":"2024-01-03T20:12:01","date_gmt":"2024-01-03T19:12:01","guid":{"rendered":"https:\/\/partyinabox.dk\/party\/?post_type=product&#038;p=54166"},"modified":"2026-04-04T08:58:22","modified_gmt":"2026-04-04T06:58:22","slug":"troldmandslaerling-madpinde","status":"publish","type":"product","link":"https:\/\/partyinabox.dk\/party\/vare\/troldmandslaerling-madpinde\/","title":{"rendered":"Troldmandsl\u00e6rling Madpinde"},"content":{"rendered":"<p>Forvandl din n\u00e6ste fest til et magisk eventyr med disse charmerende madpinde, der tilf\u00f8rer et strejf af HP til dine l\u00e6kkerier. Ideelle til b\u00e5de pindemadder, ost, frugt og kager &#8211; disse pinde er et must-have til enhver fortryllende begivenhed, hvad enten det er en b\u00f8rnef\u00f8dselsdag eller en hyggelig filmaften med magiske temaer.<\/p>\n<p>Du f\u00e5r et s\u00e6t af ti unikt designede pinde, der v\u00e6kker fantasien til live. Forestil dig g\u00e6sternes begejstring, n\u00e5r de ser disse sm\u00e5 kunstv\u00e6rker formet som troldmandshatte og kloge ugler. Skab mindev\u00e6rdige \u00f8jeblikke og magiske smil ved dit n\u00e6ste arrangement med disse fortryllende madpinde!<\/p>\n","protected":false},"excerpt":{"rendered":"<p>Forvandl din n\u00e6ste fest til et magisk eventyr med disse charmerende madpinde, der tilf\u00f8rer et strejf af HP til dine l\u00e6kkerier. Ideelle til b\u00e5de pindemadder, ost, frugt og kager &#8211; disse pinde er et must-have til enhver fortryllende begivenhed, hvad [&hellip;]<\/p>\n","protected":false},"featured_media":54167,"template":"","meta":{"_acf_changed":false},"product_brand":[],"product_cat":[33],"product_tag":[],"class_list":{"0":"post-54166","1":"product","2":"type-product","3":"status-publish","4":"has-post-thumbnail","6":"product_cat-til-kagen","7":"pa_item-color-guld","8":"pa_item-color-hvid","9":"pa_item-color-sort","10":"pa_item-group-kagetilbehoer","11":"pa_item-subgroup-kagepinde","12":"pa_pakken-indeholder-10-stk-madpinde","13":"pa_tema_tax-tv-series-movies","14":"pa_under-tema-harry-potter","16":"first","17":"instock","18":"taxable","19":"shipping-taxable","20":"purchasable","21":"product-type-simple"},"bundled_by":[],"bundle_stock_status":"instock","bundle_stock_quantity":53,"bundle_virtual":false,"bundle_layout":"","bundle_add_to_cart_form_location":"","bundle_editable_in_cart":false,"bundle_sold_individually_context":"","bundle_item_grouping":"","bundle_min_size":"","bundle_max_size":"","bundle_price":[],"bundled_items":[],"bundle_sell_ids":[],"acf":[],"tiered_pricing_type":"fixed","tiered_pricing_fixed_rules":[],"tiered_pricing_product_settings":{"layout":"default","base_unit_name":{"singular":null,"plural":null},"default_variation":null},"tiered_pricing_minimum_quantity":null,"tiered_pricing_roles_data":[],"tiered_pricing_percentage_rules":[],"tiered_pricing_maximum_quantity":null,"tiered_pricing_quantity_step":null,"_links":{"self":[{"href":"https:\/\/partyinabox.dk\/party\/wp-json\/wp\/v2\/product\/54166","targetHints":{"allow":["GET"]}}],"collection":[{"href":"https:\/\/partyinabox.dk\/party\/wp-json\/wp\/v2\/product"}],"about":[{"href":"https:\/\/partyinabox.dk\/party\/wp-json\/wp\/v2\/types\/product"}],"wp:featuredmedia":[{"embeddable":true,"href":"https:\/\/partyinabox.dk\/party\/wp-json\/wp\/v2\/media\/54167"}],"wp:attachment":[{"href":"https:\/\/partyinabox.dk\/party\/wp-json\/wp\/v2\/media?parent=54166"}],"wp:term":[{"taxonomy":"product_brand","embeddable":true,"href":"https:\/\/partyinabox.dk\/party\/wp-json\/wp\/v2\/product_brand?post=54166"},{"taxonomy":"product_cat","embeddable":true,"href":"https:\/\/partyinabox.dk\/party\/wp-json\/wp\/v2\/product_cat?post=54166"},{"taxonomy":"product_tag","embeddable":true,"href":"https:\/\/partyinabox.dk\/party\/wp-json\/wp\/v2\/product_tag?post=54166"}],"curies":[{"name":"wp","href":"https:\/\/api.w.org\/{rel}","templated":true}]}}