{"id":54163,"date":"2024-01-03T20:12:01","date_gmt":"2024-01-03T19:12:01","guid":{"rendered":"https:\/\/partyinabox.dk\/party\/?post_type=product&#038;p=54163"},"modified":"2026-04-30T18:14:49","modified_gmt":"2026-04-30T16:14:49","slug":"troldmandslaerling-kagepinde","status":"publish","type":"product","link":"https:\/\/partyinabox.dk\/party\/vare\/troldmandslaerling-kagepinde\/","title":{"rendered":"Troldmandsl\u00e6rling Kagepinde"},"content":{"rendered":"<p>Er du klar til at trylle i k\u00f8kkenet? Disse magiske kagepinde forvandler enhver dessert til et eventyr! Perfekte til b\u00e5de store og sm\u00e5 hekse og troldm\u00e6nd &#8211; de er ideelle til f\u00f8dselsdagsfester, hyggelige filmaftener eller bare fordi. Forestil dig smilet p\u00e5 dine g\u00e6sters ansigter, n\u00e5r de ser en ugle, en flyvende kost eller en heksehat p\u00e5 deres kage! Hver pakke kommer med seks unikke designs, s\u00e5 du kan skabe en magisk oplevelse til b\u00f8rnef\u00f8dselsdagen. Tag dine bagv\u00e6rker til nye, magiske h\u00f8jder &#8211; hvem ved, m\u00e5ske skjuler der sig en troldmandsl\u00e6rling i dig?<\/p>\n","protected":false},"excerpt":{"rendered":"<p>Er du klar til at trylle i k\u00f8kkenet? Disse magiske kagepinde forvandler enhver dessert til et eventyr! Perfekte til b\u00e5de store og sm\u00e5 hekse og troldm\u00e6nd &#8211; de er ideelle til f\u00f8dselsdagsfester, hyggelige filmaftener eller bare fordi. Forestil dig smilet [&hellip;]<\/p>\n","protected":false},"featured_media":54164,"template":"","meta":{"_acf_changed":false},"product_brand":[],"product_cat":[33],"product_tag":[],"class_list":{"0":"post-54163","1":"product","2":"type-product","3":"status-publish","4":"has-post-thumbnail","6":"product_cat-til-kagen","7":"pa_item-color-brun","8":"pa_item-color-groen","9":"pa_item-color-hvid","10":"pa_item-color-guld","11":"pa_item-color-sort","12":"pa_item-group-kagetilbehoer","13":"pa_item-subgroup-kagepinde","14":"pa_pakken-indeholder-6-stk-kagepinde","15":"pa_tema_tax-tv-series-movies","16":"pa_under-tema-harry-potter","18":"first","19":"instock","20":"taxable","21":"shipping-taxable","22":"purchasable","23":"product-type-simple"},"bundled_by":[],"bundle_stock_status":"instock","bundle_stock_quantity":56,"bundle_virtual":false,"bundle_layout":"","bundle_add_to_cart_form_location":"","bundle_editable_in_cart":false,"bundle_sold_individually_context":"","bundle_item_grouping":"","bundle_min_size":"","bundle_max_size":"","bundle_price":[],"bundled_items":[],"bundle_sell_ids":[],"acf":[],"tiered_pricing_type":"fixed","tiered_pricing_fixed_rules":[],"tiered_pricing_product_settings":{"layout":"default","base_unit_name":{"singular":null,"plural":null},"default_variation":null},"tiered_pricing_minimum_quantity":null,"tiered_pricing_roles_data":[],"tiered_pricing_percentage_rules":[],"tiered_pricing_maximum_quantity":null,"tiered_pricing_quantity_step":null,"_links":{"self":[{"href":"https:\/\/partyinabox.dk\/party\/wp-json\/wp\/v2\/product\/54163","targetHints":{"allow":["GET"]}}],"collection":[{"href":"https:\/\/partyinabox.dk\/party\/wp-json\/wp\/v2\/product"}],"about":[{"href":"https:\/\/partyinabox.dk\/party\/wp-json\/wp\/v2\/types\/product"}],"wp:featuredmedia":[{"embeddable":true,"href":"https:\/\/partyinabox.dk\/party\/wp-json\/wp\/v2\/media\/54164"}],"wp:attachment":[{"href":"https:\/\/partyinabox.dk\/party\/wp-json\/wp\/v2\/media?parent=54163"}],"wp:term":[{"taxonomy":"product_brand","embeddable":true,"href":"https:\/\/partyinabox.dk\/party\/wp-json\/wp\/v2\/product_brand?post=54163"},{"taxonomy":"product_cat","embeddable":true,"href":"https:\/\/partyinabox.dk\/party\/wp-json\/wp\/v2\/product_cat?post=54163"},{"taxonomy":"product_tag","embeddable":true,"href":"https:\/\/partyinabox.dk\/party\/wp-json\/wp\/v2\/product_tag?post=54163"}],"curies":[{"name":"wp","href":"https:\/\/api.w.org\/{rel}","templated":true}]}}