{"id":54070,"date":"2024-01-25T00:00:00","date_gmt":"2024-01-24T23:00:00","guid":{"rendered":"https:\/\/partyinabox.dk\/party\/?post_type=product&#038;p=54070"},"modified":"2026-04-16T21:53:15","modified_gmt":"2026-04-16T19:53:15","slug":"disney-princess-balloner","status":"publish","type":"product","link":"https:\/\/partyinabox.dk\/party\/vare\/disney-princess-balloner\/","title":{"rendered":"Disney\u00ae Princess Balloner"},"content":{"rendered":"<p>Lad festlokalet lyse op ved hj\u00e6lp af disse eventyrlige latex balloner! Designet i nuancer af gul, lyser\u00f8d og lysebl\u00e5, er hver ballon prydet med fortryllende prinsessemotiver, der vil begejstre enhver lille g\u00e6st. Med en diameter p\u00e5 27 cm, er disse balloner med til at skabe den perfekte stemning for en uforglemmelig f\u00f8dselsdag eller temafest. Pust dem op med almindelig luft, og s\u00e6t dem i loftet eller p\u00e5 v\u00e6ggen med ballon lim dutter. Du kan ogs\u00e5 bruge helium, hvis de skal sv\u00e6ve. HUSK: at bruge Hi-Float for at forl\u00e6nge sv\u00e6vetiden med helium fra et par timer til flere dage. Skab et eventyrligt festunivers og g\u00f8r din fejring til en magisk oplevelse, som vil blive husket l\u00e6nge efter g\u00e6sterne er g\u00e5et hjem. <\/p>\n","protected":false},"excerpt":{"rendered":"<p>Lad festlokalet lyse op ved hj\u00e6lp af disse eventyrlige latex balloner! Designet i nuancer af gul, lyser\u00f8d og lysebl\u00e5, er hver ballon prydet med fortryllende prinsessemotiver, der vil begejstre enhver lille g\u00e6st. Med en diameter p\u00e5 27 cm, er disse [&hellip;]<\/p>\n","protected":false},"featured_media":54071,"template":"","meta":{"_acf_changed":false},"product_brand":[],"product_cat":[30],"product_tag":[],"class_list":{"0":"post-54070","1":"product","2":"type-product","3":"status-publish","4":"has-post-thumbnail","6":"product_cat-balloner","7":"pa_item-color-blaa","8":"pa_item-color-lyseblaa","9":"pa_item-color-lyseroed","10":"pa_item-group-balloner","11":"pa_item-subgroup-ballonprint","12":"pa_pakken-indeholder-8-stk-balloner","13":"pa_tema_tax-disney","14":"pa_under-tema-disney-princess","16":"first","17":"instock","18":"taxable","19":"shipping-taxable","20":"purchasable","21":"product-type-simple"},"bundled_by":[],"bundle_stock_status":"instock","bundle_stock_quantity":48,"bundle_virtual":false,"bundle_layout":"","bundle_add_to_cart_form_location":"","bundle_editable_in_cart":false,"bundle_sold_individually_context":"","bundle_item_grouping":"","bundle_min_size":"","bundle_max_size":"","bundle_price":[],"bundled_items":[],"bundle_sell_ids":[],"acf":[],"tiered_pricing_type":"fixed","tiered_pricing_fixed_rules":[],"tiered_pricing_product_settings":{"layout":"default","base_unit_name":{"singular":null,"plural":null},"default_variation":null},"tiered_pricing_minimum_quantity":null,"tiered_pricing_roles_data":[],"tiered_pricing_percentage_rules":[],"tiered_pricing_maximum_quantity":null,"tiered_pricing_quantity_step":null,"_links":{"self":[{"href":"https:\/\/partyinabox.dk\/party\/wp-json\/wp\/v2\/product\/54070","targetHints":{"allow":["GET"]}}],"collection":[{"href":"https:\/\/partyinabox.dk\/party\/wp-json\/wp\/v2\/product"}],"about":[{"href":"https:\/\/partyinabox.dk\/party\/wp-json\/wp\/v2\/types\/product"}],"wp:featuredmedia":[{"embeddable":true,"href":"https:\/\/partyinabox.dk\/party\/wp-json\/wp\/v2\/media\/54071"}],"wp:attachment":[{"href":"https:\/\/partyinabox.dk\/party\/wp-json\/wp\/v2\/media?parent=54070"}],"wp:term":[{"taxonomy":"product_brand","embeddable":true,"href":"https:\/\/partyinabox.dk\/party\/wp-json\/wp\/v2\/product_brand?post=54070"},{"taxonomy":"product_cat","embeddable":true,"href":"https:\/\/partyinabox.dk\/party\/wp-json\/wp\/v2\/product_cat?post=54070"},{"taxonomy":"product_tag","embeddable":true,"href":"https:\/\/partyinabox.dk\/party\/wp-json\/wp\/v2\/product_tag?post=54070"}],"curies":[{"name":"wp","href":"https:\/\/api.w.org\/{rel}","templated":true}]}}