{"id":53936,"date":"2024-02-16T00:00:00","date_gmt":"2024-02-15T23:00:00","guid":{"rendered":"https:\/\/partyinabox.dk\/party\/?post_type=product&#038;p=53936"},"modified":"2026-04-18T13:13:15","modified_gmt":"2026-04-18T11:13:15","slug":"baby-boy-papkrus","status":"publish","type":"product","link":"https:\/\/partyinabox.dk\/party\/vare\/baby-boy-papkrus\/","title":{"rendered":"Baby Boy Papkop"},"content":{"rendered":"<p>Fejr den kommende ankomst af en lille dreng med disse charmerende <i>Baby Boy Papkrus<\/i>. Fremstillet af robust papir og dekoreret med s\u00f8de lysebl\u00e5 og guldfolierede detaljer, inklusiv teksten &#8220;Baby Boy&#8221;. Perfekt til b\u00e5de varme og kolde drikke!<\/p>\n<p>Hver pakke indeholder 10 krus, med en kapacitet p\u00e5 270 ml hver. Uanset om det er en babyshower eller en gender reveal fest, vil disse papkrus g\u00f8re sig godt p\u00e5 bordet. Er du klar til at h\u00e6ve glassene for den lille ny?<\/p>\n","protected":false},"excerpt":{"rendered":"<p>Fejr den kommende ankomst af en lille dreng med disse charmerende Baby Boy Papkrus. Fremstillet af robust papir og dekoreret med s\u00f8de lysebl\u00e5 og guldfolierede detaljer, inklusiv teksten &#8220;Baby Boy&#8221;. Perfekt til b\u00e5de varme og kolde drikke! Hver pakke indeholder [&hellip;]<\/p>\n","protected":false},"featured_media":53937,"template":"","meta":{"_acf_changed":false},"product_brand":[],"product_cat":[32],"product_tag":[],"class_list":{"0":"post-53936","1":"product","2":"type-product","3":"status-publish","4":"has-post-thumbnail","6":"product_cat-service","7":"pa_item-color-blaa","8":"pa_item-color-guld","9":"pa_item-color-hvid","10":"pa_item-color-lyseblaa","11":"pa_item-group-bordservice","12":"pa_item-subgroup-krus","13":"pa_pakken-indeholder-10-stk-papkrus","14":"pa_tema_tax-occasions","15":"pa_under-tema-babyshower","17":"first","18":"instock","19":"taxable","20":"shipping-taxable","21":"purchasable","22":"product-type-simple"},"bundled_by":[],"bundle_stock_status":"instock","bundle_stock_quantity":23,"bundle_virtual":false,"bundle_layout":"","bundle_add_to_cart_form_location":"","bundle_editable_in_cart":false,"bundle_sold_individually_context":"","bundle_item_grouping":"","bundle_min_size":"","bundle_max_size":"","bundle_price":[],"bundled_items":[],"bundle_sell_ids":[],"acf":[],"tiered_pricing_type":"fixed","tiered_pricing_fixed_rules":[],"tiered_pricing_product_settings":{"layout":"default","base_unit_name":{"singular":null,"plural":null},"default_variation":null},"tiered_pricing_minimum_quantity":null,"tiered_pricing_roles_data":[],"tiered_pricing_percentage_rules":[],"tiered_pricing_maximum_quantity":null,"tiered_pricing_quantity_step":null,"_links":{"self":[{"href":"https:\/\/partyinabox.dk\/party\/wp-json\/wp\/v2\/product\/53936","targetHints":{"allow":["GET"]}}],"collection":[{"href":"https:\/\/partyinabox.dk\/party\/wp-json\/wp\/v2\/product"}],"about":[{"href":"https:\/\/partyinabox.dk\/party\/wp-json\/wp\/v2\/types\/product"}],"wp:featuredmedia":[{"embeddable":true,"href":"https:\/\/partyinabox.dk\/party\/wp-json\/wp\/v2\/media\/53937"}],"wp:attachment":[{"href":"https:\/\/partyinabox.dk\/party\/wp-json\/wp\/v2\/media?parent=53936"}],"wp:term":[{"taxonomy":"product_brand","embeddable":true,"href":"https:\/\/partyinabox.dk\/party\/wp-json\/wp\/v2\/product_brand?post=53936"},{"taxonomy":"product_cat","embeddable":true,"href":"https:\/\/partyinabox.dk\/party\/wp-json\/wp\/v2\/product_cat?post=53936"},{"taxonomy":"product_tag","embeddable":true,"href":"https:\/\/partyinabox.dk\/party\/wp-json\/wp\/v2\/product_tag?post=53936"}],"curies":[{"name":"wp","href":"https:\/\/api.w.org\/{rel}","templated":true}]}}