{"id":53901,"date":"2025-06-11T00:00:00","date_gmt":"2025-06-10T22:00:00","guid":{"rendered":"https:\/\/partyinabox.dk\/party\/?post_type=product&#038;p=53901"},"modified":"2026-04-30T11:51:15","modified_gmt":"2026-04-30T09:51:15","slug":"mighty-avengers-dug","status":"publish","type":"product","link":"https:\/\/partyinabox.dk\/party\/vare\/mighty-avengers-dug\/","title":{"rendered":"Mighty Avengers\u00ae Dug"},"content":{"rendered":"<p>Er du klar til at omdanne din fest til et superhelteunivers? Vores <i>Mighty Avengers<\/i> dug bringer alle dine favorithelte, fra Captain America til Hulk, direkte til dit festbord! Denne farvestr\u00e5lende, 120 x 180 cm store plastikdug er ikke kun et fedt element til festen, men ogs\u00e5 praktisk &#8211; den beskytter mod spild og er let at reng\u00f8re. Forestil dig b\u00f8rnenes begejstring, n\u00e5r de ser deres ynglings superhelte sidde med til bords. Perfekt til b\u00f8rnef\u00f8dselsdage og temaevents! G\u00f8r festen uforglemmelig med en dug, der b\u00e5de underholder og beskytter.<\/p>\n","protected":false},"excerpt":{"rendered":"<p>Er du klar til at omdanne din fest til et superhelteunivers? Vores Mighty Avengers dug bringer alle dine favorithelte, fra Captain America til Hulk, direkte til dit festbord! Denne farvestr\u00e5lende, 120 x 180 cm store plastikdug er ikke kun et [&hellip;]<\/p>\n","protected":false},"featured_media":53902,"template":"","meta":{"_acf_changed":false},"product_brand":[],"product_cat":[32],"product_tag":[],"class_list":{"0":"post-53901","1":"product","2":"type-product","3":"status-publish","4":"has-post-thumbnail","6":"product_cat-service","7":"pa_item-color-roed","8":"pa_item-color-blaa","9":"pa_item-color-groen","10":"pa_item-group-borddekoration","11":"pa_item-subgroup-duge","12":"pa_pakken-indeholder-plastikdug","13":"pa_tema_tax-superheroes","14":"pa_under-tema-avengers","16":"first","17":"instock","18":"taxable","19":"shipping-taxable","20":"purchasable","21":"product-type-simple"},"bundled_by":[],"bundle_stock_status":"instock","bundle_stock_quantity":13,"bundle_virtual":false,"bundle_layout":"","bundle_add_to_cart_form_location":"","bundle_editable_in_cart":false,"bundle_sold_individually_context":"","bundle_item_grouping":"","bundle_min_size":"","bundle_max_size":"","bundle_price":[],"bundled_items":[],"bundle_sell_ids":[],"acf":[],"tiered_pricing_type":"fixed","tiered_pricing_fixed_rules":[],"tiered_pricing_product_settings":{"layout":"default","base_unit_name":{"singular":null,"plural":null},"default_variation":null},"tiered_pricing_minimum_quantity":null,"tiered_pricing_roles_data":[],"tiered_pricing_percentage_rules":[],"tiered_pricing_maximum_quantity":null,"tiered_pricing_quantity_step":null,"_links":{"self":[{"href":"https:\/\/partyinabox.dk\/party\/wp-json\/wp\/v2\/product\/53901","targetHints":{"allow":["GET"]}}],"collection":[{"href":"https:\/\/partyinabox.dk\/party\/wp-json\/wp\/v2\/product"}],"about":[{"href":"https:\/\/partyinabox.dk\/party\/wp-json\/wp\/v2\/types\/product"}],"wp:featuredmedia":[{"embeddable":true,"href":"https:\/\/partyinabox.dk\/party\/wp-json\/wp\/v2\/media\/53902"}],"wp:attachment":[{"href":"https:\/\/partyinabox.dk\/party\/wp-json\/wp\/v2\/media?parent=53901"}],"wp:term":[{"taxonomy":"product_brand","embeddable":true,"href":"https:\/\/partyinabox.dk\/party\/wp-json\/wp\/v2\/product_brand?post=53901"},{"taxonomy":"product_cat","embeddable":true,"href":"https:\/\/partyinabox.dk\/party\/wp-json\/wp\/v2\/product_cat?post=53901"},{"taxonomy":"product_tag","embeddable":true,"href":"https:\/\/partyinabox.dk\/party\/wp-json\/wp\/v2\/product_tag?post=53901"}],"curies":[{"name":"wp","href":"https:\/\/api.w.org\/{rel}","templated":true}]}}