{"id":52816,"date":"2023-12-05T11:57:34","date_gmt":"2023-12-05T10:57:34","guid":{"rendered":"https:\/\/partyinabox.dk\/party\/?post_type=product&#038;p=52816"},"modified":"2026-03-22T10:25:20","modified_gmt":"2026-03-22T09:25:20","slug":"hvid-perlehalskaede-plastik","status":"publish","type":"product","link":"https:\/\/partyinabox.dk\/party\/vare\/hvid-perlehalskaede-plastik\/","title":{"rendered":"Hvid perlehalsk\u00e6de (plastik)"},"content":{"rendered":"<p>Med disse to stk. lange, hvide Flapper perlehalsk\u00e6der kan du nemt bringe 1020&#8217;ernes glamour\u00f8se \u00e5nd ind i din fest. Brug halsk\u00e6derne som tilbeh\u00f8r til dit 1920&#8217;er look eller brug dem som pynt p\u00e5 bordet til f.eks. nyt\u00e5r eller en \u00e6gte Gatsby tema fest. Halsk\u00e6derne er fremstillet af PS-plast og nylon, og kan derfor holde til selv den vildeste fest.<\/p>\n<p>Indhold: 2 stk.<\/p>\n","protected":false},"excerpt":{"rendered":"<p>Med disse to stk. lange, hvide Flapper perlehalsk\u00e6der kan du nemt bringe 1020&#8217;ernes glamour\u00f8se \u00e5nd ind i din fest. Brug halsk\u00e6derne som tilbeh\u00f8r til dit 1920&#8217;er look eller brug dem som pynt p\u00e5 bordet til f.eks. nyt\u00e5r eller en \u00e6gte [&hellip;]<\/p>\n","protected":false},"featured_media":52822,"template":"","meta":{"_acf_changed":false},"product_brand":[],"product_cat":[32,34],"product_tag":[],"class_list":{"0":"post-52816","1":"product","2":"type-product","3":"status-publish","4":"has-post-thumbnail","6":"product_cat-service","7":"product_cat-accessories","9":"first","10":"instock","11":"taxable","12":"shipping-taxable","13":"purchasable","14":"product-type-simple"},"bundled_by":[],"bundle_stock_status":"instock","bundle_stock_quantity":20,"bundle_virtual":false,"bundle_layout":"","bundle_add_to_cart_form_location":"","bundle_editable_in_cart":false,"bundle_sold_individually_context":"","bundle_item_grouping":"","bundle_min_size":"","bundle_max_size":"","bundle_price":[],"bundled_items":[],"bundle_sell_ids":[],"acf":[],"tiered_pricing_type":"fixed","tiered_pricing_fixed_rules":[],"tiered_pricing_product_settings":{"layout":"default","base_unit_name":{"singular":null,"plural":null},"default_variation":null},"tiered_pricing_minimum_quantity":null,"tiered_pricing_roles_data":[],"tiered_pricing_percentage_rules":[],"tiered_pricing_maximum_quantity":null,"tiered_pricing_quantity_step":null,"_links":{"self":[{"href":"https:\/\/partyinabox.dk\/party\/wp-json\/wp\/v2\/product\/52816","targetHints":{"allow":["GET"]}}],"collection":[{"href":"https:\/\/partyinabox.dk\/party\/wp-json\/wp\/v2\/product"}],"about":[{"href":"https:\/\/partyinabox.dk\/party\/wp-json\/wp\/v2\/types\/product"}],"wp:featuredmedia":[{"embeddable":true,"href":"https:\/\/partyinabox.dk\/party\/wp-json\/wp\/v2\/media\/52822"}],"wp:attachment":[{"href":"https:\/\/partyinabox.dk\/party\/wp-json\/wp\/v2\/media?parent=52816"}],"wp:term":[{"taxonomy":"product_brand","embeddable":true,"href":"https:\/\/partyinabox.dk\/party\/wp-json\/wp\/v2\/product_brand?post=52816"},{"taxonomy":"product_cat","embeddable":true,"href":"https:\/\/partyinabox.dk\/party\/wp-json\/wp\/v2\/product_cat?post=52816"},{"taxonomy":"product_tag","embeddable":true,"href":"https:\/\/partyinabox.dk\/party\/wp-json\/wp\/v2\/product_tag?post=52816"}],"curies":[{"name":"wp","href":"https:\/\/api.w.org\/{rel}","templated":true}]}}