{"id":52663,"date":"2023-12-01T10:36:20","date_gmt":"2023-12-01T09:36:20","guid":{"rendered":"https:\/\/partyinabox.dk\/party\/?post_type=product&#038;p=52663"},"modified":"2026-04-16T03:35:15","modified_gmt":"2026-04-16T01:35:15","slug":"lyseroed-hvid-serviet-m-guld-kant","status":"publish","type":"product","link":"https:\/\/partyinabox.dk\/party\/vare\/lyseroed-hvid-serviet-m-guld-kant\/","title":{"rendered":"Lyser\u00f8d\/hvid serviet m\/guld kant"},"content":{"rendered":"<p>Disse s\u00f8de hvide servietter med rosa og guld kant er helt perfekt til barned\u00e5b, babyshower eller 1 \u00e5rs f\u00f8dselsdag for en lille pige. Vil ogs\u00e5 nemt kunne bruges til polterabend, rund f\u00f8dselsdag og konfirmation. Brug servietten p\u00e5 bordet sammen med andet lyser\u00f8d og rosa pynt.<\/p>\n<p>Indhold: 16 stk. \/ M\u00e5l: 33 x 33 cm.<\/p>\n","protected":false},"excerpt":{"rendered":"<p>Disse s\u00f8de hvide servietter med rosa og guld kant er helt perfekt til barned\u00e5b, babyshower eller 1 \u00e5rs f\u00f8dselsdag for en lille pige. Vil ogs\u00e5 nemt kunne bruges til polterabend, rund f\u00f8dselsdag og konfirmation. Brug servietten p\u00e5 bordet sammen med [&hellip;]<\/p>\n","protected":false},"featured_media":52664,"template":"","meta":{"_acf_changed":false},"product_brand":[],"product_cat":[32],"product_tag":[],"class_list":{"0":"post-52663","1":"product","2":"type-product","3":"status-publish","4":"has-post-thumbnail","6":"product_cat-service","8":"first","9":"instock","10":"taxable","11":"shipping-taxable","12":"purchasable","13":"product-type-simple"},"bundled_by":[],"bundle_stock_status":"instock","bundle_stock_quantity":1,"bundle_virtual":false,"bundle_layout":"","bundle_add_to_cart_form_location":"","bundle_editable_in_cart":false,"bundle_sold_individually_context":"","bundle_item_grouping":"","bundle_min_size":"","bundle_max_size":"","bundle_price":[],"bundled_items":[],"bundle_sell_ids":[],"acf":[],"tiered_pricing_type":"fixed","tiered_pricing_fixed_rules":[],"tiered_pricing_product_settings":{"layout":"default","base_unit_name":{"singular":null,"plural":null},"default_variation":null},"tiered_pricing_minimum_quantity":null,"tiered_pricing_roles_data":[],"tiered_pricing_percentage_rules":[],"tiered_pricing_maximum_quantity":null,"tiered_pricing_quantity_step":null,"_links":{"self":[{"href":"https:\/\/partyinabox.dk\/party\/wp-json\/wp\/v2\/product\/52663","targetHints":{"allow":["GET"]}}],"collection":[{"href":"https:\/\/partyinabox.dk\/party\/wp-json\/wp\/v2\/product"}],"about":[{"href":"https:\/\/partyinabox.dk\/party\/wp-json\/wp\/v2\/types\/product"}],"wp:featuredmedia":[{"embeddable":true,"href":"https:\/\/partyinabox.dk\/party\/wp-json\/wp\/v2\/media\/52664"}],"wp:attachment":[{"href":"https:\/\/partyinabox.dk\/party\/wp-json\/wp\/v2\/media?parent=52663"}],"wp:term":[{"taxonomy":"product_brand","embeddable":true,"href":"https:\/\/partyinabox.dk\/party\/wp-json\/wp\/v2\/product_brand?post=52663"},{"taxonomy":"product_cat","embeddable":true,"href":"https:\/\/partyinabox.dk\/party\/wp-json\/wp\/v2\/product_cat?post=52663"},{"taxonomy":"product_tag","embeddable":true,"href":"https:\/\/partyinabox.dk\/party\/wp-json\/wp\/v2\/product_tag?post=52663"}],"curies":[{"name":"wp","href":"https:\/\/api.w.org\/{rel}","templated":true}]}}