{"id":52600,"date":"2023-12-04T00:00:00","date_gmt":"2023-12-03T23:00:00","guid":{"rendered":"https:\/\/partyinabox.dk\/party\/?post_type=product&#038;p=52600"},"modified":"2026-04-15T02:31:44","modified_gmt":"2026-04-15T00:31:44","slug":"creme-brun-ballonloft-saet","status":"publish","type":"product","link":"https:\/\/partyinabox.dk\/party\/vare\/creme-brun-ballonloft-saet\/","title":{"rendered":"Creme\/brun ballonloft s\u00e6t"},"content":{"rendered":"<p>Hvis du gerne vil imponere dine g\u00e6ster, s\u00e5 er dette flotte s\u00e6t til at lave et loft fyldt med balloner et must have! S\u00e6ttet indeholder 32 dele:<\/p>\n<ul>\n<li>30 stk. latex balloner i farverne creme, nougat gr\u00e5 og brun (\u00d8 30 cm)<\/li>\n<li>1 rulle creme gaveb\u00e5nd (60 meter)<\/li>\n<li>1 pk. ballon lim dutter (64 dutter)<\/li>\n<\/ul>\n<p>Pust ballonerne op med <strong>almindelig luft<\/strong> &#8211; brug gerne en ballonpumpe, s\u00e5 du ikke taber pusten. Bind et stykke b\u00e5nd i ballonen, som en hale. S\u00e6t 1-2 lim dutter i toppen af ballonen. Du kan nu s\u00e6tte ballonen op i loftet, s\u00e5dan at halen h\u00e6nger ned. Fyld hele loftet med balloner, eller s\u00e6t dem t\u00e6t sammen over bordet til f.eks. natur bryllup, f\u00f8dselsdag, konfirmation, barned\u00e5b, boho babyshower eller sommerfest.<\/p>\n<p>Hvis du ikke vil bruge ballon lim dutter p\u00e5 dit loft, kan du ogs\u00e5 fylde ballonerne med <strong>helium<\/strong>, og s\u00e5 bare slippe dem l\u00f8s i lokalet. Husk at bruge Hi Float for at forl\u00e6nge ballonernes sv\u00e6vetid med helium fra et par timer til flere dage.<\/p>\n<p><strong>TIP:<\/strong> klip &#8220;halerne&#8221; af gaveb\u00e5nd i forskellige l\u00e6ngder for en flot effekt.<\/p>\n<p><b>OBS: <\/b>Pr\u00f8v f\u00f8rst ballon lim dutterne p\u00e5 et ikke-synligt sted, s\u00e5 du kan sikre dig, at loftet ikke bliver p\u00e5virket.<\/p>\n<p>Indhold: 32 dele \/ M\u00e5l: 30 cm (\u00d8)<\/p>\n","protected":false},"excerpt":{"rendered":"<p>Hvis du gerne vil imponere dine g\u00e6ster, s\u00e5 er dette flotte s\u00e6t til at lave et loft fyldt med balloner et must have! S\u00e6ttet indeholder 32 dele: 30 stk. latex balloner i farverne creme, nougat gr\u00e5 og brun (\u00d8 30 [&hellip;]<\/p>\n","protected":false},"featured_media":52601,"template":"","meta":{"_acf_changed":false},"product_brand":[],"product_cat":[30],"product_tag":[],"class_list":{"0":"post-52600","1":"product","2":"type-product","3":"status-publish","4":"has-post-thumbnail","6":"product_cat-balloner","8":"first","9":"instock","10":"taxable","11":"shipping-taxable","12":"purchasable","13":"product-type-simple"},"bundled_by":[],"bundle_stock_status":"instock","bundle_stock_quantity":26,"bundle_virtual":false,"bundle_layout":"","bundle_add_to_cart_form_location":"","bundle_editable_in_cart":false,"bundle_sold_individually_context":"","bundle_item_grouping":"","bundle_min_size":"","bundle_max_size":"","bundle_price":[],"bundled_items":[],"bundle_sell_ids":[],"acf":[],"tiered_pricing_type":"fixed","tiered_pricing_fixed_rules":[],"tiered_pricing_product_settings":{"layout":"default","base_unit_name":{"singular":null,"plural":null},"default_variation":null},"tiered_pricing_minimum_quantity":null,"tiered_pricing_roles_data":[],"tiered_pricing_percentage_rules":[],"tiered_pricing_maximum_quantity":null,"tiered_pricing_quantity_step":null,"_links":{"self":[{"href":"https:\/\/partyinabox.dk\/party\/wp-json\/wp\/v2\/product\/52600","targetHints":{"allow":["GET"]}}],"collection":[{"href":"https:\/\/partyinabox.dk\/party\/wp-json\/wp\/v2\/product"}],"about":[{"href":"https:\/\/partyinabox.dk\/party\/wp-json\/wp\/v2\/types\/product"}],"wp:featuredmedia":[{"embeddable":true,"href":"https:\/\/partyinabox.dk\/party\/wp-json\/wp\/v2\/media\/52601"}],"wp:attachment":[{"href":"https:\/\/partyinabox.dk\/party\/wp-json\/wp\/v2\/media?parent=52600"}],"wp:term":[{"taxonomy":"product_brand","embeddable":true,"href":"https:\/\/partyinabox.dk\/party\/wp-json\/wp\/v2\/product_brand?post=52600"},{"taxonomy":"product_cat","embeddable":true,"href":"https:\/\/partyinabox.dk\/party\/wp-json\/wp\/v2\/product_cat?post=52600"},{"taxonomy":"product_tag","embeddable":true,"href":"https:\/\/partyinabox.dk\/party\/wp-json\/wp\/v2\/product_tag?post=52600"}],"curies":[{"name":"wp","href":"https:\/\/api.w.org\/{rel}","templated":true}]}}