{"id":52036,"date":"2024-12-06T00:00:00","date_gmt":"2024-12-05T23:00:00","guid":{"rendered":"https:\/\/partyinabox.dk\/party\/?post_type=product&#038;p=52036"},"modified":"2026-04-08T21:19:08","modified_gmt":"2026-04-08T19:19:08","slug":"guld-luksus-serviet","status":"publish","type":"product","link":"https:\/\/partyinabox.dk\/party\/vare\/guld-luksus-serviet\/","title":{"rendered":"Guld luksus serviet"},"content":{"rendered":"<p>De luksuri\u00f8se stoflignende guld servietter er mega fine til at s\u00e6tte sammen med andre servietter, men vil ogs\u00e5 nemt kunne st\u00e5 for sig selv. De flotte servietter er helt perfekt til guld f\u00f8dselsdag, guldbryllup, konfirmation, bryllup, eid eller nyt\u00e5r. De er nemme at folde og vil blive st\u00e5ende under hele festen. De kraftige og bl\u00f8de servietter f\u00f8les som tekstil servietter og er b\u00e5de fnugfrie og rivefaste.<\/p>\n<p>Indhold: 12 stk. \/ M\u00e5l: 40 x 40 cm.<\/p>\n","protected":false},"excerpt":{"rendered":"<p>De luksuri\u00f8se stoflignende guld servietter er mega fine til at s\u00e6tte sammen med andre servietter, men vil ogs\u00e5 nemt kunne st\u00e5 for sig selv. De flotte servietter er helt perfekt til guld f\u00f8dselsdag, guldbryllup, konfirmation, bryllup, eid eller nyt\u00e5r. De [&hellip;]<\/p>\n","protected":false},"featured_media":52038,"template":"","meta":{"_acf_changed":false},"product_brand":[],"product_cat":[32],"product_tag":[],"class_list":{"0":"post-52036","1":"product","2":"type-product","3":"status-publish","4":"has-post-thumbnail","6":"product_cat-service","8":"first","9":"instock","10":"taxable","11":"shipping-taxable","12":"purchasable","13":"product-type-simple"},"bundled_by":[],"bundle_stock_status":"instock","bundle_stock_quantity":436,"bundle_virtual":false,"bundle_layout":"","bundle_add_to_cart_form_location":"","bundle_editable_in_cart":false,"bundle_sold_individually_context":"","bundle_item_grouping":"","bundle_min_size":"","bundle_max_size":"","bundle_price":[],"bundled_items":[],"bundle_sell_ids":[],"acf":[],"tiered_pricing_type":"fixed","tiered_pricing_fixed_rules":[],"tiered_pricing_product_settings":{"layout":"default","base_unit_name":{"singular":null,"plural":null},"default_variation":null},"tiered_pricing_minimum_quantity":null,"tiered_pricing_roles_data":[],"tiered_pricing_percentage_rules":[],"tiered_pricing_maximum_quantity":null,"tiered_pricing_quantity_step":null,"_links":{"self":[{"href":"https:\/\/partyinabox.dk\/party\/wp-json\/wp\/v2\/product\/52036","targetHints":{"allow":["GET"]}}],"collection":[{"href":"https:\/\/partyinabox.dk\/party\/wp-json\/wp\/v2\/product"}],"about":[{"href":"https:\/\/partyinabox.dk\/party\/wp-json\/wp\/v2\/types\/product"}],"wp:featuredmedia":[{"embeddable":true,"href":"https:\/\/partyinabox.dk\/party\/wp-json\/wp\/v2\/media\/52038"}],"wp:attachment":[{"href":"https:\/\/partyinabox.dk\/party\/wp-json\/wp\/v2\/media?parent=52036"}],"wp:term":[{"taxonomy":"product_brand","embeddable":true,"href":"https:\/\/partyinabox.dk\/party\/wp-json\/wp\/v2\/product_brand?post=52036"},{"taxonomy":"product_cat","embeddable":true,"href":"https:\/\/partyinabox.dk\/party\/wp-json\/wp\/v2\/product_cat?post=52036"},{"taxonomy":"product_tag","embeddable":true,"href":"https:\/\/partyinabox.dk\/party\/wp-json\/wp\/v2\/product_tag?post=52036"}],"curies":[{"name":"wp","href":"https:\/\/api.w.org\/{rel}","templated":true}]}}