{"id":52025,"date":"2024-04-24T00:00:00","date_gmt":"2024-04-23T22:00:00","guid":{"rendered":"https:\/\/partyinabox.dk\/party\/?post_type=product&#038;p=52025"},"modified":"2026-04-17T12:47:09","modified_gmt":"2026-04-17T10:47:09","slug":"soelv-bordbombe-m-stjerner","status":"publish","type":"product","link":"https:\/\/partyinabox.dk\/party\/vare\/soelv-bordbombe-m-stjerner\/","title":{"rendered":"S\u00f8lv bordbombe m\/stjerner"},"content":{"rendered":"<p>Intet siger godt nyt\u00e5r som en bordbombe! Og i denne pakke f\u00e5r du hele 3 stk. i s\u00f8lv design &#8211; 1 stk. helt i s\u00f8lv og 2 stk. med s\u00f8lv stjerner p\u00e5. Bordbomberne ser festlige ud p\u00e5 nyt\u00e5rsbordet og n\u00e5r du t\u00e6nder dem kan I gl\u00e6de jer til en regn af konfettistjerner i s\u00f8lv og guld. S\u00e5 skyd nyt\u00e5ret ind med disse flotte bordbomber.<\/p>\n<p><strong>OBS:<\/strong> Anbringes p\u00e5 ubr\u00e6ndbart underlag. Tilskuere skal v\u00e6re mindst 1 meter v\u00e6k. St\u00e5 med siden til og ant\u00e6nd yderst p\u00e5 lunten i strakt arm, fjern dig straks 1 meter. M\u00e5 ikke affyres under lamper, sarte lofter og br\u00e6ndbare materialer. M\u00e5 ikke holdes i h\u00e5nden. Kan indeholde farveafsmittende konfetti. Indhold kun til dekoration og ikke egnet som leget\u00f8j til b\u00f8rn under 15 \u00e5r.<\/p>\n<p>Indhold: 3 stk. \/ M\u00e5l: 10 cm (H)<\/p>\n","protected":false},"excerpt":{"rendered":"<p>Intet siger godt nyt\u00e5r som en bordbombe! Og i denne pakke f\u00e5r du hele 3 stk. i s\u00f8lv design &#8211; 1 stk. helt i s\u00f8lv og 2 stk. med s\u00f8lv stjerner p\u00e5. Bordbomberne ser festlige ud p\u00e5 nyt\u00e5rsbordet og n\u00e5r [&hellip;]<\/p>\n","protected":false},"featured_media":52026,"template":"","meta":{"_acf_changed":false},"product_brand":[],"product_cat":[32,34],"product_tag":[],"class_list":{"0":"post-52025","1":"product","2":"type-product","3":"status-publish","4":"has-post-thumbnail","6":"product_cat-service","7":"product_cat-accessories","9":"first","10":"instock","11":"taxable","12":"shipping-taxable","13":"purchasable","14":"product-type-simple"},"bundled_by":[],"bundle_stock_status":"instock","bundle_stock_quantity":18,"bundle_virtual":false,"bundle_layout":"","bundle_add_to_cart_form_location":"","bundle_editable_in_cart":false,"bundle_sold_individually_context":"","bundle_item_grouping":"","bundle_min_size":"","bundle_max_size":"","bundle_price":[],"bundled_items":[],"bundle_sell_ids":[],"acf":[],"tiered_pricing_type":"fixed","tiered_pricing_fixed_rules":[],"tiered_pricing_product_settings":{"layout":"default","base_unit_name":{"singular":null,"plural":null},"default_variation":null},"tiered_pricing_minimum_quantity":null,"tiered_pricing_roles_data":[],"tiered_pricing_percentage_rules":[],"tiered_pricing_maximum_quantity":null,"tiered_pricing_quantity_step":null,"_links":{"self":[{"href":"https:\/\/partyinabox.dk\/party\/wp-json\/wp\/v2\/product\/52025","targetHints":{"allow":["GET"]}}],"collection":[{"href":"https:\/\/partyinabox.dk\/party\/wp-json\/wp\/v2\/product"}],"about":[{"href":"https:\/\/partyinabox.dk\/party\/wp-json\/wp\/v2\/types\/product"}],"wp:featuredmedia":[{"embeddable":true,"href":"https:\/\/partyinabox.dk\/party\/wp-json\/wp\/v2\/media\/52026"}],"wp:attachment":[{"href":"https:\/\/partyinabox.dk\/party\/wp-json\/wp\/v2\/media?parent=52025"}],"wp:term":[{"taxonomy":"product_brand","embeddable":true,"href":"https:\/\/partyinabox.dk\/party\/wp-json\/wp\/v2\/product_brand?post=52025"},{"taxonomy":"product_cat","embeddable":true,"href":"https:\/\/partyinabox.dk\/party\/wp-json\/wp\/v2\/product_cat?post=52025"},{"taxonomy":"product_tag","embeddable":true,"href":"https:\/\/partyinabox.dk\/party\/wp-json\/wp\/v2\/product_tag?post=52025"}],"curies":[{"name":"wp","href":"https:\/\/api.w.org\/{rel}","templated":true}]}}