{"id":51566,"date":"2024-05-23T00:00:00","date_gmt":"2024-05-22T22:00:00","guid":{"rendered":"https:\/\/partyinabox.dk\/party\/?post_type=product&#038;p=51566"},"modified":"2026-05-01T21:41:39","modified_gmt":"2026-05-01T19:41:39","slug":"glaskrukke-til-candy-bar-stor","status":"publish","type":"product","link":"https:\/\/partyinabox.dk\/party\/vare\/glaskrukke-til-candy-bar-stor\/","title":{"rendered":"Glaskrukke til candy bar (stor)"},"content":{"rendered":"<p>Med denne fine glaskrukke kan du nemt lave en \u00e6gte candy bar eller slikbuffeten til din n\u00e6ste fest. Glaskrukken er af klar glas, og udstyret med det klassiske slikbutik l\u00e5g, s\u00e5ledes at dine festg\u00e6ster nemt kan se hvad der gemmer sig af s\u00f8de sager i krukken. S\u00e6t glaskrukker i flere st\u00f8rrelser sammen, og skab din helt egen candy bar til f.eks. f\u00f8dselsdag, konfirmation, jul eller studenterfest.<\/p>\n<p>Glaskrukken er godkendt til kontakt med f\u00f8devarer og man kan derfor nemt komme slik, snacks, kager, popcorn eller andet i dem.<\/p>\n<p><strong>HUSK<\/strong> en ske til slikket &#8211; find den <a href=\"https:\/\/partyinabox.dk\/party\/vare\/candy-bar-skeer-i-trae\">HER<\/a>.<\/p>\n<p>Indhold: 1 stk. \/ M\u00e5l: 9,8 x 18,7 cm &#8211; 600 ml<\/p>\n","protected":false},"excerpt":{"rendered":"<p>Med denne fine glaskrukke kan du nemt lave en \u00e6gte candy bar eller slikbuffeten til din n\u00e6ste fest. Glaskrukken er af klar glas, og udstyret med det klassiske slikbutik l\u00e5g, s\u00e5ledes at dine festg\u00e6ster nemt kan se hvad der gemmer [&hellip;]<\/p>\n","protected":false},"featured_media":51567,"template":"","meta":{"_acf_changed":false},"product_brand":[],"product_cat":[32],"product_tag":[],"class_list":{"0":"post-51566","1":"product","2":"type-product","3":"status-publish","4":"has-post-thumbnail","6":"product_cat-service","8":"first","9":"instock","10":"taxable","11":"shipping-taxable","12":"purchasable","13":"product-type-simple"},"bundled_by":[],"bundle_stock_status":"instock","bundle_stock_quantity":266,"bundle_virtual":false,"bundle_layout":"","bundle_add_to_cart_form_location":"","bundle_editable_in_cart":false,"bundle_sold_individually_context":"","bundle_item_grouping":"","bundle_min_size":"","bundle_max_size":"","bundle_price":[],"bundled_items":[],"bundle_sell_ids":[],"acf":[],"tiered_pricing_type":"fixed","tiered_pricing_fixed_rules":[],"tiered_pricing_product_settings":{"layout":"default","base_unit_name":{"singular":null,"plural":null},"default_variation":null},"tiered_pricing_minimum_quantity":null,"tiered_pricing_roles_data":[],"tiered_pricing_percentage_rules":[],"tiered_pricing_maximum_quantity":null,"tiered_pricing_quantity_step":null,"_links":{"self":[{"href":"https:\/\/partyinabox.dk\/party\/wp-json\/wp\/v2\/product\/51566","targetHints":{"allow":["GET"]}}],"collection":[{"href":"https:\/\/partyinabox.dk\/party\/wp-json\/wp\/v2\/product"}],"about":[{"href":"https:\/\/partyinabox.dk\/party\/wp-json\/wp\/v2\/types\/product"}],"wp:featuredmedia":[{"embeddable":true,"href":"https:\/\/partyinabox.dk\/party\/wp-json\/wp\/v2\/media\/51567"}],"wp:attachment":[{"href":"https:\/\/partyinabox.dk\/party\/wp-json\/wp\/v2\/media?parent=51566"}],"wp:term":[{"taxonomy":"product_brand","embeddable":true,"href":"https:\/\/partyinabox.dk\/party\/wp-json\/wp\/v2\/product_brand?post=51566"},{"taxonomy":"product_cat","embeddable":true,"href":"https:\/\/partyinabox.dk\/party\/wp-json\/wp\/v2\/product_cat?post=51566"},{"taxonomy":"product_tag","embeddable":true,"href":"https:\/\/partyinabox.dk\/party\/wp-json\/wp\/v2\/product_tag?post=51566"}],"curies":[{"name":"wp","href":"https:\/\/api.w.org\/{rel}","templated":true}]}}