{"id":51502,"date":"2023-10-31T00:00:00","date_gmt":"2023-10-30T23:00:00","guid":{"rendered":"https:\/\/partyinabox.dk\/party\/?post_type=product&#038;p=51502"},"modified":"2026-03-17T12:45:00","modified_gmt":"2026-03-17T11:45:00","slug":"groen-snoet-juletrae-m-sne-lille","status":"publish","type":"product","link":"https:\/\/partyinabox.dk\/party\/vare\/groen-snoet-juletrae-m-sne-lille\/","title":{"rendered":"Gr\u00f8n snoet juletr\u00e6 m\/sne (lille)"},"content":{"rendered":"<p>Lav et hyggeligt winter wonderland landskab p\u00e5 dit julebord med dette fine, snoet, gr\u00f8nne kunstige grantr\u00e6 med sne p\u00e5. Juletr\u00e6et st\u00e5r p\u00e5 en rund tr\u00e6 fod og vil g\u00f8re sig godt sammen med andre natur elementer p\u00e5 bordet til jul, eller som en del af julepynten igennem december. Du kan ogs\u00e5 bruge den til et nordisk hvid jul tema til julefrokost eller selve juleaften.<\/p>\n<p>Indhold: 1 stk. \/ M\u00e5l: 8 x 18 cm (\u00d8 x H)<\/p>\n","protected":false},"excerpt":{"rendered":"<p>Lav et hyggeligt winter wonderland landskab p\u00e5 dit julebord med dette fine, snoet, gr\u00f8nne kunstige grantr\u00e6 med sne p\u00e5. Juletr\u00e6et st\u00e5r p\u00e5 en rund tr\u00e6 fod og vil g\u00f8re sig godt sammen med andre natur elementer p\u00e5 bordet til jul, [&hellip;]<\/p>\n","protected":false},"featured_media":51503,"template":"","meta":{"_acf_changed":false},"product_brand":[],"product_cat":[19],"product_tag":[],"class_list":{"0":"post-51502","1":"product","2":"type-product","3":"status-publish","4":"has-post-thumbnail","6":"product_cat-pynt","8":"first","9":"instock","10":"taxable","11":"shipping-taxable","12":"purchasable","13":"product-type-simple"},"bundled_by":[],"bundle_stock_status":"instock","bundle_stock_quantity":24,"bundle_virtual":false,"bundle_layout":"","bundle_add_to_cart_form_location":"","bundle_editable_in_cart":false,"bundle_sold_individually_context":"","bundle_item_grouping":"","bundle_min_size":"","bundle_max_size":"","bundle_price":[],"bundled_items":[],"bundle_sell_ids":[],"acf":[],"tiered_pricing_type":"fixed","tiered_pricing_fixed_rules":[],"tiered_pricing_product_settings":{"layout":"default","base_unit_name":{"singular":null,"plural":null},"default_variation":null},"tiered_pricing_minimum_quantity":null,"tiered_pricing_roles_data":[],"tiered_pricing_percentage_rules":[],"tiered_pricing_maximum_quantity":null,"tiered_pricing_quantity_step":null,"_links":{"self":[{"href":"https:\/\/partyinabox.dk\/party\/wp-json\/wp\/v2\/product\/51502","targetHints":{"allow":["GET"]}}],"collection":[{"href":"https:\/\/partyinabox.dk\/party\/wp-json\/wp\/v2\/product"}],"about":[{"href":"https:\/\/partyinabox.dk\/party\/wp-json\/wp\/v2\/types\/product"}],"wp:featuredmedia":[{"embeddable":true,"href":"https:\/\/partyinabox.dk\/party\/wp-json\/wp\/v2\/media\/51503"}],"wp:attachment":[{"href":"https:\/\/partyinabox.dk\/party\/wp-json\/wp\/v2\/media?parent=51502"}],"wp:term":[{"taxonomy":"product_brand","embeddable":true,"href":"https:\/\/partyinabox.dk\/party\/wp-json\/wp\/v2\/product_brand?post=51502"},{"taxonomy":"product_cat","embeddable":true,"href":"https:\/\/partyinabox.dk\/party\/wp-json\/wp\/v2\/product_cat?post=51502"},{"taxonomy":"product_tag","embeddable":true,"href":"https:\/\/partyinabox.dk\/party\/wp-json\/wp\/v2\/product_tag?post=51502"}],"curies":[{"name":"wp","href":"https:\/\/api.w.org\/{rel}","templated":true}]}}