{"id":51352,"date":"2023-10-31T00:00:00","date_gmt":"2023-10-30T23:00:00","guid":{"rendered":"https:\/\/partyinabox.dk\/party\/?post_type=product&#038;p=51352"},"modified":"2026-03-30T13:16:53","modified_gmt":"2026-03-30T11:16:53","slug":"grantrae-med-sne-i-glasflaske","status":"publish","type":"product","link":"https:\/\/partyinabox.dk\/party\/vare\/grantrae-med-sne-i-glasflaske\/","title":{"rendered":"Grantr\u00e6 med sne i glasflaske (stor)"},"content":{"rendered":"<p>Skal dit julebord emme af nordisk hvid jul, s\u00e5 er denne juledekoration et must have. Julepynt har sj\u00e6ldent v\u00e6ret s\u00e5 fint, som denne glasflaske med kork l\u00e5, som indeholder et kunstigt juletr\u00e6 d\u00e6kket af sne. Rundt om grantr\u00e6et ligger der l\u00f8s kunstig sne. Toppen af flasken er viklet ind i jutesnor \/ sejlgarn. Brug flasken p\u00e5 julebordet sammen med julepynt i tr\u00e6, LED lys og gran og skab \u00e6gte julestemning. Kan bruges hele december, til julefrokost eller til selve juleaften.<\/p>\n<p>Indhold: 1 stk. \/ M\u00e5l: 8 x 16,5 cm (\u00d8 x H)<\/p>\n","protected":false},"excerpt":{"rendered":"<p>Skal dit julebord emme af nordisk hvid jul, s\u00e5 er denne juledekoration et must have. Julepynt har sj\u00e6ldent v\u00e6ret s\u00e5 fint, som denne glasflaske med kork l\u00e5, som indeholder et kunstigt juletr\u00e6 d\u00e6kket af sne. Rundt om grantr\u00e6et ligger der [&hellip;]<\/p>\n","protected":false},"featured_media":51353,"template":"","meta":{"_acf_changed":false},"product_brand":[],"product_cat":[19],"product_tag":[],"class_list":{"0":"post-51352","1":"product","2":"type-product","3":"status-publish","4":"has-post-thumbnail","6":"product_cat-pynt","8":"first","9":"instock","10":"taxable","11":"shipping-taxable","12":"purchasable","13":"product-type-simple"},"bundled_by":[],"bundle_stock_status":"instock","bundle_stock_quantity":27,"bundle_virtual":false,"bundle_layout":"","bundle_add_to_cart_form_location":"","bundle_editable_in_cart":false,"bundle_sold_individually_context":"","bundle_item_grouping":"","bundle_min_size":"","bundle_max_size":"","bundle_price":[],"bundled_items":[],"bundle_sell_ids":[],"acf":[],"tiered_pricing_type":"fixed","tiered_pricing_fixed_rules":[],"tiered_pricing_product_settings":{"layout":"default","base_unit_name":{"singular":null,"plural":null},"default_variation":null},"tiered_pricing_minimum_quantity":null,"tiered_pricing_roles_data":[],"tiered_pricing_percentage_rules":[],"tiered_pricing_maximum_quantity":null,"tiered_pricing_quantity_step":null,"_links":{"self":[{"href":"https:\/\/partyinabox.dk\/party\/wp-json\/wp\/v2\/product\/51352","targetHints":{"allow":["GET"]}}],"collection":[{"href":"https:\/\/partyinabox.dk\/party\/wp-json\/wp\/v2\/product"}],"about":[{"href":"https:\/\/partyinabox.dk\/party\/wp-json\/wp\/v2\/types\/product"}],"wp:featuredmedia":[{"embeddable":true,"href":"https:\/\/partyinabox.dk\/party\/wp-json\/wp\/v2\/media\/51353"}],"wp:attachment":[{"href":"https:\/\/partyinabox.dk\/party\/wp-json\/wp\/v2\/media?parent=51352"}],"wp:term":[{"taxonomy":"product_brand","embeddable":true,"href":"https:\/\/partyinabox.dk\/party\/wp-json\/wp\/v2\/product_brand?post=51352"},{"taxonomy":"product_cat","embeddable":true,"href":"https:\/\/partyinabox.dk\/party\/wp-json\/wp\/v2\/product_cat?post=51352"},{"taxonomy":"product_tag","embeddable":true,"href":"https:\/\/partyinabox.dk\/party\/wp-json\/wp\/v2\/product_tag?post=51352"}],"curies":[{"name":"wp","href":"https:\/\/api.w.org\/{rel}","templated":true}]}}