{"id":51220,"date":"2023-10-25T13:58:11","date_gmt":"2023-10-25T11:58:11","guid":{"rendered":"https:\/\/partyinabox.dk\/party\/?post_type=product&#038;p=51220"},"modified":"2026-04-23T12:50:37","modified_gmt":"2026-04-23T10:50:37","slug":"groen-graes-bordloeber","status":"publish","type":"product","link":"https:\/\/partyinabox.dk\/party\/vare\/groen-graes-bordloeber\/","title":{"rendered":"Gr\u00f8n gr\u00e6s bordl\u00f8ber"},"content":{"rendered":"<p>Lige meget om du holder konfirmation med fodbold tema, bryllup med natur pynt, sommerfest eller en \u00e6gte fodbold f\u00f8dselsdag, s\u00e5 er denne l\u00f8ber perfekt p\u00e5 bordet. L\u00f8beren til bordet er lavet af kunstig gr\u00e6s og kan derfor holde sig gr\u00f8n hele dagen. Den kan selvf\u00f8lgelig ogs\u00e5 bruges igen og igen. Brug den sammen med fine natur og tr\u00e6 elementer eller en masse fed fodbold pynt.<\/p>\n<p>Indhold: 1 stk. \/ M\u00e5l: 20 cm x 1 meter (B x L)<\/p>\n","protected":false},"excerpt":{"rendered":"<p>Lige meget om du holder konfirmation med fodbold tema, bryllup med natur pynt, sommerfest eller en \u00e6gte fodbold f\u00f8dselsdag, s\u00e5 er denne l\u00f8ber perfekt p\u00e5 bordet. L\u00f8beren til bordet er lavet af kunstig gr\u00e6s og kan derfor holde sig gr\u00f8n [&hellip;]<\/p>\n","protected":false},"featured_media":51222,"template":"","meta":{"_acf_changed":false},"product_brand":[],"product_cat":[32],"product_tag":[],"class_list":{"0":"post-51220","1":"product","2":"type-product","3":"status-publish","4":"has-post-thumbnail","6":"product_cat-service","8":"first","9":"instock","10":"taxable","11":"shipping-taxable","12":"purchasable","13":"product-type-simple"},"bundled_by":[],"bundle_stock_status":"instock","bundle_stock_quantity":60,"bundle_virtual":false,"bundle_layout":"","bundle_add_to_cart_form_location":"","bundle_editable_in_cart":false,"bundle_sold_individually_context":"","bundle_item_grouping":"","bundle_min_size":"","bundle_max_size":"","bundle_price":[],"bundled_items":[],"bundle_sell_ids":[],"acf":[],"tiered_pricing_type":"fixed","tiered_pricing_fixed_rules":[],"tiered_pricing_product_settings":{"layout":"default","base_unit_name":{"singular":null,"plural":null},"default_variation":null},"tiered_pricing_minimum_quantity":null,"tiered_pricing_roles_data":[],"tiered_pricing_percentage_rules":[],"tiered_pricing_maximum_quantity":null,"tiered_pricing_quantity_step":null,"_links":{"self":[{"href":"https:\/\/partyinabox.dk\/party\/wp-json\/wp\/v2\/product\/51220","targetHints":{"allow":["GET"]}}],"collection":[{"href":"https:\/\/partyinabox.dk\/party\/wp-json\/wp\/v2\/product"}],"about":[{"href":"https:\/\/partyinabox.dk\/party\/wp-json\/wp\/v2\/types\/product"}],"wp:featuredmedia":[{"embeddable":true,"href":"https:\/\/partyinabox.dk\/party\/wp-json\/wp\/v2\/media\/51222"}],"wp:attachment":[{"href":"https:\/\/partyinabox.dk\/party\/wp-json\/wp\/v2\/media?parent=51220"}],"wp:term":[{"taxonomy":"product_brand","embeddable":true,"href":"https:\/\/partyinabox.dk\/party\/wp-json\/wp\/v2\/product_brand?post=51220"},{"taxonomy":"product_cat","embeddable":true,"href":"https:\/\/partyinabox.dk\/party\/wp-json\/wp\/v2\/product_cat?post=51220"},{"taxonomy":"product_tag","embeddable":true,"href":"https:\/\/partyinabox.dk\/party\/wp-json\/wp\/v2\/product_tag?post=51220"}],"curies":[{"name":"wp","href":"https:\/\/api.w.org\/{rel}","templated":true}]}}