{"id":51099,"date":"2023-11-13T00:00:00","date_gmt":"2023-11-12T23:00:00","guid":{"rendered":"https:\/\/partyinabox.dk\/party\/?post_type=product&#038;p=51099"},"modified":"2026-04-15T17:27:14","modified_gmt":"2026-04-15T15:27:14","slug":"stoev-groen-bamse-tallerken-lille","status":"publish","type":"product","link":"https:\/\/partyinabox.dk\/party\/vare\/stoev-groen-bamse-tallerken-lille\/","title":{"rendered":"St\u00f8v gr\u00f8n bamse paptallerken (lille)"},"content":{"rendered":"<p>Hold den s\u00f8deste barned\u00e5b eller babyshower med denne st\u00f8v gr\u00f8nne bamse paptallerken med bamse og balloner p\u00e5. Brug tallerken sammen med de andre elementer i bamse-serien og suppler med pynt i fine natur gr\u00f8nne farver.<\/p>\n<p><strong>HUSK:<\/strong> kop og dug som passer til.<\/p>\n<p>Indhold: 8 stk. \/ M\u00e5l: 18 cm (\u00d8)<\/p>\n","protected":false},"excerpt":{"rendered":"<p>Hold den s\u00f8deste barned\u00e5b eller babyshower med denne st\u00f8v gr\u00f8nne bamse paptallerken med bamse og balloner p\u00e5. Brug tallerken sammen med de andre elementer i bamse-serien og suppler med pynt i fine natur gr\u00f8nne farver. HUSK: kop og dug som [&hellip;]<\/p>\n","protected":false},"featured_media":51100,"template":"","meta":{"_acf_changed":false},"product_brand":[],"product_cat":[32],"product_tag":[],"class_list":{"0":"post-51099","1":"product","2":"type-product","3":"status-publish","4":"has-post-thumbnail","6":"product_cat-service","8":"first","9":"instock","10":"taxable","11":"shipping-taxable","12":"purchasable","13":"product-type-simple"},"bundled_by":[],"bundle_stock_status":"instock","bundle_stock_quantity":79,"bundle_virtual":false,"bundle_layout":"","bundle_add_to_cart_form_location":"","bundle_editable_in_cart":false,"bundle_sold_individually_context":"","bundle_item_grouping":"","bundle_min_size":"","bundle_max_size":"","bundle_price":[],"bundled_items":[],"bundle_sell_ids":[],"acf":[],"tiered_pricing_type":"fixed","tiered_pricing_fixed_rules":[],"tiered_pricing_product_settings":{"layout":"default","base_unit_name":{"singular":null,"plural":null},"default_variation":null},"tiered_pricing_minimum_quantity":null,"tiered_pricing_roles_data":[],"tiered_pricing_percentage_rules":[],"tiered_pricing_maximum_quantity":null,"tiered_pricing_quantity_step":null,"_links":{"self":[{"href":"https:\/\/partyinabox.dk\/party\/wp-json\/wp\/v2\/product\/51099","targetHints":{"allow":["GET"]}}],"collection":[{"href":"https:\/\/partyinabox.dk\/party\/wp-json\/wp\/v2\/product"}],"about":[{"href":"https:\/\/partyinabox.dk\/party\/wp-json\/wp\/v2\/types\/product"}],"wp:featuredmedia":[{"embeddable":true,"href":"https:\/\/partyinabox.dk\/party\/wp-json\/wp\/v2\/media\/51100"}],"wp:attachment":[{"href":"https:\/\/partyinabox.dk\/party\/wp-json\/wp\/v2\/media?parent=51099"}],"wp:term":[{"taxonomy":"product_brand","embeddable":true,"href":"https:\/\/partyinabox.dk\/party\/wp-json\/wp\/v2\/product_brand?post=51099"},{"taxonomy":"product_cat","embeddable":true,"href":"https:\/\/partyinabox.dk\/party\/wp-json\/wp\/v2\/product_cat?post=51099"},{"taxonomy":"product_tag","embeddable":true,"href":"https:\/\/partyinabox.dk\/party\/wp-json\/wp\/v2\/product_tag?post=51099"}],"curies":[{"name":"wp","href":"https:\/\/api.w.org\/{rel}","templated":true}]}}