{"id":51079,"date":"2023-10-23T11:55:27","date_gmt":"2023-10-23T09:55:27","guid":{"rendered":"https:\/\/partyinabox.dk\/party\/?post_type=product&#038;p=51079"},"modified":"2026-03-16T15:42:44","modified_gmt":"2026-03-16T14:42:44","slug":"60-cm-mat-wild-rose-rund-ballon","status":"publish","type":"product","link":"https:\/\/partyinabox.dk\/party\/vare\/60-cm-mat-wild-rose-rund-ballon\/","title":{"rendered":"60 cm mat wild rose rund ballon"},"content":{"rendered":"<p>Hvis du vil g\u00f8re noget ekstra ud af festen, s\u00e5 skal du g\u00e5 med 60 cm mat r\u00f8d \/ bordeauxr\u00f8d latex balloner &#8211; de giver med garanti wow effekt! Pust dem op med helium, og lad dem sv\u00e6ve i forskellige h\u00f8jder i lokalet. <strong>HUSK<\/strong> Hi Float for forl\u00e6nget holdbarhed med helium. Du kan ogs\u00e5 puste dem op med alm. luft, og have dem liggende p\u00e5 gulvet &#8211; masser af sjov for b\u00f8rn og barnlige sj\u00e6le. Perfekt som ballon pynt til din konfirmation, bryllup, barned\u00e5b, f\u00f8dselsdag eller sommerfest.<\/p>\n<p><strong>OBS:<\/strong> husk en tung v\u00e6gt, hvis du fylder ballonen med helium.<\/p>\n<p>Indhold: 1 stk. \/ M\u00e5l: 60 cm (\u00d8)<\/p>\n<p>&nbsp;<\/p>\n","protected":false},"excerpt":{"rendered":"<p>Hvis du vil g\u00f8re noget ekstra ud af festen, s\u00e5 skal du g\u00e5 med 60 cm mat r\u00f8d \/ bordeauxr\u00f8d latex balloner &#8211; de giver med garanti wow effekt! Pust dem op med helium, og lad dem sv\u00e6ve i forskellige [&hellip;]<\/p>\n","protected":false},"featured_media":51080,"template":"","meta":{"_acf_changed":false},"product_brand":[],"product_cat":[30],"product_tag":[],"class_list":{"0":"post-51079","1":"product","2":"type-product","3":"status-publish","4":"has-post-thumbnail","6":"product_cat-balloner","8":"first","9":"instock","10":"taxable","11":"shipping-taxable","12":"purchasable","13":"product-type-simple"},"bundled_by":[],"bundle_stock_status":"instock","bundle_stock_quantity":62,"bundle_virtual":false,"bundle_layout":"","bundle_add_to_cart_form_location":"","bundle_editable_in_cart":false,"bundle_sold_individually_context":"","bundle_item_grouping":"","bundle_min_size":"","bundle_max_size":"","bundle_price":[],"bundled_items":[],"bundle_sell_ids":[],"acf":[],"tiered_pricing_type":"fixed","tiered_pricing_fixed_rules":[],"tiered_pricing_product_settings":{"layout":"default","base_unit_name":{"singular":null,"plural":null},"default_variation":null},"tiered_pricing_minimum_quantity":null,"tiered_pricing_roles_data":[],"tiered_pricing_percentage_rules":[],"tiered_pricing_maximum_quantity":null,"tiered_pricing_quantity_step":null,"_links":{"self":[{"href":"https:\/\/partyinabox.dk\/party\/wp-json\/wp\/v2\/product\/51079","targetHints":{"allow":["GET"]}}],"collection":[{"href":"https:\/\/partyinabox.dk\/party\/wp-json\/wp\/v2\/product"}],"about":[{"href":"https:\/\/partyinabox.dk\/party\/wp-json\/wp\/v2\/types\/product"}],"wp:featuredmedia":[{"embeddable":true,"href":"https:\/\/partyinabox.dk\/party\/wp-json\/wp\/v2\/media\/51080"}],"wp:attachment":[{"href":"https:\/\/partyinabox.dk\/party\/wp-json\/wp\/v2\/media?parent=51079"}],"wp:term":[{"taxonomy":"product_brand","embeddable":true,"href":"https:\/\/partyinabox.dk\/party\/wp-json\/wp\/v2\/product_brand?post=51079"},{"taxonomy":"product_cat","embeddable":true,"href":"https:\/\/partyinabox.dk\/party\/wp-json\/wp\/v2\/product_cat?post=51079"},{"taxonomy":"product_tag","embeddable":true,"href":"https:\/\/partyinabox.dk\/party\/wp-json\/wp\/v2\/product_tag?post=51079"}],"curies":[{"name":"wp","href":"https:\/\/api.w.org\/{rel}","templated":true}]}}