{"id":50785,"date":"2026-03-06T00:00:00","date_gmt":"2026-03-05T23:00:00","guid":{"rendered":"https:\/\/partyinabox.dk\/party\/?post_type=product&#038;p=50785"},"modified":"2026-04-17T11:14:09","modified_gmt":"2026-04-17T09:14:09","slug":"lyn-torden-lyseffekt-lampe","status":"publish","type":"product","link":"https:\/\/partyinabox.dk\/party\/vare\/lyn-torden-lyseffekt-lampe\/","title":{"rendered":"Lyn &#038; Torden lyseffekt lampe"},"content":{"rendered":"<p>Skr\u00e6m dine g\u00e6ster for vid og sans denne Halloween med denne Lyn &amp; Torden Lyseffekt Lampe! Lyseffekt lampen egner sig til dig der \u00f8nsker at skabe en uhyggelig stemning til Halloweenfesten. Lampen simulerer nemlig b\u00e5de tordenlys og bragende torden, s\u00e5ledes at alle der i n\u00e6rheden af den f\u00f8ler, at de st\u00e5r midt i en skr\u00e6mmende storm.<\/p>\n<p><strong>OBS:<\/strong> lampen bruger 3 x AA-batterier (medf\u00f8lger ikke) og er kun til indend\u00f8rs brug<\/p>\n<p>Indhold: 1 stk. \/ M\u00e5l: 18,5 x 14 cm<\/p>\n<p>&nbsp;<\/p>\n<p><iframe loading=\"lazy\" title=\"94152 - Lightning Projector with sound\" width=\"500\" height=\"281\" src=\"https:\/\/www.youtube.com\/embed\/4fEgJiJ2S_8?feature=oembed&#038;enablejsapi=1&#038;origin=https:\/\/partyinabox.dk\" frameborder=\"0\" allow=\"accelerometer; autoplay; clipboard-write; encrypted-media; gyroscope; picture-in-picture; web-share\" referrerpolicy=\"strict-origin-when-cross-origin\" allowfullscreen><\/iframe><\/p>\n","protected":false},"excerpt":{"rendered":"<p>Skr\u00e6m dine g\u00e6ster for vid og sans denne Halloween med denne Lyn &amp; Torden Lyseffekt Lampe! Lyseffekt lampen egner sig til dig der \u00f8nsker at skabe en uhyggelig stemning til Halloweenfesten. Lampen simulerer nemlig b\u00e5de tordenlys og bragende torden, s\u00e5ledes [&hellip;]<\/p>\n","protected":false},"featured_media":50786,"template":"","meta":{"_acf_changed":false},"product_brand":[],"product_cat":[19],"product_tag":[],"class_list":{"0":"post-50785","1":"product","2":"type-product","3":"status-publish","4":"has-post-thumbnail","6":"product_cat-pynt","8":"first","9":"instock","10":"taxable","11":"shipping-taxable","12":"purchasable","13":"product-type-simple"},"bundled_by":[],"bundle_stock_status":"instock","bundle_stock_quantity":107,"bundle_virtual":false,"bundle_layout":"","bundle_add_to_cart_form_location":"","bundle_editable_in_cart":false,"bundle_sold_individually_context":"","bundle_item_grouping":"","bundle_min_size":"","bundle_max_size":"","bundle_price":[],"bundled_items":[],"bundle_sell_ids":[],"acf":[],"tiered_pricing_type":"fixed","tiered_pricing_fixed_rules":[],"tiered_pricing_product_settings":{"layout":"default","base_unit_name":{"singular":null,"plural":null},"default_variation":null},"tiered_pricing_minimum_quantity":null,"tiered_pricing_roles_data":[],"tiered_pricing_percentage_rules":[],"tiered_pricing_maximum_quantity":null,"tiered_pricing_quantity_step":null,"_links":{"self":[{"href":"https:\/\/partyinabox.dk\/party\/wp-json\/wp\/v2\/product\/50785","targetHints":{"allow":["GET"]}}],"collection":[{"href":"https:\/\/partyinabox.dk\/party\/wp-json\/wp\/v2\/product"}],"about":[{"href":"https:\/\/partyinabox.dk\/party\/wp-json\/wp\/v2\/types\/product"}],"wp:featuredmedia":[{"embeddable":true,"href":"https:\/\/partyinabox.dk\/party\/wp-json\/wp\/v2\/media\/50786"}],"wp:attachment":[{"href":"https:\/\/partyinabox.dk\/party\/wp-json\/wp\/v2\/media?parent=50785"}],"wp:term":[{"taxonomy":"product_brand","embeddable":true,"href":"https:\/\/partyinabox.dk\/party\/wp-json\/wp\/v2\/product_brand?post=50785"},{"taxonomy":"product_cat","embeddable":true,"href":"https:\/\/partyinabox.dk\/party\/wp-json\/wp\/v2\/product_cat?post=50785"},{"taxonomy":"product_tag","embeddable":true,"href":"https:\/\/partyinabox.dk\/party\/wp-json\/wp\/v2\/product_tag?post=50785"}],"curies":[{"name":"wp","href":"https:\/\/api.w.org\/{rel}","templated":true}]}}