{"id":50760,"date":"2026-03-06T00:00:00","date_gmt":"2026-03-05T23:00:00","guid":{"rendered":"https:\/\/partyinabox.dk\/party\/?post_type=product&#038;p=50760"},"modified":"2026-03-13T11:06:38","modified_gmt":"2026-03-13T10:06:38","slug":"roegmaskine-til-vand-multifarvet","status":"publish","type":"product","link":"https:\/\/partyinabox.dk\/party\/vare\/roegmaskine-til-vand-multifarvet\/","title":{"rendered":"R\u00f8gmaskine til vand (multifarvet)"},"content":{"rendered":"<p>Skab en magisk, mystisk eller uhyggelig stemning til f.eks. din halloween fest, hekse fest eller eventyr fest med denne r\u00f8gmaskine til vand, som producere hvid r\u00f8g. De indbyggede LED-lys i forskellige farver tilf\u00f8jer en ekstra dimension til oplevelsen og og f\u00e5r r\u00f8gen til at &#8220;skifte farve&#8221;.<\/p>\n<p><b>S\u00e5dan bruger du r\u00f8gmaskinen<\/b>: L\u00e6g den i en sk\u00e5l eller bowle fyldt med vand og t\u00e6nd for den. Snart vil den hvide r\u00f8g sprede sig og indhylle lokalet i r\u00f8g. For at opn\u00e5 den bedste r\u00f8geffekt anbefales det at holde vandstanden mellem 5-7 cm. R\u00f8gmaskinen er udstyret med en atomiseringsdiameter p\u00e5 16mm \/ 20mm og en frekvens p\u00e5 1,7 MHz, hvilket sikrer en ensartet og imponerende r\u00f8gproduktion.<\/p>\n<p><strong>OBS:<\/strong> da r\u00f8gen bliver skabt gennem vibrationer kan maskinen spr\u00f8jte med vandet. Brug derfor en stor salatsk\u00e5l \/ fad, stor heksekedel eller en champangek\u00f8ler til at neds\u00e6nke maskinen i, for at undg\u00e5 vand p\u00e5 bordet. Brug gerne noget med stor radius, men ikke s\u00e5 h\u00f8je kanter, s\u00e5 r\u00f8gen kan b\u00f8lge ud over. V\u00e6r obs p\u00e5 at vandet kan spr\u00f8jte lidt n\u00e5r r\u00f8gmaskinen er t\u00e6ndt, s\u00e5 ha&#8217; enten nogen under som kan t\u00e5le vand eller brug den udenfor.<\/p>\n<p><b>Sikkerhedsadvarsel:<\/b>\u00a0R\u00f8gmaskinen er ikke egnet til b\u00f8rn under 3 \u00e5r, da den kan indeholde sm\u00e5 dele, der udg\u00f8r en kv\u00e6lningsfare. Brug ikke r\u00f8gmaskinen i n\u00e6rheden af ild, h\u00f8j sp\u00e6nding eller under stormvejr. Bem\u00e6rk ogs\u00e5, at farver og detaljer kan variere fra billedet.<\/p>\n<p><b>Detaljer:<\/b><\/p>\n<ul>\n<li>Input sp\u00e6nding transformer: AC 100-240V 50\/60Hz<\/li>\n<li>Output sp\u00e6nding transformer: DC 24V &amp; 1A<\/li>\n<li>Atomizer hoved sp\u00e6nding: AC\/DC 24V<\/li>\n<li>Atomisering diameter: 16mm \/ 20mm<\/li>\n<li>Atomisering frekvens: 1.7MHz<\/li>\n<li>Vandforbrug: 250 ml &#8211; 450 ml<\/li>\n<li>Optimalt Vandniveau: 5 &#8211; 7 cm<\/li>\n<\/ul>\n<p>Indhold: 1 stk.<\/p>\n<p><iframe loading=\"lazy\" title=\"R\u00f8gmaskine Til Vand Multifarvet\" width=\"500\" height=\"281\" src=\"https:\/\/www.youtube.com\/embed\/P0LZ0WiwHP0?feature=oembed&#038;enablejsapi=1&#038;origin=https:\/\/partyinabox.dk\" frameborder=\"0\" allow=\"accelerometer; autoplay; clipboard-write; encrypted-media; gyroscope; picture-in-picture; web-share\" referrerpolicy=\"strict-origin-when-cross-origin\" allowfullscreen><\/iframe><\/p>\n","protected":false},"excerpt":{"rendered":"<p>Skab en magisk, mystisk eller uhyggelig stemning til f.eks. din halloween fest, hekse fest eller eventyr fest med denne r\u00f8gmaskine til vand, som producere hvid r\u00f8g. De indbyggede LED-lys i forskellige farver tilf\u00f8jer en ekstra dimension til oplevelsen og og [&hellip;]<\/p>\n","protected":false},"featured_media":50762,"template":"","meta":{"_acf_changed":false},"product_brand":[],"product_cat":[34],"product_tag":[],"class_list":{"0":"post-50760","1":"product","2":"type-product","3":"status-publish","4":"has-post-thumbnail","6":"product_cat-accessories","8":"first","9":"outofstock","10":"taxable","11":"shipping-taxable","12":"purchasable","13":"product-type-simple"},"bundled_by":[],"bundle_stock_status":"outofstock","bundle_stock_quantity":0,"bundle_virtual":false,"bundle_layout":"","bundle_add_to_cart_form_location":"","bundle_editable_in_cart":false,"bundle_sold_individually_context":"","bundle_item_grouping":"","bundle_min_size":"","bundle_max_size":"","bundle_price":[],"bundled_items":[],"bundle_sell_ids":[],"acf":[],"tiered_pricing_type":"fixed","tiered_pricing_fixed_rules":[],"tiered_pricing_product_settings":{"layout":"default","base_unit_name":{"singular":null,"plural":null},"default_variation":null},"tiered_pricing_minimum_quantity":null,"tiered_pricing_roles_data":[],"tiered_pricing_percentage_rules":[],"tiered_pricing_maximum_quantity":null,"tiered_pricing_quantity_step":null,"_links":{"self":[{"href":"https:\/\/partyinabox.dk\/party\/wp-json\/wp\/v2\/product\/50760","targetHints":{"allow":["GET"]}}],"collection":[{"href":"https:\/\/partyinabox.dk\/party\/wp-json\/wp\/v2\/product"}],"about":[{"href":"https:\/\/partyinabox.dk\/party\/wp-json\/wp\/v2\/types\/product"}],"wp:featuredmedia":[{"embeddable":true,"href":"https:\/\/partyinabox.dk\/party\/wp-json\/wp\/v2\/media\/50762"}],"wp:attachment":[{"href":"https:\/\/partyinabox.dk\/party\/wp-json\/wp\/v2\/media?parent=50760"}],"wp:term":[{"taxonomy":"product_brand","embeddable":true,"href":"https:\/\/partyinabox.dk\/party\/wp-json\/wp\/v2\/product_brand?post=50760"},{"taxonomy":"product_cat","embeddable":true,"href":"https:\/\/partyinabox.dk\/party\/wp-json\/wp\/v2\/product_cat?post=50760"},{"taxonomy":"product_tag","embeddable":true,"href":"https:\/\/partyinabox.dk\/party\/wp-json\/wp\/v2\/product_tag?post=50760"}],"curies":[{"name":"wp","href":"https:\/\/api.w.org\/{rel}","templated":true}]}}