{"id":50143,"date":"2023-09-27T11:05:48","date_gmt":"2023-09-27T09:05:48","guid":{"rendered":"https:\/\/partyinabox.dk\/party\/?post_type=product&#038;p=50143"},"modified":"2026-04-10T11:47:08","modified_gmt":"2026-04-10T09:47:08","slug":"guld-photo-props-saet-m-ballon-ramme","status":"publish","type":"product","link":"https:\/\/partyinabox.dk\/party\/vare\/guld-photo-props-saet-m-ballon-ramme\/","title":{"rendered":"Guld photo props s\u00e6t m\/ballon ramme"},"content":{"rendered":"<p>Tag de sjoveste billeder \/ selfies til din f\u00f8dselsdag, nyt\u00e5r, bryllup eller sommerfest med dette photo prop s\u00e6t med hele 12 dele. S\u00e6ttet har en masse sjove props (briller, hatte, glas, l\u00e6ber) p\u00e5 pinde, samt en guld folie ballon ramme. Ballon rammen skal pustes op med alm. luft ved hj\u00e6lp af en ballon pumpe eller et suger\u00f8r.<\/p>\n<p>Indhold: 12 dele<\/p>\n","protected":false},"excerpt":{"rendered":"<p>Tag de sjoveste billeder \/ selfies til din f\u00f8dselsdag, nyt\u00e5r, bryllup eller sommerfest med dette photo prop s\u00e6t med hele 12 dele. S\u00e6ttet har en masse sjove props (briller, hatte, glas, l\u00e6ber) p\u00e5 pinde, samt en guld folie ballon ramme. [&hellip;]<\/p>\n","protected":false},"featured_media":50149,"template":"","meta":{"_acf_changed":false},"product_brand":[],"product_cat":[34],"product_tag":[],"class_list":{"0":"post-50143","1":"product","2":"type-product","3":"status-publish","4":"has-post-thumbnail","6":"product_cat-accessories","8":"first","9":"instock","10":"taxable","11":"shipping-taxable","12":"purchasable","13":"product-type-simple"},"bundled_by":[],"bundle_stock_status":"instock","bundle_stock_quantity":9,"bundle_virtual":false,"bundle_layout":"","bundle_add_to_cart_form_location":"","bundle_editable_in_cart":false,"bundle_sold_individually_context":"","bundle_item_grouping":"","bundle_min_size":"","bundle_max_size":"","bundle_price":[],"bundled_items":[],"bundle_sell_ids":[],"acf":[],"tiered_pricing_type":"fixed","tiered_pricing_fixed_rules":[],"tiered_pricing_product_settings":{"layout":"default","base_unit_name":{"singular":null,"plural":null},"default_variation":null},"tiered_pricing_minimum_quantity":null,"tiered_pricing_roles_data":[],"tiered_pricing_percentage_rules":[],"tiered_pricing_maximum_quantity":null,"tiered_pricing_quantity_step":null,"_links":{"self":[{"href":"https:\/\/partyinabox.dk\/party\/wp-json\/wp\/v2\/product\/50143","targetHints":{"allow":["GET"]}}],"collection":[{"href":"https:\/\/partyinabox.dk\/party\/wp-json\/wp\/v2\/product"}],"about":[{"href":"https:\/\/partyinabox.dk\/party\/wp-json\/wp\/v2\/types\/product"}],"wp:featuredmedia":[{"embeddable":true,"href":"https:\/\/partyinabox.dk\/party\/wp-json\/wp\/v2\/media\/50149"}],"wp:attachment":[{"href":"https:\/\/partyinabox.dk\/party\/wp-json\/wp\/v2\/media?parent=50143"}],"wp:term":[{"taxonomy":"product_brand","embeddable":true,"href":"https:\/\/partyinabox.dk\/party\/wp-json\/wp\/v2\/product_brand?post=50143"},{"taxonomy":"product_cat","embeddable":true,"href":"https:\/\/partyinabox.dk\/party\/wp-json\/wp\/v2\/product_cat?post=50143"},{"taxonomy":"product_tag","embeddable":true,"href":"https:\/\/partyinabox.dk\/party\/wp-json\/wp\/v2\/product_tag?post=50143"}],"curies":[{"name":"wp","href":"https:\/\/api.w.org\/{rel}","templated":true}]}}