{"id":49741,"date":"2026-03-06T00:00:00","date_gmt":"2026-03-05T23:00:00","guid":{"rendered":"https:\/\/partyinabox.dk\/party\/?post_type=product&#038;p=49741"},"modified":"2026-03-31T15:37:22","modified_gmt":"2026-03-31T13:37:22","slug":"lyseblaa-loeber-til-gulvet","status":"publish","type":"product","link":"https:\/\/partyinabox.dk\/party\/vare\/lyseblaa-loeber-til-gulvet\/","title":{"rendered":"Lysebl\u00e5 l\u00f8ber til gulvet"},"content":{"rendered":"<p>Hvad kan g\u00f8re din f\u00f8dselsdag, babyshower, d\u00e5b, konfirmation eller sommerfest lidt mere festlig? En r\u00f8d l\u00f8ber selvf\u00f8lgelig! Men den beh\u00f8ver p\u00e5 ingen m\u00e5de at v\u00e6re r\u00f8d. Brug denne lysebl\u00e5 l\u00f8ber til at vise dine g\u00e6ster vejen til din fest og tage imod dem med stil.<\/p>\n<p>Indhold: 1 stk. \/ M\u00e5l: 450 x 60 cm (L x B)<\/p>\n","protected":false},"excerpt":{"rendered":"<p>Hvad kan g\u00f8re din f\u00f8dselsdag, babyshower, d\u00e5b, konfirmation eller sommerfest lidt mere festlig? En r\u00f8d l\u00f8ber selvf\u00f8lgelig! Men den beh\u00f8ver p\u00e5 ingen m\u00e5de at v\u00e6re r\u00f8d. Brug denne lysebl\u00e5 l\u00f8ber til at vise dine g\u00e6ster vejen til din fest og [&hellip;]<\/p>\n","protected":false},"featured_media":49742,"template":"","meta":{"_acf_changed":false},"product_brand":[],"product_cat":[19,34],"product_tag":[],"class_list":{"0":"post-49741","1":"product","2":"type-product","3":"status-publish","4":"has-post-thumbnail","6":"product_cat-pynt","7":"product_cat-accessories","9":"first","10":"instock","11":"taxable","12":"shipping-taxable","13":"purchasable","14":"product-type-simple"},"bundled_by":[],"bundle_stock_status":"instock","bundle_stock_quantity":14,"bundle_virtual":false,"bundle_layout":"","bundle_add_to_cart_form_location":"","bundle_editable_in_cart":false,"bundle_sold_individually_context":"","bundle_item_grouping":"","bundle_min_size":"","bundle_max_size":"","bundle_price":[],"bundled_items":[],"bundle_sell_ids":[],"acf":[],"tiered_pricing_type":"fixed","tiered_pricing_fixed_rules":[],"tiered_pricing_product_settings":{"layout":"default","base_unit_name":{"singular":null,"plural":null},"default_variation":null},"tiered_pricing_minimum_quantity":null,"tiered_pricing_roles_data":[],"tiered_pricing_percentage_rules":[],"tiered_pricing_maximum_quantity":null,"tiered_pricing_quantity_step":null,"_links":{"self":[{"href":"https:\/\/partyinabox.dk\/party\/wp-json\/wp\/v2\/product\/49741","targetHints":{"allow":["GET"]}}],"collection":[{"href":"https:\/\/partyinabox.dk\/party\/wp-json\/wp\/v2\/product"}],"about":[{"href":"https:\/\/partyinabox.dk\/party\/wp-json\/wp\/v2\/types\/product"}],"wp:featuredmedia":[{"embeddable":true,"href":"https:\/\/partyinabox.dk\/party\/wp-json\/wp\/v2\/media\/49742"}],"wp:attachment":[{"href":"https:\/\/partyinabox.dk\/party\/wp-json\/wp\/v2\/media?parent=49741"}],"wp:term":[{"taxonomy":"product_brand","embeddable":true,"href":"https:\/\/partyinabox.dk\/party\/wp-json\/wp\/v2\/product_brand?post=49741"},{"taxonomy":"product_cat","embeddable":true,"href":"https:\/\/partyinabox.dk\/party\/wp-json\/wp\/v2\/product_cat?post=49741"},{"taxonomy":"product_tag","embeddable":true,"href":"https:\/\/partyinabox.dk\/party\/wp-json\/wp\/v2\/product_tag?post=49741"}],"curies":[{"name":"wp","href":"https:\/\/api.w.org\/{rel}","templated":true}]}}