{"id":48907,"date":"2026-01-04T00:00:00","date_gmt":"2026-01-03T23:00:00","guid":{"rendered":"https:\/\/partyinabox.dk\/party\/?post_type=product&#038;p=48907"},"modified":"2026-04-14T15:17:11","modified_gmt":"2026-04-14T13:17:11","slug":"lille-moerkegroen-tallerken","status":"publish","type":"product","link":"https:\/\/partyinabox.dk\/party\/vare\/lille-moerkegroen-tallerken\/","title":{"rendered":"M\u00f8rke gr\u00f8n paptallerken (lille)"},"content":{"rendered":"<p>Lille fin m\u00f8rkegr\u00f8n tallerken til din gr\u00f8nne d\u00e5bsfest, dit natur inspireret bryllup eller din gr\u00f8nne farve fest.<\/p>\n<p>Tallerken findes b\u00e5de i stor og lille, dermed kan din bordd\u00e6kning blive fuldendt med ens tallerkner og suppleres med fine servietter og dekorative brodkort.<\/p>\n<p>Indhold: 8 stk. \/ M\u00e5l: 18 cm<\/p>\n","protected":false},"excerpt":{"rendered":"<p>Lille fin m\u00f8rkegr\u00f8n tallerken til din gr\u00f8nne d\u00e5bsfest, dit natur inspireret bryllup eller din gr\u00f8nne farve fest. Tallerken findes b\u00e5de i stor og lille, dermed kan din bordd\u00e6kning blive fuldendt med ens tallerkner og suppleres med fine servietter og dekorative [&hellip;]<\/p>\n","protected":false},"featured_media":48909,"template":"","meta":{"_acf_changed":false},"product_brand":[],"product_cat":[32],"product_tag":[],"class_list":{"0":"post-48907","1":"product","2":"type-product","3":"status-publish","4":"has-post-thumbnail","6":"product_cat-service","8":"first","9":"instock","10":"taxable","11":"shipping-taxable","12":"purchasable","13":"product-type-simple"},"bundled_by":[],"bundle_stock_status":"instock","bundle_stock_quantity":21,"bundle_virtual":false,"bundle_layout":"","bundle_add_to_cart_form_location":"","bundle_editable_in_cart":false,"bundle_sold_individually_context":"","bundle_item_grouping":"","bundle_min_size":"","bundle_max_size":"","bundle_price":[],"bundled_items":[],"bundle_sell_ids":[],"acf":[],"tiered_pricing_type":"fixed","tiered_pricing_fixed_rules":[],"tiered_pricing_product_settings":{"layout":"default","base_unit_name":{"singular":null,"plural":null},"default_variation":null},"tiered_pricing_minimum_quantity":null,"tiered_pricing_roles_data":[],"tiered_pricing_percentage_rules":[],"tiered_pricing_maximum_quantity":null,"tiered_pricing_quantity_step":null,"_links":{"self":[{"href":"https:\/\/partyinabox.dk\/party\/wp-json\/wp\/v2\/product\/48907","targetHints":{"allow":["GET"]}}],"collection":[{"href":"https:\/\/partyinabox.dk\/party\/wp-json\/wp\/v2\/product"}],"about":[{"href":"https:\/\/partyinabox.dk\/party\/wp-json\/wp\/v2\/types\/product"}],"wp:featuredmedia":[{"embeddable":true,"href":"https:\/\/partyinabox.dk\/party\/wp-json\/wp\/v2\/media\/48909"}],"wp:attachment":[{"href":"https:\/\/partyinabox.dk\/party\/wp-json\/wp\/v2\/media?parent=48907"}],"wp:term":[{"taxonomy":"product_brand","embeddable":true,"href":"https:\/\/partyinabox.dk\/party\/wp-json\/wp\/v2\/product_brand?post=48907"},{"taxonomy":"product_cat","embeddable":true,"href":"https:\/\/partyinabox.dk\/party\/wp-json\/wp\/v2\/product_cat?post=48907"},{"taxonomy":"product_tag","embeddable":true,"href":"https:\/\/partyinabox.dk\/party\/wp-json\/wp\/v2\/product_tag?post=48907"}],"curies":[{"name":"wp","href":"https:\/\/api.w.org\/{rel}","templated":true}]}}