{"id":47552,"date":"2023-09-18T00:00:00","date_gmt":"2023-09-17T22:00:00","guid":{"rendered":"https:\/\/partyinabox.dk\/party\/?post_type=product&#038;p=47552"},"modified":"2026-04-25T18:43:25","modified_gmt":"2026-04-25T16:43:25","slug":"halloween-sproejter","status":"publish","type":"product","link":"https:\/\/partyinabox.dk\/party\/vare\/halloween-sproejter\/","title":{"rendered":"Spr\u00f8jte (stor) (6 stk)"},"content":{"rendered":"<p>Skab en ekstra uhyggelig stemning til halloween og studenter festen med fyldte drikke spr\u00f8jter p\u00e5 bordet. Fyld spr\u00f8jterne med noget l\u00e6kkert r\u00f8dt og blodigt, eller noget gr\u00f8nt og giftigt drikkelse. Perfekt som f.eks. beholder til velkomstdrinks, et shotglas til din uhyggelige halloween fest eller bare som pynt p\u00e5 bordet, fyldt med kunstigt blod.<\/p>\n<p><strong>TIP:<\/strong> passer godt sammen med vores <a href=\"https:\/\/partyinabox.dk\/party\/vare\/reagensglas-shotglas\">reagensglas shotglas<\/a> og <a href=\"https:\/\/partyinabox.dk\/party\/vare\/bloddoner-drikke-poser\">bloddoner drikke pose<\/a>.<\/p>\n<p>Indhold: 6 stk. \/ M\u00e5l: 60 ml \/ 18 cm (L)<\/p>\n","protected":false},"excerpt":{"rendered":"<p>Skab en ekstra uhyggelig stemning til halloween og studenter festen med fyldte drikke spr\u00f8jter p\u00e5 bordet. Fyld spr\u00f8jterne med noget l\u00e6kkert r\u00f8dt og blodigt, eller noget gr\u00f8nt og giftigt drikkelse. Perfekt som f.eks. beholder til velkomstdrinks, et shotglas til din [&hellip;]<\/p>\n","protected":false},"featured_media":47553,"template":"","meta":{"_acf_changed":false},"product_brand":[],"product_cat":[32],"product_tag":[],"class_list":{"0":"post-47552","1":"product","2":"type-product","3":"status-publish","4":"has-post-thumbnail","6":"product_cat-service","8":"first","9":"instock","10":"taxable","11":"shipping-taxable","12":"purchasable","13":"product-type-simple"},"bundled_by":[],"bundle_stock_status":"instock","bundle_stock_quantity":279,"bundle_virtual":false,"bundle_layout":"","bundle_add_to_cart_form_location":"","bundle_editable_in_cart":false,"bundle_sold_individually_context":"","bundle_item_grouping":"","bundle_min_size":"","bundle_max_size":"","bundle_price":[],"bundled_items":[],"bundle_sell_ids":[],"acf":[],"tiered_pricing_type":"fixed","tiered_pricing_fixed_rules":[],"tiered_pricing_product_settings":{"layout":"default","base_unit_name":{"singular":null,"plural":null},"default_variation":null},"tiered_pricing_minimum_quantity":null,"tiered_pricing_roles_data":[],"tiered_pricing_percentage_rules":[],"tiered_pricing_maximum_quantity":null,"tiered_pricing_quantity_step":null,"_links":{"self":[{"href":"https:\/\/partyinabox.dk\/party\/wp-json\/wp\/v2\/product\/47552","targetHints":{"allow":["GET"]}}],"collection":[{"href":"https:\/\/partyinabox.dk\/party\/wp-json\/wp\/v2\/product"}],"about":[{"href":"https:\/\/partyinabox.dk\/party\/wp-json\/wp\/v2\/types\/product"}],"wp:featuredmedia":[{"embeddable":true,"href":"https:\/\/partyinabox.dk\/party\/wp-json\/wp\/v2\/media\/47553"}],"wp:attachment":[{"href":"https:\/\/partyinabox.dk\/party\/wp-json\/wp\/v2\/media?parent=47552"}],"wp:term":[{"taxonomy":"product_brand","embeddable":true,"href":"https:\/\/partyinabox.dk\/party\/wp-json\/wp\/v2\/product_brand?post=47552"},{"taxonomy":"product_cat","embeddable":true,"href":"https:\/\/partyinabox.dk\/party\/wp-json\/wp\/v2\/product_cat?post=47552"},{"taxonomy":"product_tag","embeddable":true,"href":"https:\/\/partyinabox.dk\/party\/wp-json\/wp\/v2\/product_tag?post=47552"}],"curies":[{"name":"wp","href":"https:\/\/api.w.org\/{rel}","templated":true}]}}