{"id":47536,"date":"2023-06-15T11:03:16","date_gmt":"2023-06-15T09:03:16","guid":{"rendered":"https:\/\/partyinabox.dk\/party\/?post_type=product&#038;p=47536"},"modified":"2026-03-17T13:46:30","modified_gmt":"2026-03-17T12:46:30","slug":"sorte-edderkopper-til-ophaeng","status":"publish","type":"product","link":"https:\/\/partyinabox.dk\/party\/vare\/sorte-edderkopper-til-ophaeng\/","title":{"rendered":"Sorte edderkopper til oph\u00e6ng"},"content":{"rendered":"<p>Kryb og kravl er lige halloween, og med disse sorte edderkopper kan halloween ogs\u00e5 v\u00e6re for de mindste. Disse edderkopper er nemlig ikke farlige &#8211; de er heldvis lavet af pap. Brug fiskesn\u00f8re til at h\u00e6nge dem ned fra loftet eller trappen til din halloween fest.<\/p>\n<p><strong>OBS:<\/strong> edderkopperne kr\u00e6ver samling.<\/p>\n<p>Indhold: 5 stk. \/ M\u00e5l: 27 x 17 cm<\/p>\n","protected":false},"excerpt":{"rendered":"<p>Kryb og kravl er lige halloween, og med disse sorte edderkopper kan halloween ogs\u00e5 v\u00e6re for de mindste. Disse edderkopper er nemlig ikke farlige &#8211; de er heldvis lavet af pap. Brug fiskesn\u00f8re til at h\u00e6nge dem ned fra loftet [&hellip;]<\/p>\n","protected":false},"featured_media":47538,"template":"","meta":{"_acf_changed":false},"product_brand":[],"product_cat":[31],"product_tag":[],"class_list":{"0":"post-47536","1":"product","2":"type-product","3":"status-publish","4":"has-post-thumbnail","6":"product_cat-til-loftet","8":"first","9":"instock","10":"taxable","11":"shipping-taxable","12":"purchasable","13":"product-type-simple"},"bundled_by":[],"bundle_stock_status":"instock","bundle_stock_quantity":283,"bundle_virtual":false,"bundle_layout":"","bundle_add_to_cart_form_location":"","bundle_editable_in_cart":false,"bundle_sold_individually_context":"","bundle_item_grouping":"","bundle_min_size":"","bundle_max_size":"","bundle_price":[],"bundled_items":[],"bundle_sell_ids":[],"acf":[],"tiered_pricing_type":"fixed","tiered_pricing_fixed_rules":[],"tiered_pricing_product_settings":{"layout":"default","base_unit_name":{"singular":null,"plural":null},"default_variation":null},"tiered_pricing_minimum_quantity":null,"tiered_pricing_roles_data":[],"tiered_pricing_percentage_rules":[],"tiered_pricing_maximum_quantity":null,"tiered_pricing_quantity_step":null,"_links":{"self":[{"href":"https:\/\/partyinabox.dk\/party\/wp-json\/wp\/v2\/product\/47536","targetHints":{"allow":["GET"]}}],"collection":[{"href":"https:\/\/partyinabox.dk\/party\/wp-json\/wp\/v2\/product"}],"about":[{"href":"https:\/\/partyinabox.dk\/party\/wp-json\/wp\/v2\/types\/product"}],"wp:featuredmedia":[{"embeddable":true,"href":"https:\/\/partyinabox.dk\/party\/wp-json\/wp\/v2\/media\/47538"}],"wp:attachment":[{"href":"https:\/\/partyinabox.dk\/party\/wp-json\/wp\/v2\/media?parent=47536"}],"wp:term":[{"taxonomy":"product_brand","embeddable":true,"href":"https:\/\/partyinabox.dk\/party\/wp-json\/wp\/v2\/product_brand?post=47536"},{"taxonomy":"product_cat","embeddable":true,"href":"https:\/\/partyinabox.dk\/party\/wp-json\/wp\/v2\/product_cat?post=47536"},{"taxonomy":"product_tag","embeddable":true,"href":"https:\/\/partyinabox.dk\/party\/wp-json\/wp\/v2\/product_tag?post=47536"}],"curies":[{"name":"wp","href":"https:\/\/api.w.org\/{rel}","templated":true}]}}