{"id":47528,"date":"2023-10-05T00:00:00","date_gmt":"2023-10-04T22:00:00","guid":{"rendered":"https:\/\/partyinabox.dk\/party\/?post_type=product&#038;p=47528"},"modified":"2026-04-20T19:54:30","modified_gmt":"2026-04-20T17:54:30","slug":"sort-halloween-folie-ballon-saet","status":"publish","type":"product","link":"https:\/\/partyinabox.dk\/party\/vare\/sort-halloween-folie-ballon-saet\/","title":{"rendered":"Sort &#8220;Halloween&#8221; folie ballon s\u00e6t"},"content":{"rendered":"<p>Lad alle vide, at nu er det alts\u00e5 halloween med dette sorte &#8220;Halloween&#8221; folie ballon s\u00e6t. H\u00e6ng ballonerne op med ballon lim dutter p\u00e5 v\u00e6ggen, eller med fiskesn\u00f8re og kroge.<\/p>\n<p>HUSK en ballonpumpe til at puste op med, s\u00e5 du ikke l\u00f8ber t\u00f8r for luft.<\/p>\n<p><strong>OBS:<\/strong> skal\/kan <strong>IKKE<\/strong> bruge helium.<\/p>\n<p>Indhold: 1 s\u00e6t (9 bogstaver) + snor til oph\u00e6ng \/ M\u00e5l: 230 x 35 cm (L x H)<\/p>\n","protected":false},"excerpt":{"rendered":"<p>Lad alle vide, at nu er det alts\u00e5 halloween med dette sorte &#8220;Halloween&#8221; folie ballon s\u00e6t. H\u00e6ng ballonerne op med ballon lim dutter p\u00e5 v\u00e6ggen, eller med fiskesn\u00f8re og kroge. HUSK en ballonpumpe til at puste op med, s\u00e5 du [&hellip;]<\/p>\n","protected":false},"featured_media":47530,"template":"","meta":{"_acf_changed":false},"product_brand":[],"product_cat":[30,60],"product_tag":[],"class_list":{"0":"post-47528","1":"product","2":"type-product","3":"status-publish","4":"has-post-thumbnail","6":"product_cat-balloner","7":"product_cat-folie-bogstaver","9":"first","10":"instock","11":"taxable","12":"shipping-taxable","13":"purchasable","14":"product-type-simple"},"bundled_by":[],"bundle_stock_status":"instock","bundle_stock_quantity":33,"bundle_virtual":false,"bundle_layout":"","bundle_add_to_cart_form_location":"","bundle_editable_in_cart":false,"bundle_sold_individually_context":"","bundle_item_grouping":"","bundle_min_size":"","bundle_max_size":"","bundle_price":[],"bundled_items":[],"bundle_sell_ids":[],"acf":[],"tiered_pricing_type":"fixed","tiered_pricing_fixed_rules":[],"tiered_pricing_product_settings":{"layout":"default","base_unit_name":{"singular":null,"plural":null},"default_variation":null},"tiered_pricing_minimum_quantity":null,"tiered_pricing_roles_data":[],"tiered_pricing_percentage_rules":[],"tiered_pricing_maximum_quantity":null,"tiered_pricing_quantity_step":null,"_links":{"self":[{"href":"https:\/\/partyinabox.dk\/party\/wp-json\/wp\/v2\/product\/47528","targetHints":{"allow":["GET"]}}],"collection":[{"href":"https:\/\/partyinabox.dk\/party\/wp-json\/wp\/v2\/product"}],"about":[{"href":"https:\/\/partyinabox.dk\/party\/wp-json\/wp\/v2\/types\/product"}],"wp:featuredmedia":[{"embeddable":true,"href":"https:\/\/partyinabox.dk\/party\/wp-json\/wp\/v2\/media\/47530"}],"wp:attachment":[{"href":"https:\/\/partyinabox.dk\/party\/wp-json\/wp\/v2\/media?parent=47528"}],"wp:term":[{"taxonomy":"product_brand","embeddable":true,"href":"https:\/\/partyinabox.dk\/party\/wp-json\/wp\/v2\/product_brand?post=47528"},{"taxonomy":"product_cat","embeddable":true,"href":"https:\/\/partyinabox.dk\/party\/wp-json\/wp\/v2\/product_cat?post=47528"},{"taxonomy":"product_tag","embeddable":true,"href":"https:\/\/partyinabox.dk\/party\/wp-json\/wp\/v2\/product_tag?post=47528"}],"curies":[{"name":"wp","href":"https:\/\/api.w.org\/{rel}","templated":true}]}}