{"id":47518,"date":"2024-09-02T00:00:00","date_gmt":"2024-09-01T22:00:00","guid":{"rendered":"https:\/\/partyinabox.dk\/party\/?post_type=product&#038;p=47518"},"modified":"2026-03-17T07:30:43","modified_gmt":"2026-03-17T06:30:43","slug":"gravsten-rest-your-bones-stearinlys","status":"publish","type":"product","link":"https:\/\/partyinabox.dk\/party\/vare\/gravsten-rest-your-bones-stearinlys\/","title":{"rendered":"Gravsten &#8220;Rest your bones&#8221; stearinlys"},"content":{"rendered":"<p>Giv din halloween fest et uhyggeligt sk\u00e6r med dette stearinlys formet som en gravsten med et kranie p\u00e5. P\u00e5 gravstenen st\u00e5r der &#8220;Rest your bones&#8221;.<\/p>\n<p><strong>HUSK<\/strong> at stille lyset p\u00e5 en ikke br\u00e6ndbar overflade og i forsvarlig afstand til letant\u00e6ndelig pynt.<\/p>\n<p>Indhold: 1 stk. \/ M\u00e5l: 6 x 10 cm (B x H)<\/p>\n","protected":false},"excerpt":{"rendered":"<p>Giv din halloween fest et uhyggeligt sk\u00e6r med dette stearinlys formet som en gravsten med et kranie p\u00e5. P\u00e5 gravstenen st\u00e5r der &#8220;Rest your bones&#8221;. HUSK at stille lyset p\u00e5 en ikke br\u00e6ndbar overflade og i forsvarlig afstand til letant\u00e6ndelig [&hellip;]<\/p>\n","protected":false},"featured_media":71119,"template":"","meta":{"_acf_changed":false},"product_brand":[],"product_cat":[32],"product_tag":[],"class_list":{"0":"post-47518","1":"product","2":"type-product","3":"status-publish","4":"has-post-thumbnail","6":"product_cat-service","8":"first","9":"instock","10":"taxable","11":"shipping-taxable","12":"purchasable","13":"product-type-simple"},"bundled_by":["50289"],"bundle_stock_status":"instock","bundle_stock_quantity":81,"bundle_virtual":false,"bundle_layout":"","bundle_add_to_cart_form_location":"","bundle_editable_in_cart":false,"bundle_sold_individually_context":"","bundle_item_grouping":"","bundle_min_size":"","bundle_max_size":"","bundle_price":[],"bundled_items":[],"bundle_sell_ids":[],"acf":[],"tiered_pricing_type":"fixed","tiered_pricing_fixed_rules":[],"tiered_pricing_product_settings":{"layout":"default","base_unit_name":{"singular":null,"plural":null},"default_variation":null},"tiered_pricing_minimum_quantity":null,"tiered_pricing_roles_data":[],"tiered_pricing_percentage_rules":[],"tiered_pricing_maximum_quantity":null,"tiered_pricing_quantity_step":null,"_links":{"self":[{"href":"https:\/\/partyinabox.dk\/party\/wp-json\/wp\/v2\/product\/47518","targetHints":{"allow":["GET"]}}],"collection":[{"href":"https:\/\/partyinabox.dk\/party\/wp-json\/wp\/v2\/product"}],"about":[{"href":"https:\/\/partyinabox.dk\/party\/wp-json\/wp\/v2\/types\/product"}],"wp:featuredmedia":[{"embeddable":true,"href":"https:\/\/partyinabox.dk\/party\/wp-json\/wp\/v2\/media\/71119"}],"wp:attachment":[{"href":"https:\/\/partyinabox.dk\/party\/wp-json\/wp\/v2\/media?parent=47518"}],"wp:term":[{"taxonomy":"product_brand","embeddable":true,"href":"https:\/\/partyinabox.dk\/party\/wp-json\/wp\/v2\/product_brand?post=47518"},{"taxonomy":"product_cat","embeddable":true,"href":"https:\/\/partyinabox.dk\/party\/wp-json\/wp\/v2\/product_cat?post=47518"},{"taxonomy":"product_tag","embeddable":true,"href":"https:\/\/partyinabox.dk\/party\/wp-json\/wp\/v2\/product_tag?post=47518"}],"curies":[{"name":"wp","href":"https:\/\/api.w.org\/{rel}","templated":true}]}}