{"id":47414,"date":"2023-10-05T00:00:00","date_gmt":"2023-10-04T22:00:00","guid":{"rendered":"https:\/\/partyinabox.dk\/party\/?post_type=product&#038;p=47414"},"modified":"2026-04-14T16:43:19","modified_gmt":"2026-04-14T14:43:19","slug":"diy-gravsten-skilt-m-guld-bogstaver","status":"publish","type":"product","link":"https:\/\/partyinabox.dk\/party\/vare\/diy-gravsten-skilt-m-guld-bogstaver\/","title":{"rendered":"DIY gravsten skilt m\/guld bogstaver"},"content":{"rendered":"<p>G\u00f8r noget ekstra ud af \u00e5rets halloween fest med disse tre gravsten i pap, som I selv kan dekorer med guld bogstaver og symboler. Gravstenene kan f.eks. brugs til at byde g\u00e6sterne velkommen ved indgangen, vise hvilke drikkevare der serveres, eller som menu kort p\u00e5 bordet \/ buffeten. Hyg jer sammen med at f\u00e5 sat bogstaver og symbol klisterm\u00e6rker p\u00e5 gravstenen, s\u00e5 I er klar til halloween.<\/p>\n<p>Indhold: 3 gravsten i pap + 5 ark klisterm\u00e6rker \/ M\u00e5l: ca. 45 cm (H)<\/p>\n","protected":false},"excerpt":{"rendered":"<p>G\u00f8r noget ekstra ud af \u00e5rets halloween fest med disse tre gravsten i pap, som I selv kan dekorer med guld bogstaver og symboler. Gravstenene kan f.eks. brugs til at byde g\u00e6sterne velkommen ved indgangen, vise hvilke drikkevare der serveres, [&hellip;]<\/p>\n","protected":false},"featured_media":47417,"template":"","meta":{"_acf_changed":false},"product_brand":[],"product_cat":[19,32,34],"product_tag":[],"class_list":{"0":"post-47414","1":"product","2":"type-product","3":"status-publish","4":"has-post-thumbnail","6":"product_cat-pynt","7":"product_cat-service","8":"product_cat-accessories","10":"first","11":"instock","12":"taxable","13":"shipping-taxable","14":"purchasable","15":"product-type-simple"},"bundled_by":[],"bundle_stock_status":"instock","bundle_stock_quantity":44,"bundle_virtual":false,"bundle_layout":"","bundle_add_to_cart_form_location":"","bundle_editable_in_cart":false,"bundle_sold_individually_context":"","bundle_item_grouping":"","bundle_min_size":"","bundle_max_size":"","bundle_price":[],"bundled_items":[],"bundle_sell_ids":[],"acf":[],"tiered_pricing_type":"fixed","tiered_pricing_fixed_rules":[],"tiered_pricing_product_settings":{"layout":"default","base_unit_name":{"singular":null,"plural":null},"default_variation":null},"tiered_pricing_minimum_quantity":null,"tiered_pricing_roles_data":[],"tiered_pricing_percentage_rules":[],"tiered_pricing_maximum_quantity":null,"tiered_pricing_quantity_step":null,"_links":{"self":[{"href":"https:\/\/partyinabox.dk\/party\/wp-json\/wp\/v2\/product\/47414","targetHints":{"allow":["GET"]}}],"collection":[{"href":"https:\/\/partyinabox.dk\/party\/wp-json\/wp\/v2\/product"}],"about":[{"href":"https:\/\/partyinabox.dk\/party\/wp-json\/wp\/v2\/types\/product"}],"wp:featuredmedia":[{"embeddable":true,"href":"https:\/\/partyinabox.dk\/party\/wp-json\/wp\/v2\/media\/47417"}],"wp:attachment":[{"href":"https:\/\/partyinabox.dk\/party\/wp-json\/wp\/v2\/media?parent=47414"}],"wp:term":[{"taxonomy":"product_brand","embeddable":true,"href":"https:\/\/partyinabox.dk\/party\/wp-json\/wp\/v2\/product_brand?post=47414"},{"taxonomy":"product_cat","embeddable":true,"href":"https:\/\/partyinabox.dk\/party\/wp-json\/wp\/v2\/product_cat?post=47414"},{"taxonomy":"product_tag","embeddable":true,"href":"https:\/\/partyinabox.dk\/party\/wp-json\/wp\/v2\/product_tag?post=47414"}],"curies":[{"name":"wp","href":"https:\/\/api.w.org\/{rel}","templated":true}]}}