{"id":4655,"date":"2019-10-19T00:00:31","date_gmt":"2019-10-18T22:00:31","guid":{"rendered":"https:\/\/partyinabox.dk\/party\/?post_type=product&#038;p=4655"},"modified":"2026-04-29T12:41:30","modified_gmt":"2026-04-29T10:41:30","slug":"sort-ballon-50","status":"publish","type":"product","link":"https:\/\/partyinabox.dk\/party\/vare\/sort-ballon-50\/","title":{"rendered":"Sort ballon"},"content":{"rendered":"<p>Har du nogensinde t\u00e6nkt over, hvordan noget s\u00e5 enkelt som en sort ballon kan transformere ethvert rum til en scene af sofistikeret festlighed? Ja, disse latexballoner i en dyb, pastel sort giver lige pr\u00e6cis det touch. Perfekt til dem, der elsker at skabe en stilfuld og sammenh\u00e6ngende festdekoration.<\/p>\n<p>Og bare rolig, disse st\u00e6rke sk\u00f8nheder holder festen k\u00f8rende med op til 3-5 dages sv\u00e6vetid, hvis du beslutter at give dem en tur med Hi-Float. Der er ikke noget som at planl\u00e6gge en fest, hvor dekorationerne ikke svigter dig, f\u00f8r lysene t\u00e6ndes igen, vel?<\/p>\n<p>Tilf\u00f8j et strejf af elegance og mystik til din n\u00e6ste sammenkomst med disse charmerende sorte latexballoner. De er ikke kun for dem med en fork\u00e6rlighed for det gotiske \u2013 nej, de taler til alle, der \u00f8nsker at tilf\u00f8je dybde og karakter til deres tema. Hvem sagde, at m\u00f8rket ikke kunne v\u00e6re indbydende?<\/p>\n<p>Indhold: 50 stk.<\/p>\n<p>M\u00e5l: 30 cm.<\/p>\n","protected":false},"excerpt":{"rendered":"<p>Har du nogensinde t\u00e6nkt over, hvordan noget s\u00e5 enkelt som en sort ballon kan transformere ethvert rum til en scene af sofistikeret festlighed? Ja, disse latexballoner i en dyb, pastel sort giver lige pr\u00e6cis det touch. Perfekt til dem, der [&hellip;]<\/p>\n","protected":false},"featured_media":4653,"template":"","meta":{"_acf_changed":false},"product_brand":[],"product_cat":[30],"product_tag":[],"class_list":{"0":"post-4655","1":"product","2":"type-product","3":"status-publish","4":"has-post-thumbnail","6":"product_cat-balloner","8":"first","9":"instock","10":"taxable","11":"shipping-taxable","12":"purchasable","13":"product-type-simple"},"bundled_by":[],"bundle_stock_status":"instock","bundle_stock_quantity":25,"bundle_virtual":false,"bundle_layout":"","bundle_add_to_cart_form_location":"","bundle_editable_in_cart":false,"bundle_sold_individually_context":"","bundle_item_grouping":"","bundle_min_size":"","bundle_max_size":"","bundle_price":[],"bundled_items":[],"bundle_sell_ids":[],"acf":[],"tiered_pricing_type":"fixed","tiered_pricing_fixed_rules":[],"tiered_pricing_product_settings":{"layout":"default","base_unit_name":{"singular":null,"plural":null},"default_variation":null},"tiered_pricing_minimum_quantity":null,"tiered_pricing_roles_data":[],"tiered_pricing_percentage_rules":[],"tiered_pricing_maximum_quantity":null,"tiered_pricing_quantity_step":null,"_links":{"self":[{"href":"https:\/\/partyinabox.dk\/party\/wp-json\/wp\/v2\/product\/4655","targetHints":{"allow":["GET"]}}],"collection":[{"href":"https:\/\/partyinabox.dk\/party\/wp-json\/wp\/v2\/product"}],"about":[{"href":"https:\/\/partyinabox.dk\/party\/wp-json\/wp\/v2\/types\/product"}],"wp:featuredmedia":[{"embeddable":true,"href":"https:\/\/partyinabox.dk\/party\/wp-json\/wp\/v2\/media\/4653"}],"wp:attachment":[{"href":"https:\/\/partyinabox.dk\/party\/wp-json\/wp\/v2\/media?parent=4655"}],"wp:term":[{"taxonomy":"product_brand","embeddable":true,"href":"https:\/\/partyinabox.dk\/party\/wp-json\/wp\/v2\/product_brand?post=4655"},{"taxonomy":"product_cat","embeddable":true,"href":"https:\/\/partyinabox.dk\/party\/wp-json\/wp\/v2\/product_cat?post=4655"},{"taxonomy":"product_tag","embeddable":true,"href":"https:\/\/partyinabox.dk\/party\/wp-json\/wp\/v2\/product_tag?post=4655"}],"curies":[{"name":"wp","href":"https:\/\/api.w.org\/{rel}","templated":true}]}}