{"id":46033,"date":"2023-05-02T10:52:28","date_gmt":"2023-05-02T08:52:28","guid":{"rendered":"https:\/\/partyinabox.dk\/party\/?post_type=product&#038;p=46033"},"modified":"2026-04-08T11:35:43","modified_gmt":"2026-04-08T09:35:43","slug":"regnbue-diskokugle-drikkebaeger-m-sugeroer","status":"publish","type":"product","link":"https:\/\/partyinabox.dk\/party\/vare\/regnbue-diskokugle-drikkebaeger-m-sugeroer\/","title":{"rendered":"Regnbue diskokugle drikkeb\u00e6ger m\/suger\u00f8r"},"content":{"rendered":"<p>S\u00e6t gang i disko festen, 80&#8217;er \/ 90&#8217;er festen, pride, UV neon eller regnbue festen med en l\u00e6kker drink \/ cocktail i dette fantastiske regnbue discokugle drikkeb\u00e6ger med medf\u00f8lgende suger\u00f8r. Toppen af &#8220;koppen&#8221; kan drejes af og p\u00e5 for nem opfyldning. Det medf\u00f8lgende suger\u00f8r har en lille kant i bunden, s\u00e5dan at det ikke falder ud af drikkeb\u00e6geret, n\u00e5r du danser vildt.<\/p>\n<p>Indhold: 1 stk. \/ M\u00e5l: 650 ml<\/p>\n","protected":false},"excerpt":{"rendered":"<p>S\u00e6t gang i disko festen, 80&#8217;er \/ 90&#8217;er festen, pride, UV neon eller regnbue festen med en l\u00e6kker drink \/ cocktail i dette fantastiske regnbue discokugle drikkeb\u00e6ger med medf\u00f8lgende suger\u00f8r. Toppen af &#8220;koppen&#8221; kan drejes af og p\u00e5 for nem [&hellip;]<\/p>\n","protected":false},"featured_media":46034,"template":"","meta":{"_acf_changed":false},"product_brand":[],"product_cat":[32],"product_tag":[],"class_list":{"0":"post-46033","1":"product","2":"type-product","3":"status-publish","4":"has-post-thumbnail","6":"product_cat-service","8":"first","9":"instock","10":"taxable","11":"shipping-taxable","12":"purchasable","13":"product-type-simple"},"bundled_by":[],"bundle_stock_status":"instock","bundle_stock_quantity":36,"bundle_virtual":false,"bundle_layout":"","bundle_add_to_cart_form_location":"","bundle_editable_in_cart":false,"bundle_sold_individually_context":"","bundle_item_grouping":"","bundle_min_size":"","bundle_max_size":"","bundle_price":[],"bundled_items":[],"bundle_sell_ids":[],"acf":[],"tiered_pricing_type":"fixed","tiered_pricing_fixed_rules":[],"tiered_pricing_product_settings":{"layout":"default","base_unit_name":{"singular":null,"plural":null},"default_variation":null},"tiered_pricing_minimum_quantity":null,"tiered_pricing_roles_data":[],"tiered_pricing_percentage_rules":[],"tiered_pricing_maximum_quantity":null,"tiered_pricing_quantity_step":null,"_links":{"self":[{"href":"https:\/\/partyinabox.dk\/party\/wp-json\/wp\/v2\/product\/46033","targetHints":{"allow":["GET"]}}],"collection":[{"href":"https:\/\/partyinabox.dk\/party\/wp-json\/wp\/v2\/product"}],"about":[{"href":"https:\/\/partyinabox.dk\/party\/wp-json\/wp\/v2\/types\/product"}],"wp:featuredmedia":[{"embeddable":true,"href":"https:\/\/partyinabox.dk\/party\/wp-json\/wp\/v2\/media\/46034"}],"wp:attachment":[{"href":"https:\/\/partyinabox.dk\/party\/wp-json\/wp\/v2\/media?parent=46033"}],"wp:term":[{"taxonomy":"product_brand","embeddable":true,"href":"https:\/\/partyinabox.dk\/party\/wp-json\/wp\/v2\/product_brand?post=46033"},{"taxonomy":"product_cat","embeddable":true,"href":"https:\/\/partyinabox.dk\/party\/wp-json\/wp\/v2\/product_cat?post=46033"},{"taxonomy":"product_tag","embeddable":true,"href":"https:\/\/partyinabox.dk\/party\/wp-json\/wp\/v2\/product_tag?post=46033"}],"curies":[{"name":"wp","href":"https:\/\/api.w.org\/{rel}","templated":true}]}}