{"id":44959,"date":"2023-04-04T15:46:06","date_gmt":"2023-04-04T13:46:06","guid":{"rendered":"https:\/\/partyinabox.dk\/party\/?post_type=product&#038;p=44959"},"modified":"2026-04-19T10:39:30","modified_gmt":"2026-04-19T08:39:30","slug":"rosa-rosegold-banner-bride-to-be","status":"publish","type":"product","link":"https:\/\/partyinabox.dk\/party\/vare\/rosa-rosegold-banner-bride-to-be\/","title":{"rendered":"Rosa\/rosegold banner &#8220;Bride to be&#8221;"},"content":{"rendered":"<p>Skal du snart holde polterabend?<\/p>\n<p>S\u00e5 er denne banner et must-have til den kommende brud.<\/p>\n<p>Banneret forstiller diamantringe i rosa\/rosegold ogs\u00e5 st\u00e5r der Bride to be<\/p>\n<p>Perfekt til at h\u00e6nge p\u00e5 v\u00e6ggen eller over bordet.<\/p>\n<p>M\u00e5l: 2,5 meter<\/p>\n","protected":false},"excerpt":{"rendered":"<p>Skal du snart holde polterabend? S\u00e5 er denne banner et must-have til den kommende brud. Banneret forstiller diamantringe i rosa\/rosegold ogs\u00e5 st\u00e5r der Bride to be Perfekt til at h\u00e6nge p\u00e5 v\u00e6ggen eller over bordet. M\u00e5l: 2,5 meter<\/p>\n","protected":false},"featured_media":44960,"template":"","meta":{"_acf_changed":false},"product_brand":[],"product_cat":[19,31],"product_tag":[],"class_list":{"0":"post-44959","1":"product","2":"type-product","3":"status-publish","4":"has-post-thumbnail","6":"product_cat-pynt","7":"product_cat-til-loftet","9":"first","10":"instock","11":"taxable","12":"shipping-taxable","13":"purchasable","14":"product-type-simple"},"bundled_by":[],"bundle_stock_status":"instock","bundle_stock_quantity":53,"bundle_virtual":false,"bundle_layout":"","bundle_add_to_cart_form_location":"","bundle_editable_in_cart":false,"bundle_sold_individually_context":"","bundle_item_grouping":"","bundle_min_size":"","bundle_max_size":"","bundle_price":[],"bundled_items":[],"bundle_sell_ids":[],"acf":[],"tiered_pricing_type":"fixed","tiered_pricing_fixed_rules":[],"tiered_pricing_product_settings":{"layout":"default","base_unit_name":{"singular":null,"plural":null},"default_variation":null},"tiered_pricing_minimum_quantity":null,"tiered_pricing_roles_data":[],"tiered_pricing_percentage_rules":[],"tiered_pricing_maximum_quantity":null,"tiered_pricing_quantity_step":null,"_links":{"self":[{"href":"https:\/\/partyinabox.dk\/party\/wp-json\/wp\/v2\/product\/44959","targetHints":{"allow":["GET"]}}],"collection":[{"href":"https:\/\/partyinabox.dk\/party\/wp-json\/wp\/v2\/product"}],"about":[{"href":"https:\/\/partyinabox.dk\/party\/wp-json\/wp\/v2\/types\/product"}],"wp:featuredmedia":[{"embeddable":true,"href":"https:\/\/partyinabox.dk\/party\/wp-json\/wp\/v2\/media\/44960"}],"wp:attachment":[{"href":"https:\/\/partyinabox.dk\/party\/wp-json\/wp\/v2\/media?parent=44959"}],"wp:term":[{"taxonomy":"product_brand","embeddable":true,"href":"https:\/\/partyinabox.dk\/party\/wp-json\/wp\/v2\/product_brand?post=44959"},{"taxonomy":"product_cat","embeddable":true,"href":"https:\/\/partyinabox.dk\/party\/wp-json\/wp\/v2\/product_cat?post=44959"},{"taxonomy":"product_tag","embeddable":true,"href":"https:\/\/partyinabox.dk\/party\/wp-json\/wp\/v2\/product_tag?post=44959"}],"curies":[{"name":"wp","href":"https:\/\/api.w.org\/{rel}","templated":true}]}}