{"id":44955,"date":"2023-04-04T15:19:00","date_gmt":"2023-04-04T13:19:00","guid":{"rendered":"https:\/\/partyinabox.dk\/party\/?post_type=product&#038;p=44955"},"modified":"2026-04-13T22:05:08","modified_gmt":"2026-04-13T20:05:08","slug":"creme-rosa-blomster-pompom","status":"publish","type":"product","link":"https:\/\/partyinabox.dk\/party\/vare\/creme-rosa-blomster-pompom\/","title":{"rendered":"Creme\/rosa blomster pompom"},"content":{"rendered":"<p>De mega flotte blomster pompom er perfekt til dekoration p\u00e5 bordet, loftet, v\u00e6ggen eller som pynt i en guirlande. Blomsterne skal du v\u00e6re med til at folde ud og kommer i et mix af 3 forskellige st\u00f8rrelser. Helt perfekt til sommerfest, havefest, f\u00f8dselsdag, bryllup og d\u00e5b. Indhold 5 stk. M\u00e5l: 30-20 cm.<\/p>\n","protected":false},"excerpt":{"rendered":"<p>De mega flotte blomster pompom er perfekt til dekoration p\u00e5 bordet, loftet, v\u00e6ggen eller som pynt i en guirlande. Blomsterne skal du v\u00e6re med til at folde ud og kommer i et mix af 3 forskellige st\u00f8rrelser. Helt perfekt til [&hellip;]<\/p>\n","protected":false},"featured_media":44956,"template":"","meta":{"_acf_changed":false},"product_brand":[],"product_cat":[19,31],"product_tag":[],"class_list":{"0":"post-44955","1":"product","2":"type-product","3":"status-publish","4":"has-post-thumbnail","6":"product_cat-pynt","7":"product_cat-til-loftet","9":"first","10":"instock","11":"taxable","12":"shipping-taxable","13":"purchasable","14":"product-type-simple"},"bundled_by":[],"bundle_stock_status":"instock","bundle_stock_quantity":41,"bundle_virtual":false,"bundle_layout":"","bundle_add_to_cart_form_location":"","bundle_editable_in_cart":false,"bundle_sold_individually_context":"","bundle_item_grouping":"","bundle_min_size":"","bundle_max_size":"","bundle_price":[],"bundled_items":[],"bundle_sell_ids":[],"acf":[],"tiered_pricing_type":"fixed","tiered_pricing_fixed_rules":[],"tiered_pricing_product_settings":{"layout":"default","base_unit_name":{"singular":null,"plural":null},"default_variation":null},"tiered_pricing_minimum_quantity":null,"tiered_pricing_roles_data":[],"tiered_pricing_percentage_rules":[],"tiered_pricing_maximum_quantity":null,"tiered_pricing_quantity_step":null,"_links":{"self":[{"href":"https:\/\/partyinabox.dk\/party\/wp-json\/wp\/v2\/product\/44955","targetHints":{"allow":["GET"]}}],"collection":[{"href":"https:\/\/partyinabox.dk\/party\/wp-json\/wp\/v2\/product"}],"about":[{"href":"https:\/\/partyinabox.dk\/party\/wp-json\/wp\/v2\/types\/product"}],"wp:featuredmedia":[{"embeddable":true,"href":"https:\/\/partyinabox.dk\/party\/wp-json\/wp\/v2\/media\/44956"}],"wp:attachment":[{"href":"https:\/\/partyinabox.dk\/party\/wp-json\/wp\/v2\/media?parent=44955"}],"wp:term":[{"taxonomy":"product_brand","embeddable":true,"href":"https:\/\/partyinabox.dk\/party\/wp-json\/wp\/v2\/product_brand?post=44955"},{"taxonomy":"product_cat","embeddable":true,"href":"https:\/\/partyinabox.dk\/party\/wp-json\/wp\/v2\/product_cat?post=44955"},{"taxonomy":"product_tag","embeddable":true,"href":"https:\/\/partyinabox.dk\/party\/wp-json\/wp\/v2\/product_tag?post=44955"}],"curies":[{"name":"wp","href":"https:\/\/api.w.org\/{rel}","templated":true}]}}