{"id":44509,"date":"2024-01-26T00:00:00","date_gmt":"2024-01-25T23:00:00","guid":{"rendered":"https:\/\/partyinabox.dk\/party\/?post_type=product&#038;p=44509"},"modified":"2026-04-17T21:59:43","modified_gmt":"2026-04-17T19:59:43","slug":"vilde-blomster-aflang-serviet","status":"publish","type":"product","link":"https:\/\/partyinabox.dk\/party\/vare\/vilde-blomster-aflang-serviet\/","title":{"rendered":"Vilde blomster aflang serviet"},"content":{"rendered":"<p>Servietten er aflang og kommer i to designs &#8211; en med blomster p\u00e5 og en hvid med en fin lysebl\u00e5 kant. Den serviet der er fyldt med sommerblomster i forskellige farver, har ogs\u00e5 bier og blade p\u00e5. Denne 3-lags serviet er helt perfekt til sommerfest, have fest, for\u00e5r, f\u00f8dselsdag eller d\u00e5b.<\/p>\n<p>Indhold: 16 stk. \/ M\u00e5l: 33 x 33 cm<\/p>\n","protected":false},"excerpt":{"rendered":"<p>Servietten er aflang og kommer i to designs &#8211; en med blomster p\u00e5 og en hvid med en fin lysebl\u00e5 kant. Den serviet der er fyldt med sommerblomster i forskellige farver, har ogs\u00e5 bier og blade p\u00e5. Denne 3-lags serviet [&hellip;]<\/p>\n","protected":false},"featured_media":44510,"template":"","meta":{"_acf_changed":false},"product_brand":[],"product_cat":[32],"product_tag":[],"class_list":{"0":"post-44509","1":"product","2":"type-product","3":"status-publish","4":"has-post-thumbnail","6":"product_cat-service","8":"first","9":"instock","10":"taxable","11":"shipping-taxable","12":"purchasable","13":"product-type-simple"},"bundled_by":[],"bundle_stock_status":"instock","bundle_stock_quantity":23,"bundle_virtual":false,"bundle_layout":"","bundle_add_to_cart_form_location":"","bundle_editable_in_cart":false,"bundle_sold_individually_context":"","bundle_item_grouping":"","bundle_min_size":"","bundle_max_size":"","bundle_price":[],"bundled_items":[],"bundle_sell_ids":[],"acf":[],"tiered_pricing_type":"fixed","tiered_pricing_fixed_rules":[],"tiered_pricing_product_settings":{"layout":"default","base_unit_name":{"singular":null,"plural":null},"default_variation":null},"tiered_pricing_minimum_quantity":null,"tiered_pricing_roles_data":[],"tiered_pricing_percentage_rules":[],"tiered_pricing_maximum_quantity":null,"tiered_pricing_quantity_step":null,"_links":{"self":[{"href":"https:\/\/partyinabox.dk\/party\/wp-json\/wp\/v2\/product\/44509","targetHints":{"allow":["GET"]}}],"collection":[{"href":"https:\/\/partyinabox.dk\/party\/wp-json\/wp\/v2\/product"}],"about":[{"href":"https:\/\/partyinabox.dk\/party\/wp-json\/wp\/v2\/types\/product"}],"wp:featuredmedia":[{"embeddable":true,"href":"https:\/\/partyinabox.dk\/party\/wp-json\/wp\/v2\/media\/44510"}],"wp:attachment":[{"href":"https:\/\/partyinabox.dk\/party\/wp-json\/wp\/v2\/media?parent=44509"}],"wp:term":[{"taxonomy":"product_brand","embeddable":true,"href":"https:\/\/partyinabox.dk\/party\/wp-json\/wp\/v2\/product_brand?post=44509"},{"taxonomy":"product_cat","embeddable":true,"href":"https:\/\/partyinabox.dk\/party\/wp-json\/wp\/v2\/product_cat?post=44509"},{"taxonomy":"product_tag","embeddable":true,"href":"https:\/\/partyinabox.dk\/party\/wp-json\/wp\/v2\/product_tag?post=44509"}],"curies":[{"name":"wp","href":"https:\/\/api.w.org\/{rel}","templated":true}]}}