{"id":43519,"date":"2025-09-19T00:00:00","date_gmt":"2025-09-18T22:00:00","guid":{"rendered":"https:\/\/partyinabox.dk\/party\/?post_type=product&#038;p=43519"},"modified":"2026-04-07T15:32:13","modified_gmt":"2026-04-07T13:32:13","slug":"bordloeber-m-flag-og-blaa-studenterhuer","status":"publish","type":"product","link":"https:\/\/partyinabox.dk\/party\/vare\/bordloeber-m-flag-og-blaa-studenterhuer\/","title":{"rendered":"Bordl\u00f8ber m\/flag og bl\u00e5 studenterhuer"},"content":{"rendered":"<p>Flot 28 cm bred, hvid bordl\u00f8ber med bl\u00e5 studenterhuer og dannebrogsflag p\u00e5 &#8211; perfekt p\u00e5 bordet til en bl\u00e5 studenterfest eller et studentergilde. Indhold: 1 stk. \/ M\u00e5l: 28 cm x 4 meter (B x L)<\/p>\n","protected":false},"excerpt":{"rendered":"<p>Flot 28 cm bred, hvid bordl\u00f8ber med bl\u00e5 studenterhuer og dannebrogsflag p\u00e5 &#8211; perfekt p\u00e5 bordet til en bl\u00e5 studenterfest eller et studentergilde. Indhold: 1 stk. \/ M\u00e5l: 28 cm x 4 meter (B x L)<\/p>\n","protected":false},"featured_media":43518,"template":"","meta":{"_acf_changed":false},"product_brand":[],"product_cat":[32],"product_tag":[],"class_list":{"0":"post-43519","1":"product","2":"type-product","3":"status-publish","4":"has-post-thumbnail","6":"product_cat-service","8":"first","9":"instock","10":"taxable","11":"shipping-taxable","12":"purchasable","13":"product-type-simple"},"bundled_by":[],"bundle_stock_status":"instock","bundle_stock_quantity":83,"bundle_virtual":false,"bundle_layout":"","bundle_add_to_cart_form_location":"","bundle_editable_in_cart":false,"bundle_sold_individually_context":"","bundle_item_grouping":"","bundle_min_size":"","bundle_max_size":"","bundle_price":[],"bundled_items":[],"bundle_sell_ids":[],"acf":[],"tiered_pricing_type":"fixed","tiered_pricing_fixed_rules":[],"tiered_pricing_product_settings":{"layout":"default","base_unit_name":{"singular":null,"plural":null},"default_variation":null},"tiered_pricing_minimum_quantity":null,"tiered_pricing_roles_data":[],"tiered_pricing_percentage_rules":[],"tiered_pricing_maximum_quantity":null,"tiered_pricing_quantity_step":null,"_links":{"self":[{"href":"https:\/\/partyinabox.dk\/party\/wp-json\/wp\/v2\/product\/43519","targetHints":{"allow":["GET"]}}],"collection":[{"href":"https:\/\/partyinabox.dk\/party\/wp-json\/wp\/v2\/product"}],"about":[{"href":"https:\/\/partyinabox.dk\/party\/wp-json\/wp\/v2\/types\/product"}],"wp:featuredmedia":[{"embeddable":true,"href":"https:\/\/partyinabox.dk\/party\/wp-json\/wp\/v2\/media\/43518"}],"wp:attachment":[{"href":"https:\/\/partyinabox.dk\/party\/wp-json\/wp\/v2\/media?parent=43519"}],"wp:term":[{"taxonomy":"product_brand","embeddable":true,"href":"https:\/\/partyinabox.dk\/party\/wp-json\/wp\/v2\/product_brand?post=43519"},{"taxonomy":"product_cat","embeddable":true,"href":"https:\/\/partyinabox.dk\/party\/wp-json\/wp\/v2\/product_cat?post=43519"},{"taxonomy":"product_tag","embeddable":true,"href":"https:\/\/partyinabox.dk\/party\/wp-json\/wp\/v2\/product_tag?post=43519"}],"curies":[{"name":"wp","href":"https:\/\/api.w.org\/{rel}","templated":true}]}}