{"id":43378,"date":"2023-08-15T00:00:00","date_gmt":"2023-08-14T22:00:00","guid":{"rendered":"https:\/\/partyinabox.dk\/party\/?post_type=product&#038;p=43378"},"modified":"2026-03-28T12:57:17","modified_gmt":"2026-03-28T11:57:17","slug":"orange-honeycomb-gulerod","status":"publish","type":"product","link":"https:\/\/partyinabox.dk\/party\/vare\/orange-honeycomb-gulerod\/","title":{"rendered":"Orange honeycomb gulerod"},"content":{"rendered":"<p>Rigtig fin honeycomb gulerod med gr\u00f8n top.<\/p>\n<p>Perfekt til at h\u00e6nge p\u00e5 grene eller l\u00e6gge p\u00e5 bordet til p\u00e5ske.<\/p>\n<p>Guleroden bliver samlet med klistertape.<\/p>\n<p>M\u00e5l: 20 cm.<\/p>\n","protected":false},"excerpt":{"rendered":"<p>Rigtig fin honeycomb gulerod med gr\u00f8n top. Perfekt til at h\u00e6nge p\u00e5 grene eller l\u00e6gge p\u00e5 bordet til p\u00e5ske. Guleroden bliver samlet med klistertape. M\u00e5l: 20 cm.<\/p>\n","protected":false},"featured_media":43380,"template":"","meta":{"_acf_changed":false},"product_brand":[],"product_cat":[31],"product_tag":[],"class_list":{"0":"post-43378","1":"product","2":"type-product","3":"status-publish","4":"has-post-thumbnail","6":"product_cat-til-loftet","8":"first","9":"instock","10":"taxable","11":"shipping-taxable","12":"purchasable","13":"product-type-simple"},"bundled_by":[],"bundle_stock_status":"instock","bundle_stock_quantity":20,"bundle_virtual":false,"bundle_layout":"","bundle_add_to_cart_form_location":"","bundle_editable_in_cart":false,"bundle_sold_individually_context":"","bundle_item_grouping":"","bundle_min_size":"","bundle_max_size":"","bundle_price":[],"bundled_items":[],"bundle_sell_ids":[],"acf":[],"tiered_pricing_type":"fixed","tiered_pricing_fixed_rules":[],"tiered_pricing_product_settings":{"layout":"default","base_unit_name":{"singular":null,"plural":null},"default_variation":null},"tiered_pricing_minimum_quantity":null,"tiered_pricing_roles_data":[],"tiered_pricing_percentage_rules":[],"tiered_pricing_maximum_quantity":null,"tiered_pricing_quantity_step":null,"_links":{"self":[{"href":"https:\/\/partyinabox.dk\/party\/wp-json\/wp\/v2\/product\/43378","targetHints":{"allow":["GET"]}}],"collection":[{"href":"https:\/\/partyinabox.dk\/party\/wp-json\/wp\/v2\/product"}],"about":[{"href":"https:\/\/partyinabox.dk\/party\/wp-json\/wp\/v2\/types\/product"}],"wp:featuredmedia":[{"embeddable":true,"href":"https:\/\/partyinabox.dk\/party\/wp-json\/wp\/v2\/media\/43380"}],"wp:attachment":[{"href":"https:\/\/partyinabox.dk\/party\/wp-json\/wp\/v2\/media?parent=43378"}],"wp:term":[{"taxonomy":"product_brand","embeddable":true,"href":"https:\/\/partyinabox.dk\/party\/wp-json\/wp\/v2\/product_brand?post=43378"},{"taxonomy":"product_cat","embeddable":true,"href":"https:\/\/partyinabox.dk\/party\/wp-json\/wp\/v2\/product_cat?post=43378"},{"taxonomy":"product_tag","embeddable":true,"href":"https:\/\/partyinabox.dk\/party\/wp-json\/wp\/v2\/product_tag?post=43378"}],"curies":[{"name":"wp","href":"https:\/\/api.w.org\/{rel}","templated":true}]}}