{"id":43373,"date":"2023-08-15T00:00:00","date_gmt":"2023-08-14T22:00:00","guid":{"rendered":"https:\/\/partyinabox.dk\/party\/?post_type=product&#038;p=43373"},"modified":"2026-03-13T12:54:43","modified_gmt":"2026-03-13T11:54:43","slug":"gul-honeycomb-paaskeaeg-3","status":"publish","type":"product","link":"https:\/\/partyinabox.dk\/party\/vare\/gul-honeycomb-paaskeaeg-3\/","title":{"rendered":"Gul honeycomb p\u00e5ske\u00e6g"},"content":{"rendered":"<p>Rigtig fin gul honeycomb \u00e6g.<\/p>\n<p>Perfekt til at h\u00e6nge p\u00e5 grene eller l\u00e6gge p\u00e5 bordet til p\u00e5ske.<\/p>\n<p>Den gule honeycomb har magnet, s\u00e5 den er nem at samle og skille ad igen.<\/p>\n<p>M\u00e5l: 12 cm.<\/p>\n","protected":false},"excerpt":{"rendered":"<p>Rigtig fin gul honeycomb \u00e6g. Perfekt til at h\u00e6nge p\u00e5 grene eller l\u00e6gge p\u00e5 bordet til p\u00e5ske. Den gule honeycomb har magnet, s\u00e5 den er nem at samle og skille ad igen. M\u00e5l: 12 cm.<\/p>\n","protected":false},"featured_media":43374,"template":"","meta":{"_acf_changed":false},"product_brand":[],"product_cat":[31],"product_tag":[],"class_list":{"0":"post-43373","1":"product","2":"type-product","3":"status-publish","4":"has-post-thumbnail","6":"product_cat-til-loftet","8":"first","9":"instock","10":"taxable","11":"shipping-taxable","12":"purchasable","13":"product-type-simple"},"bundled_by":[],"bundle_stock_status":"instock","bundle_stock_quantity":45,"bundle_virtual":false,"bundle_layout":"","bundle_add_to_cart_form_location":"","bundle_editable_in_cart":false,"bundle_sold_individually_context":"","bundle_item_grouping":"","bundle_min_size":"","bundle_max_size":"","bundle_price":[],"bundled_items":[],"bundle_sell_ids":[],"acf":[],"tiered_pricing_type":"fixed","tiered_pricing_fixed_rules":[],"tiered_pricing_product_settings":{"layout":"default","base_unit_name":{"singular":null,"plural":null},"default_variation":null},"tiered_pricing_minimum_quantity":null,"tiered_pricing_roles_data":[],"tiered_pricing_percentage_rules":[],"tiered_pricing_maximum_quantity":null,"tiered_pricing_quantity_step":null,"_links":{"self":[{"href":"https:\/\/partyinabox.dk\/party\/wp-json\/wp\/v2\/product\/43373","targetHints":{"allow":["GET"]}}],"collection":[{"href":"https:\/\/partyinabox.dk\/party\/wp-json\/wp\/v2\/product"}],"about":[{"href":"https:\/\/partyinabox.dk\/party\/wp-json\/wp\/v2\/types\/product"}],"wp:featuredmedia":[{"embeddable":true,"href":"https:\/\/partyinabox.dk\/party\/wp-json\/wp\/v2\/media\/43374"}],"wp:attachment":[{"href":"https:\/\/partyinabox.dk\/party\/wp-json\/wp\/v2\/media?parent=43373"}],"wp:term":[{"taxonomy":"product_brand","embeddable":true,"href":"https:\/\/partyinabox.dk\/party\/wp-json\/wp\/v2\/product_brand?post=43373"},{"taxonomy":"product_cat","embeddable":true,"href":"https:\/\/partyinabox.dk\/party\/wp-json\/wp\/v2\/product_cat?post=43373"},{"taxonomy":"product_tag","embeddable":true,"href":"https:\/\/partyinabox.dk\/party\/wp-json\/wp\/v2\/product_tag?post=43373"}],"curies":[{"name":"wp","href":"https:\/\/api.w.org\/{rel}","templated":true}]}}