{"id":43353,"date":"2025-06-10T00:00:00","date_gmt":"2025-06-09T22:00:00","guid":{"rendered":"https:\/\/partyinabox.dk\/party\/?post_type=product&#038;p=43353"},"modified":"2026-04-15T17:20:34","modified_gmt":"2026-04-15T15:20:34","slug":"rosa-bride-to-be-folie-ballon","status":"publish","type":"product","link":"https:\/\/partyinabox.dk\/party\/vare\/rosa-bride-to-be-folie-ballon\/","title":{"rendered":"Rosa &#8220;Bride to be&#8221; folie ballon"},"content":{"rendered":"<p>Skal du holde polterabend og mangler prikken over i&#8217;et? S\u00e5 er det denne folie ballon du skal have fat i.<\/p>\n<p>Bride to be bogstaver er i rosa\/pink batik m\u00f8nster og kan nemt h\u00e6nges op eller s\u00e6ttes fast p\u00e5 v\u00e6ggen.<\/p>\n<p>Pust dem op med suger\u00f8r og gl\u00e6d den kommende brud.<\/p>\n<p>M\u00e5l: 35 cm.<\/p>\n","protected":false},"excerpt":{"rendered":"<p>Skal du holde polterabend og mangler prikken over i&#8217;et? S\u00e5 er det denne folie ballon du skal have fat i. Bride to be bogstaver er i rosa\/pink batik m\u00f8nster og kan nemt h\u00e6nges op eller s\u00e6ttes fast p\u00e5 v\u00e6ggen. Pust [&hellip;]<\/p>\n","protected":false},"featured_media":43355,"template":"","meta":{"_acf_changed":false},"product_brand":[],"product_cat":[30,60],"product_tag":[],"class_list":{"0":"post-43353","1":"product","2":"type-product","3":"status-publish","4":"has-post-thumbnail","6":"product_cat-balloner","7":"product_cat-folie-bogstaver","9":"first","10":"instock","11":"taxable","12":"shipping-taxable","13":"purchasable","14":"product-type-simple"},"bundled_by":[],"bundle_stock_status":"instock","bundle_stock_quantity":63,"bundle_virtual":false,"bundle_layout":"","bundle_add_to_cart_form_location":"","bundle_editable_in_cart":false,"bundle_sold_individually_context":"","bundle_item_grouping":"","bundle_min_size":"","bundle_max_size":"","bundle_price":[],"bundled_items":[],"bundle_sell_ids":[],"acf":[],"tiered_pricing_type":"fixed","tiered_pricing_fixed_rules":[],"tiered_pricing_product_settings":{"layout":"default","base_unit_name":{"singular":null,"plural":null},"default_variation":null},"tiered_pricing_minimum_quantity":null,"tiered_pricing_roles_data":[],"tiered_pricing_percentage_rules":[],"tiered_pricing_maximum_quantity":null,"tiered_pricing_quantity_step":null,"_links":{"self":[{"href":"https:\/\/partyinabox.dk\/party\/wp-json\/wp\/v2\/product\/43353","targetHints":{"allow":["GET"]}}],"collection":[{"href":"https:\/\/partyinabox.dk\/party\/wp-json\/wp\/v2\/product"}],"about":[{"href":"https:\/\/partyinabox.dk\/party\/wp-json\/wp\/v2\/types\/product"}],"wp:featuredmedia":[{"embeddable":true,"href":"https:\/\/partyinabox.dk\/party\/wp-json\/wp\/v2\/media\/43355"}],"wp:attachment":[{"href":"https:\/\/partyinabox.dk\/party\/wp-json\/wp\/v2\/media?parent=43353"}],"wp:term":[{"taxonomy":"product_brand","embeddable":true,"href":"https:\/\/partyinabox.dk\/party\/wp-json\/wp\/v2\/product_brand?post=43353"},{"taxonomy":"product_cat","embeddable":true,"href":"https:\/\/partyinabox.dk\/party\/wp-json\/wp\/v2\/product_cat?post=43353"},{"taxonomy":"product_tag","embeddable":true,"href":"https:\/\/partyinabox.dk\/party\/wp-json\/wp\/v2\/product_tag?post=43353"}],"curies":[{"name":"wp","href":"https:\/\/api.w.org\/{rel}","templated":true}]}}