{"id":43222,"date":"2023-02-09T00:00:00","date_gmt":"2023-02-08T23:00:00","guid":{"rendered":"https:\/\/partyinabox.dk\/party\/?post_type=product&#038;p=43222"},"modified":"2026-03-26T03:37:26","modified_gmt":"2026-03-26T02:37:26","slug":"stoev-groen-hvid-pompom-saet","status":"publish","type":"product","link":"https:\/\/partyinabox.dk\/party\/vare\/stoev-groen-hvid-pompom-saet\/","title":{"rendered":"St\u00f8v gr\u00f8n\/hvid pompom s\u00e6t"},"content":{"rendered":"<p>Pynt flot op til dit natur bryllup, konfirmation, barned\u00e5b eller f\u00f8dselsdag med dette sk\u00f8nne st\u00f8v gr\u00f8nne og hvide pompom s\u00e6t. H\u00e6ng pompom&#8217;erne ned fra loftet eller i tr\u00e6er i forskellig h\u00f8jder, eller l\u00e6g dem p\u00e5 bordet som &#8220;blomster&#8221;. H\u00e6ng dem op med den medf\u00f8lgende hvide snor, eller med fiskesn\u00f8re (tilk\u00f8b), hvis oph\u00e6nget ikke skal kunne ses. <strong>HUSK<\/strong> at s\u00e6tte god tid af til at samle pompom&#8217;erne f\u00f8r festen &#8211; hver lag af silkepapir skal nemlig adskilles og &#8220;fluffes&#8221; for at forme pompom&#8217;en. Det tager tid. Indhold: 5 stk. pompom&#8217;er + 2 meter hvid snor \/ M\u00e5l: 2 x 20 cm + 3 x 35 cm<\/p>\n","protected":false},"excerpt":{"rendered":"<p>Pynt flot op til dit natur bryllup, konfirmation, barned\u00e5b eller f\u00f8dselsdag med dette sk\u00f8nne st\u00f8v gr\u00f8nne og hvide pompom s\u00e6t. H\u00e6ng pompom&#8217;erne ned fra loftet eller i tr\u00e6er i forskellig h\u00f8jder, eller l\u00e6g dem p\u00e5 bordet som &#8220;blomster&#8221;. H\u00e6ng dem [&hellip;]<\/p>\n","protected":false},"featured_media":43223,"template":"","meta":{"_acf_changed":false},"product_brand":[],"product_cat":[19,31],"product_tag":[],"class_list":{"0":"post-43222","1":"product","2":"type-product","3":"status-publish","4":"has-post-thumbnail","6":"product_cat-pynt","7":"product_cat-til-loftet","9":"first","10":"outofstock","11":"taxable","12":"shipping-taxable","13":"purchasable","14":"product-type-simple"},"bundled_by":[],"bundle_stock_status":"outofstock","bundle_stock_quantity":0,"bundle_virtual":false,"bundle_layout":"","bundle_add_to_cart_form_location":"","bundle_editable_in_cart":false,"bundle_sold_individually_context":"","bundle_item_grouping":"","bundle_min_size":"","bundle_max_size":"","bundle_price":[],"bundled_items":[],"bundle_sell_ids":[],"acf":[],"tiered_pricing_type":"fixed","tiered_pricing_fixed_rules":[],"tiered_pricing_product_settings":{"layout":"default","base_unit_name":{"singular":null,"plural":null},"default_variation":null},"tiered_pricing_minimum_quantity":null,"tiered_pricing_roles_data":[],"tiered_pricing_percentage_rules":[],"tiered_pricing_maximum_quantity":null,"tiered_pricing_quantity_step":null,"_links":{"self":[{"href":"https:\/\/partyinabox.dk\/party\/wp-json\/wp\/v2\/product\/43222","targetHints":{"allow":["GET"]}}],"collection":[{"href":"https:\/\/partyinabox.dk\/party\/wp-json\/wp\/v2\/product"}],"about":[{"href":"https:\/\/partyinabox.dk\/party\/wp-json\/wp\/v2\/types\/product"}],"wp:featuredmedia":[{"embeddable":true,"href":"https:\/\/partyinabox.dk\/party\/wp-json\/wp\/v2\/media\/43223"}],"wp:attachment":[{"href":"https:\/\/partyinabox.dk\/party\/wp-json\/wp\/v2\/media?parent=43222"}],"wp:term":[{"taxonomy":"product_brand","embeddable":true,"href":"https:\/\/partyinabox.dk\/party\/wp-json\/wp\/v2\/product_brand?post=43222"},{"taxonomy":"product_cat","embeddable":true,"href":"https:\/\/partyinabox.dk\/party\/wp-json\/wp\/v2\/product_cat?post=43222"},{"taxonomy":"product_tag","embeddable":true,"href":"https:\/\/partyinabox.dk\/party\/wp-json\/wp\/v2\/product_tag?post=43222"}],"curies":[{"name":"wp","href":"https:\/\/api.w.org\/{rel}","templated":true}]}}