{"id":43052,"date":"2023-03-23T00:00:00","date_gmt":"2023-03-22T23:00:00","guid":{"rendered":"https:\/\/partyinabox.dk\/party\/?post_type=product&#038;p=43052"},"modified":"2026-03-25T12:29:41","modified_gmt":"2026-03-25T11:29:41","slug":"roed-hvid-banner-tillykke","status":"publish","type":"product","link":"https:\/\/partyinabox.dk\/party\/vare\/roed-hvid-banner-tillykke\/","title":{"rendered":"R\u00f8d\/hvid banner &#8220;Tillykke&#8221;"},"content":{"rendered":"<p>Pynt flot op til f.eks. f\u00f8dselsdag eller studenterfest \/ studentergilde med denne hvide flag banner med r\u00f8d TILLYKKE skrift. H\u00e6ng den op med f.eks. kroge eller kl\u00e6bes\u00f8m. Indhold: 1 stk. \/ M\u00e5l: 3, 6 meter (L) \/ 17 x 23 cm (flag)<\/p>\n","protected":false},"excerpt":{"rendered":"<p>Pynt flot op til f.eks. f\u00f8dselsdag eller studenterfest \/ studentergilde med denne hvide flag banner med r\u00f8d TILLYKKE skrift. H\u00e6ng den op med f.eks. kroge eller kl\u00e6bes\u00f8m. Indhold: 1 stk. \/ M\u00e5l: 3, 6 meter (L) \/ 17 x 23 [&hellip;]<\/p>\n","protected":false},"featured_media":43053,"template":"","meta":{"_acf_changed":false},"product_brand":[],"product_cat":[31],"product_tag":[],"class_list":{"0":"post-43052","1":"product","2":"type-product","3":"status-publish","4":"has-post-thumbnail","6":"product_cat-til-loftet","8":"first","9":"instock","10":"taxable","11":"shipping-taxable","12":"purchasable","13":"product-type-simple"},"bundled_by":[],"bundle_stock_status":"instock","bundle_stock_quantity":152,"bundle_virtual":false,"bundle_layout":"","bundle_add_to_cart_form_location":"","bundle_editable_in_cart":false,"bundle_sold_individually_context":"","bundle_item_grouping":"","bundle_min_size":"","bundle_max_size":"","bundle_price":[],"bundled_items":[],"bundle_sell_ids":[],"acf":[],"tiered_pricing_type":"fixed","tiered_pricing_fixed_rules":[],"tiered_pricing_product_settings":{"layout":"default","base_unit_name":{"singular":null,"plural":null},"default_variation":null},"tiered_pricing_minimum_quantity":null,"tiered_pricing_roles_data":[],"tiered_pricing_percentage_rules":[],"tiered_pricing_maximum_quantity":null,"tiered_pricing_quantity_step":null,"_links":{"self":[{"href":"https:\/\/partyinabox.dk\/party\/wp-json\/wp\/v2\/product\/43052","targetHints":{"allow":["GET"]}}],"collection":[{"href":"https:\/\/partyinabox.dk\/party\/wp-json\/wp\/v2\/product"}],"about":[{"href":"https:\/\/partyinabox.dk\/party\/wp-json\/wp\/v2\/types\/product"}],"wp:featuredmedia":[{"embeddable":true,"href":"https:\/\/partyinabox.dk\/party\/wp-json\/wp\/v2\/media\/43053"}],"wp:attachment":[{"href":"https:\/\/partyinabox.dk\/party\/wp-json\/wp\/v2\/media?parent=43052"}],"wp:term":[{"taxonomy":"product_brand","embeddable":true,"href":"https:\/\/partyinabox.dk\/party\/wp-json\/wp\/v2\/product_brand?post=43052"},{"taxonomy":"product_cat","embeddable":true,"href":"https:\/\/partyinabox.dk\/party\/wp-json\/wp\/v2\/product_cat?post=43052"},{"taxonomy":"product_tag","embeddable":true,"href":"https:\/\/partyinabox.dk\/party\/wp-json\/wp\/v2\/product_tag?post=43052"}],"curies":[{"name":"wp","href":"https:\/\/api.w.org\/{rel}","templated":true}]}}