{"id":42961,"date":"2023-02-17T00:00:00","date_gmt":"2023-02-16T23:00:00","guid":{"rendered":"https:\/\/partyinabox.dk\/party\/?post_type=product&#038;p=42961"},"modified":"2026-04-21T16:51:30","modified_gmt":"2026-04-21T14:51:30","slug":"rosegold-kage-pynt-bride-to-be","status":"publish","type":"product","link":"https:\/\/partyinabox.dk\/party\/vare\/rosegold-kage-pynt-bride-to-be\/","title":{"rendered":"Rosegold kage pynt &#8220;Bride to be&#8221;"},"content":{"rendered":"<p>Skal I snart holde en polterabend og mangler noget flot til kagen? S\u00e5 er denne rosegold &#8220;Bride to be&#8221; cake topper helt perfekt. Den er nem at s\u00e6tte i kagen og ser ogs\u00e5 p\u00e6nt ud. M\u00e5l: 17,5 cm.<\/p>\n","protected":false},"excerpt":{"rendered":"<p>Skal I snart holde en polterabend og mangler noget flot til kagen? S\u00e5 er denne rosegold &#8220;Bride to be&#8221; cake topper helt perfekt. Den er nem at s\u00e6tte i kagen og ser ogs\u00e5 p\u00e6nt ud. M\u00e5l: 17,5 cm.<\/p>\n","protected":false},"featured_media":42962,"template":"","meta":{"_acf_changed":false},"product_brand":[],"product_cat":[33],"product_tag":[],"class_list":{"0":"post-42961","1":"product","2":"type-product","3":"status-publish","4":"has-post-thumbnail","6":"product_cat-til-kagen","8":"first","9":"instock","10":"taxable","11":"shipping-taxable","12":"purchasable","13":"product-type-simple"},"bundled_by":[],"bundle_stock_status":"instock","bundle_stock_quantity":16,"bundle_virtual":false,"bundle_layout":"","bundle_add_to_cart_form_location":"","bundle_editable_in_cart":false,"bundle_sold_individually_context":"","bundle_item_grouping":"","bundle_min_size":"","bundle_max_size":"","bundle_price":[],"bundled_items":[],"bundle_sell_ids":[],"acf":[],"tiered_pricing_type":"fixed","tiered_pricing_fixed_rules":[],"tiered_pricing_product_settings":{"layout":"default","base_unit_name":{"singular":null,"plural":null},"default_variation":null},"tiered_pricing_minimum_quantity":null,"tiered_pricing_roles_data":[],"tiered_pricing_percentage_rules":[],"tiered_pricing_maximum_quantity":null,"tiered_pricing_quantity_step":null,"_links":{"self":[{"href":"https:\/\/partyinabox.dk\/party\/wp-json\/wp\/v2\/product\/42961","targetHints":{"allow":["GET"]}}],"collection":[{"href":"https:\/\/partyinabox.dk\/party\/wp-json\/wp\/v2\/product"}],"about":[{"href":"https:\/\/partyinabox.dk\/party\/wp-json\/wp\/v2\/types\/product"}],"wp:featuredmedia":[{"embeddable":true,"href":"https:\/\/partyinabox.dk\/party\/wp-json\/wp\/v2\/media\/42962"}],"wp:attachment":[{"href":"https:\/\/partyinabox.dk\/party\/wp-json\/wp\/v2\/media?parent=42961"}],"wp:term":[{"taxonomy":"product_brand","embeddable":true,"href":"https:\/\/partyinabox.dk\/party\/wp-json\/wp\/v2\/product_brand?post=42961"},{"taxonomy":"product_cat","embeddable":true,"href":"https:\/\/partyinabox.dk\/party\/wp-json\/wp\/v2\/product_cat?post=42961"},{"taxonomy":"product_tag","embeddable":true,"href":"https:\/\/partyinabox.dk\/party\/wp-json\/wp\/v2\/product_tag?post=42961"}],"curies":[{"name":"wp","href":"https:\/\/api.w.org\/{rel}","templated":true}]}}