{"id":42865,"date":"2023-12-04T00:00:00","date_gmt":"2023-12-03T23:00:00","guid":{"rendered":"https:\/\/partyinabox.dk\/party\/?post_type=product&#038;p=42865"},"modified":"2026-03-16T08:31:35","modified_gmt":"2026-03-16T07:31:35","slug":"ballon-box-valentinsdag-hund","status":"publish","type":"product","link":"https:\/\/partyinabox.dk\/party\/vare\/ballon-box-valentinsdag-hund\/","title":{"rendered":"Ballon box &#8220;I Love U&#8221; hund m\/godbidder"},"content":{"rendered":"","protected":false},"excerpt":{"rendered":"<p>Har du en firbenet ven, som st\u00e5r dit hjerte n\u00e6rt? Eller m\u00e5ske en s\u00f8d hundelufter i dit liv? \ud83e\udd70\ud83d\udc36 S\u00e5 send en k\u00e6rlig hilsen med l\u00e6kker godbidder til hunden og en s\u00f8d hundeballon!\ud83c\udf88<\/p>\n<p>FICCARO Chicken and Pollock Hearts godbidder er en lille hjerteformet hapser til din hund med lavt fedt indhold og UDEN sorbitol, gluten, GMO eller hvede.<\/p>\n<p>Den sv\u00e6vende hunde ballon bliver bundet til posen med de l\u00e6kre FICCARO kylling godbidder \ud83e\udd17 Ballonen bliver leveret i en stor papkasse, som den sv\u00e6ver fint op af n\u00e5r den bliver \u00e5bnet \u2013 til gl\u00e6delig overraskelse for din hund \ud83d\ude0d<\/p>\n<p>Se hvordan det ser ud her:<\/p>\n<p>https:\/\/youtube.com\/shorts\/RBeWN2zhO4I<\/p>\n<p><strong>Levering:<\/strong><\/p>\n<p>Bestil <strong>inden kl. 12.00<\/strong> p\u00e5 hverdage og f\u00e5 ballon boxen leveret dagen efter. Er leveringsdatoen for ballon boxen i en weekend, bliver boxen sendt om torsdagen med levering hos modtageren fredag.<\/p>\n<p><strong>OBS:<\/strong> Hver ballon buket bliver sendt i sin egen kasse. Du skal derfor betale fragt for hver ballon box du bestiller.<\/p>\n<p>&nbsp;<\/p>\n<h5><strong>FICCARO Chicken and Pollock Hearts godbidder (100 g):<\/strong><\/h5>\n<h5>Sammens\u00e6tning: 49% Kylling, 9% Sej.<\/h5>\n<h5>Analyse: R\u00e5protein: 28% \/ R\u00e5fedt: 1% \/ Tr\u00e6stof: 1% \/ R\u00e5aske: 4% \/ Vand: 28%<\/h5>\n","protected":false},"featured_media":42871,"template":"","meta":{"_acf_changed":false},"product_brand":[],"product_cat":[30],"product_tag":[],"class_list":{"0":"post-42865","1":"product","2":"type-product","3":"status-publish","4":"has-post-thumbnail","6":"product_cat-balloner","7":"product_shipping_class-egen-pakke","9":"first","10":"outofstock","11":"taxable","12":"shipping-taxable","13":"purchasable","14":"product-type-simple"},"bundled_by":[],"bundle_stock_status":"outofstock","bundle_stock_quantity":null,"bundle_virtual":false,"bundle_layout":"","bundle_add_to_cart_form_location":"","bundle_editable_in_cart":false,"bundle_sold_individually_context":"","bundle_item_grouping":"","bundle_min_size":"","bundle_max_size":"","bundle_price":[],"bundled_items":[],"bundle_sell_ids":[],"acf":[],"tiered_pricing_type":"fixed","tiered_pricing_fixed_rules":[],"tiered_pricing_product_settings":{"layout":"default","base_unit_name":{"singular":null,"plural":null},"default_variation":null},"tiered_pricing_minimum_quantity":null,"tiered_pricing_roles_data":[],"tiered_pricing_percentage_rules":[],"tiered_pricing_maximum_quantity":null,"tiered_pricing_quantity_step":null,"_links":{"self":[{"href":"https:\/\/partyinabox.dk\/party\/wp-json\/wp\/v2\/product\/42865","targetHints":{"allow":["GET"]}}],"collection":[{"href":"https:\/\/partyinabox.dk\/party\/wp-json\/wp\/v2\/product"}],"about":[{"href":"https:\/\/partyinabox.dk\/party\/wp-json\/wp\/v2\/types\/product"}],"wp:featuredmedia":[{"embeddable":true,"href":"https:\/\/partyinabox.dk\/party\/wp-json\/wp\/v2\/media\/42871"}],"wp:attachment":[{"href":"https:\/\/partyinabox.dk\/party\/wp-json\/wp\/v2\/media?parent=42865"}],"wp:term":[{"taxonomy":"product_brand","embeddable":true,"href":"https:\/\/partyinabox.dk\/party\/wp-json\/wp\/v2\/product_brand?post=42865"},{"taxonomy":"product_cat","embeddable":true,"href":"https:\/\/partyinabox.dk\/party\/wp-json\/wp\/v2\/product_cat?post=42865"},{"taxonomy":"product_tag","embeddable":true,"href":"https:\/\/partyinabox.dk\/party\/wp-json\/wp\/v2\/product_tag?post=42865"}],"curies":[{"name":"wp","href":"https:\/\/api.w.org\/{rel}","templated":true}]}}