{"id":42699,"date":"2023-01-20T11:21:17","date_gmt":"2023-01-20T10:21:17","guid":{"rendered":"https:\/\/partyinabox.dk\/party\/?post_type=product&#038;p=42699"},"modified":"2026-04-20T21:23:46","modified_gmt":"2026-04-20T19:23:46","slug":"lyseblaa-skraabaand-m-guld-mom-to-be","status":"publish","type":"product","link":"https:\/\/partyinabox.dk\/party\/vare\/lyseblaa-skraabaand-m-guld-mom-to-be\/","title":{"rendered":"Lysebl\u00e5 skr\u00e5b\u00e5nd m\/guld &#8220;Mom to be&#8221;"},"content":{"rendered":"<p>Det lysebl\u00e5 skr\u00e5b\u00e5nd er perfekt til den kommende mor, I skal holde et baby shower for. P\u00e5 det fine b\u00e5nd st\u00e5r der skrevet Mom to be og med guld hjerter. B\u00e5ndet bindes sammen med et bl\u00e5t satin b\u00e5nd. M\u00e5l: 75 cm. Onesize.<\/p>\n","protected":false},"excerpt":{"rendered":"<p>Det lysebl\u00e5 skr\u00e5b\u00e5nd er perfekt til den kommende mor, I skal holde et baby shower for. P\u00e5 det fine b\u00e5nd st\u00e5r der skrevet Mom to be og med guld hjerter. B\u00e5ndet bindes sammen med et bl\u00e5t satin b\u00e5nd. M\u00e5l: 75 [&hellip;]<\/p>\n","protected":false},"featured_media":42700,"template":"","meta":{"_acf_changed":false},"product_brand":[],"product_cat":[34],"product_tag":[],"class_list":{"0":"post-42699","1":"product","2":"type-product","3":"status-publish","4":"has-post-thumbnail","6":"product_cat-accessories","8":"first","9":"instock","10":"taxable","11":"shipping-taxable","12":"purchasable","13":"product-type-simple"},"bundled_by":[],"bundle_stock_status":"instock","bundle_stock_quantity":201,"bundle_virtual":false,"bundle_layout":"","bundle_add_to_cart_form_location":"","bundle_editable_in_cart":false,"bundle_sold_individually_context":"","bundle_item_grouping":"","bundle_min_size":"","bundle_max_size":"","bundle_price":[],"bundled_items":[],"bundle_sell_ids":[],"acf":[],"tiered_pricing_type":"fixed","tiered_pricing_fixed_rules":[],"tiered_pricing_product_settings":{"layout":"default","base_unit_name":{"singular":null,"plural":null},"default_variation":null},"tiered_pricing_minimum_quantity":null,"tiered_pricing_roles_data":[],"tiered_pricing_percentage_rules":[],"tiered_pricing_maximum_quantity":null,"tiered_pricing_quantity_step":null,"_links":{"self":[{"href":"https:\/\/partyinabox.dk\/party\/wp-json\/wp\/v2\/product\/42699","targetHints":{"allow":["GET"]}}],"collection":[{"href":"https:\/\/partyinabox.dk\/party\/wp-json\/wp\/v2\/product"}],"about":[{"href":"https:\/\/partyinabox.dk\/party\/wp-json\/wp\/v2\/types\/product"}],"wp:featuredmedia":[{"embeddable":true,"href":"https:\/\/partyinabox.dk\/party\/wp-json\/wp\/v2\/media\/42700"}],"wp:attachment":[{"href":"https:\/\/partyinabox.dk\/party\/wp-json\/wp\/v2\/media?parent=42699"}],"wp:term":[{"taxonomy":"product_brand","embeddable":true,"href":"https:\/\/partyinabox.dk\/party\/wp-json\/wp\/v2\/product_brand?post=42699"},{"taxonomy":"product_cat","embeddable":true,"href":"https:\/\/partyinabox.dk\/party\/wp-json\/wp\/v2\/product_cat?post=42699"},{"taxonomy":"product_tag","embeddable":true,"href":"https:\/\/partyinabox.dk\/party\/wp-json\/wp\/v2\/product_tag?post=42699"}],"curies":[{"name":"wp","href":"https:\/\/api.w.org\/{rel}","templated":true}]}}