{"id":42669,"date":"2023-01-20T09:38:41","date_gmt":"2023-01-20T08:38:41","guid":{"rendered":"https:\/\/partyinabox.dk\/party\/?post_type=product&#038;p=42669"},"modified":"2026-04-21T06:29:04","modified_gmt":"2026-04-21T04:29:04","slug":"lyseblaa-billede-ramme-banner-m-tal-og-hval","status":"publish","type":"product","link":"https:\/\/partyinabox.dk\/party\/vare\/lyseblaa-billede-ramme-banner-m-tal-og-hval\/","title":{"rendered":"Lysebl\u00e5 billede ramme banner m\/tal og hval"},"content":{"rendered":"<p>Denne super fine banner med billederammer er perfekt til 1 \u00e5rs f\u00f8dselsdag, hvor du kan s\u00e6tte et billede ind m\u00e5ned for m\u00e5ned(1-12), indtil dit barn er fyldt \u00e5r. Der er 12 billederammer i forskellige farver og med en hval i hver ende af banneret. Vil ogs\u00e5 sagtnes kunne bruges til Baby Shower og D\u00e5b.<\/p>\n<p>Den indvendige ramme er ca. H 9 x B 7 cm, s\u00e5 det ca. den st\u00f8rrelse fotoet skal v\u00e6re. Fotoet kan s\u00e6ttes fast bagp\u00e5 n\u00e5r de monteret i rammen<\/p>\n<p>M\u00e5l: 10,5 x 15 cm.<\/p>\n","protected":false},"excerpt":{"rendered":"<p>Denne super fine banner med billederammer er perfekt til 1 \u00e5rs f\u00f8dselsdag, hvor du kan s\u00e6tte et billede ind m\u00e5ned for m\u00e5ned(1-12), indtil dit barn er fyldt \u00e5r. Der er 12 billederammer i forskellige farver og med en hval i [&hellip;]<\/p>\n","protected":false},"featured_media":42671,"template":"","meta":{"_acf_changed":false},"product_brand":[],"product_cat":[19,31],"product_tag":[],"class_list":{"0":"post-42669","1":"product","2":"type-product","3":"status-publish","4":"has-post-thumbnail","6":"product_cat-pynt","7":"product_cat-til-loftet","9":"first","10":"instock","11":"taxable","12":"shipping-taxable","13":"purchasable","14":"product-type-simple"},"bundled_by":[],"bundle_stock_status":"instock","bundle_stock_quantity":75,"bundle_virtual":false,"bundle_layout":"","bundle_add_to_cart_form_location":"","bundle_editable_in_cart":false,"bundle_sold_individually_context":"","bundle_item_grouping":"","bundle_min_size":"","bundle_max_size":"","bundle_price":[],"bundled_items":[],"bundle_sell_ids":[],"acf":[],"tiered_pricing_type":"fixed","tiered_pricing_fixed_rules":[],"tiered_pricing_product_settings":{"layout":"default","base_unit_name":{"singular":null,"plural":null},"default_variation":null},"tiered_pricing_minimum_quantity":null,"tiered_pricing_roles_data":[],"tiered_pricing_percentage_rules":[],"tiered_pricing_maximum_quantity":null,"tiered_pricing_quantity_step":null,"_links":{"self":[{"href":"https:\/\/partyinabox.dk\/party\/wp-json\/wp\/v2\/product\/42669","targetHints":{"allow":["GET"]}}],"collection":[{"href":"https:\/\/partyinabox.dk\/party\/wp-json\/wp\/v2\/product"}],"about":[{"href":"https:\/\/partyinabox.dk\/party\/wp-json\/wp\/v2\/types\/product"}],"wp:featuredmedia":[{"embeddable":true,"href":"https:\/\/partyinabox.dk\/party\/wp-json\/wp\/v2\/media\/42671"}],"wp:attachment":[{"href":"https:\/\/partyinabox.dk\/party\/wp-json\/wp\/v2\/media?parent=42669"}],"wp:term":[{"taxonomy":"product_brand","embeddable":true,"href":"https:\/\/partyinabox.dk\/party\/wp-json\/wp\/v2\/product_brand?post=42669"},{"taxonomy":"product_cat","embeddable":true,"href":"https:\/\/partyinabox.dk\/party\/wp-json\/wp\/v2\/product_cat?post=42669"},{"taxonomy":"product_tag","embeddable":true,"href":"https:\/\/partyinabox.dk\/party\/wp-json\/wp\/v2\/product_tag?post=42669"}],"curies":[{"name":"wp","href":"https:\/\/api.w.org\/{rel}","templated":true}]}}