{"id":40856,"date":"2025-10-27T00:00:00","date_gmt":"2025-10-26T23:00:00","guid":{"rendered":"https:\/\/partyinabox.dk\/party\/?post_type=product&#038;p=40856"},"modified":"2026-03-13T11:06:27","modified_gmt":"2026-03-13T10:06:27","slug":"bordloeber-m-sort-pailletter","status":"publish","type":"product","link":"https:\/\/partyinabox.dk\/party\/vare\/bordloeber-m-sort-pailletter\/","title":{"rendered":"Bordl\u00f8ber m\/ sort palietter"},"content":{"rendered":"<p>Giv dit bord det ekstra WOW med denne flotte bordl\u00f8ber med sort palietter &#8211; lige til at pynte bordet med til f.eks. nyt\u00e5r, julefrokost, guld fest, f\u00f8dselsdag eller polterabend. M\u00e5l: 28 cm x 3 meter.<\/p>\n","protected":false},"excerpt":{"rendered":"<p>Giv dit bord det ekstra WOW med denne flotte bordl\u00f8ber med sort palietter &#8211; lige til at pynte bordet med til f.eks. nyt\u00e5r, julefrokost, guld fest, f\u00f8dselsdag eller polterabend. M\u00e5l: 28 cm x 3 meter.<\/p>\n","protected":false},"featured_media":41194,"template":"","meta":{"_acf_changed":false},"product_brand":[],"product_cat":[32],"product_tag":[],"class_list":{"0":"post-40856","1":"product","2":"type-product","3":"status-publish","4":"has-post-thumbnail","6":"product_cat-service","8":"first","9":"instock","10":"taxable","11":"shipping-taxable","12":"purchasable","13":"product-type-simple"},"bundled_by":[],"bundle_stock_status":"instock","bundle_stock_quantity":40,"bundle_virtual":false,"bundle_layout":"","bundle_add_to_cart_form_location":"","bundle_editable_in_cart":false,"bundle_sold_individually_context":"","bundle_item_grouping":"","bundle_min_size":"","bundle_max_size":"","bundle_price":[],"bundled_items":[],"bundle_sell_ids":[],"acf":[],"tiered_pricing_type":"fixed","tiered_pricing_fixed_rules":[],"tiered_pricing_product_settings":{"layout":"default","base_unit_name":{"singular":null,"plural":null},"default_variation":null},"tiered_pricing_minimum_quantity":null,"tiered_pricing_roles_data":[],"tiered_pricing_percentage_rules":[],"tiered_pricing_maximum_quantity":null,"tiered_pricing_quantity_step":null,"_links":{"self":[{"href":"https:\/\/partyinabox.dk\/party\/wp-json\/wp\/v2\/product\/40856","targetHints":{"allow":["GET"]}}],"collection":[{"href":"https:\/\/partyinabox.dk\/party\/wp-json\/wp\/v2\/product"}],"about":[{"href":"https:\/\/partyinabox.dk\/party\/wp-json\/wp\/v2\/types\/product"}],"wp:featuredmedia":[{"embeddable":true,"href":"https:\/\/partyinabox.dk\/party\/wp-json\/wp\/v2\/media\/41194"}],"wp:attachment":[{"href":"https:\/\/partyinabox.dk\/party\/wp-json\/wp\/v2\/media?parent=40856"}],"wp:term":[{"taxonomy":"product_brand","embeddable":true,"href":"https:\/\/partyinabox.dk\/party\/wp-json\/wp\/v2\/product_brand?post=40856"},{"taxonomy":"product_cat","embeddable":true,"href":"https:\/\/partyinabox.dk\/party\/wp-json\/wp\/v2\/product_cat?post=40856"},{"taxonomy":"product_tag","embeddable":true,"href":"https:\/\/partyinabox.dk\/party\/wp-json\/wp\/v2\/product_tag?post=40856"}],"curies":[{"name":"wp","href":"https:\/\/api.w.org\/{rel}","templated":true}]}}