{"id":40851,"date":"2025-11-07T00:00:00","date_gmt":"2025-11-06T23:00:00","guid":{"rendered":"https:\/\/partyinabox.dk\/party\/?post_type=product&#038;p=40851"},"modified":"2026-03-31T14:34:49","modified_gmt":"2026-03-31T12:34:49","slug":"drinks-pynt-guld","status":"publish","type":"product","link":"https:\/\/partyinabox.dk\/party\/vare\/drinks-pynt-guld\/","title":{"rendered":"Guld drinks pynt s\u00e6t"},"content":{"rendered":"<p>I det her s\u00e6t har du alt pynt du skal bruge til dine drinks og cocktails. Du f\u00e5r 40 dele; 10 stk. paraplyer, 20 stk. suger\u00f8r med guld springvand og 10 stk. guld springvand p\u00e5 tr\u00e6pind der nemt kan s\u00e6ttes ned i din drink. Helt oplagt til nyt\u00e5r, julefrokost eller rund f\u00f8dselsdag.<\/p>\n<p>Indhold: 40 stk.<\/p>\n","protected":false},"excerpt":{"rendered":"<p>I det her s\u00e6t har du alt pynt du skal bruge til dine drinks og cocktails. Du f\u00e5r 40 dele; 10 stk. paraplyer, 20 stk. suger\u00f8r med guld springvand og 10 stk. guld springvand p\u00e5 tr\u00e6pind der nemt kan s\u00e6ttes [&hellip;]<\/p>\n","protected":false},"featured_media":53009,"template":"","meta":{"_acf_changed":false},"product_brand":[],"product_cat":[32],"product_tag":[],"class_list":{"0":"post-40851","1":"product","2":"type-product","3":"status-publish","4":"has-post-thumbnail","6":"product_cat-service","8":"first","9":"instock","10":"taxable","11":"shipping-taxable","12":"purchasable","13":"product-type-simple"},"bundled_by":[],"bundle_stock_status":"instock","bundle_stock_quantity":152,"bundle_virtual":false,"bundle_layout":"","bundle_add_to_cart_form_location":"","bundle_editable_in_cart":false,"bundle_sold_individually_context":"","bundle_item_grouping":"","bundle_min_size":"","bundle_max_size":"","bundle_price":[],"bundled_items":[],"bundle_sell_ids":[],"acf":[],"tiered_pricing_type":"fixed","tiered_pricing_fixed_rules":[],"tiered_pricing_product_settings":{"layout":"default","base_unit_name":{"singular":null,"plural":null},"default_variation":null},"tiered_pricing_minimum_quantity":null,"tiered_pricing_roles_data":[],"tiered_pricing_percentage_rules":[],"tiered_pricing_maximum_quantity":null,"tiered_pricing_quantity_step":null,"_links":{"self":[{"href":"https:\/\/partyinabox.dk\/party\/wp-json\/wp\/v2\/product\/40851","targetHints":{"allow":["GET"]}}],"collection":[{"href":"https:\/\/partyinabox.dk\/party\/wp-json\/wp\/v2\/product"}],"about":[{"href":"https:\/\/partyinabox.dk\/party\/wp-json\/wp\/v2\/types\/product"}],"wp:featuredmedia":[{"embeddable":true,"href":"https:\/\/partyinabox.dk\/party\/wp-json\/wp\/v2\/media\/53009"}],"wp:attachment":[{"href":"https:\/\/partyinabox.dk\/party\/wp-json\/wp\/v2\/media?parent=40851"}],"wp:term":[{"taxonomy":"product_brand","embeddable":true,"href":"https:\/\/partyinabox.dk\/party\/wp-json\/wp\/v2\/product_brand?post=40851"},{"taxonomy":"product_cat","embeddable":true,"href":"https:\/\/partyinabox.dk\/party\/wp-json\/wp\/v2\/product_cat?post=40851"},{"taxonomy":"product_tag","embeddable":true,"href":"https:\/\/partyinabox.dk\/party\/wp-json\/wp\/v2\/product_tag?post=40851"}],"curies":[{"name":"wp","href":"https:\/\/api.w.org\/{rel}","templated":true}]}}